{"id":994892,"date":"2023-06-20T09:28:22","date_gmt":"2023-06-20T07:28:22","guid":{"rendered":"http:\/\/tandeherbalists.com\/?post_type=product&#038;p=994892"},"modified":"2023-06-20T09:43:50","modified_gmt":"2023-06-20T07:43:50","slug":"labo-lowtyr-suplement-diety","status":"publish","type":"product","link":"https:\/\/tandeherbalists.com\/pl\/produkt\/labo-lowtyr-suplement-diety\/","title":{"rendered":"LABO-LOWTYR Suplement diety"},"content":{"rendered":"\t\t<div data-elementor-type=\"product-post\" data-elementor-id=\"994892\" class=\"elementor elementor-994892\">\n\t\t\t\t\t\t\t\t\t<section class=\"elementor-section elementor-top-section elementor-element elementor-element-7e5ebae5 elementor-section-boxed elementor-section-height-default elementor-section-height-default\" data-id=\"7e5ebae5\" data-element_type=\"section\">\n\t\t\t\t\t\t<div class=\"elementor-container elementor-column-gap-default\">\n\t\t\t\t\t<div class=\"elementor-column elementor-col-100 elementor-top-column elementor-element elementor-element-6e192a9d\" data-id=\"6e192a9d\" data-element_type=\"column\">\n\t\t\t<div class=\"elementor-widget-wrap elementor-element-populated\">\n\t\t\t\t\t\t\t\t<div class=\"elementor-element elementor-element-6686c8eb elementor-widget elementor-widget-text-editor\" data-id=\"6686c8eb\" data-element_type=\"widget\" data-widget_type=\"text-editor.default\">\n\t\t\t\t<div class=\"elementor-widget-container\">\n\t\t\t<style>\/*! elementor - v3.13.3 - 22-05-2023 *\/\n.elementor-widget-text-editor.elementor-drop-cap-view-stacked .elementor-drop-cap{background-color:#69727d;color:#fff}.elementor-widget-text-editor.elementor-drop-cap-view-framed .elementor-drop-cap{color:#69727d;border:3px solid;background-color:transparent}.elementor-widget-text-editor:not(.elementor-drop-cap-view-default) .elementor-drop-cap{margin-top:8px}.elementor-widget-text-editor:not(.elementor-drop-cap-view-default) .elementor-drop-cap-letter{width:1em;height:1em}.elementor-widget-text-editor .elementor-drop-cap{float:left;text-align:center;line-height:1;font-size:50px}.elementor-widget-text-editor .elementor-drop-cap-letter{display:inline-block}<\/style>\t\t\t\t<p><strong>LABO-LOWTYR<\/strong> &#8211; produkt uzupe\u0142niaj\u0105cy diet\u0119 w zio\u0142a, witaminy i minera\u0142y.<\/p><p>Dzi\u0119ki wyj\u0105tkowo starannie opracowanej formule, produkt uzupe\u0142niaj\u0105cy diet\u0119 zawiera sk\u0142adniki niezb\u0119dne do prawid\u0142owego funkcjonowania tarczycy. Zastosowano synergistyczne dobranie 6 zi\u00f3\u0142 (morszczyn, listownica, surmia, sarsaparilla, kozieradka, juka), 3 minera\u0142\u00f3w (jod, selen, cynk) oraz witaminy C, kt\u00f3re wspomagaj\u0105 prawid\u0142ow\u0105 produkcj\u0119 hormon\u00f3w tarczycy i poprawiaj\u0105 funkcjonowanie tarczycy.<\/p><p><img loading=\"lazy\" decoding=\"async\" src=\"http:\/\/tandeherbalists.com\/wp-content\/uploads\/2023\/03\/01-1-scaled.jpg\" alt=\"\" width=\"196\" height=\"261\" \/><\/p><ul><li style=\"list-style-type: none;\"><ul><li style=\"list-style-type: none;\"><ul><li style=\"list-style-type: none;\"><ul><li><p><strong>LABO-LOWTYR<\/strong> &#8211; naturalny suplement diety na niedoczynno\u015b\u0107 tarczycy<\/p><p>Tarczyca jest kluczowym gruczo\u0142em, kt\u00f3ry odpowiada za produkcj\u0119 hormon\u00f3w reguluj\u0105cych przemian\u0119 materii w tkankach. Brak r\u00f3\u017cnorodnych substancji od\u017cywczych w diecie mo\u017ce prowadzi\u0107 do niedoczynno\u015bci tarczycy, kt\u00f3ra objawia si\u0119 mi\u0119dzy innymi chronicznym uczuciem zm\u0119czenia, przyrostem masy cia\u0142a, k\u0142opotami z koncentracj\u0105, uk\u0142adem oddechowym oraz mi\u0119\u015bniami. Dlatego tak wa\u017cne jest dbanie o ten gruczo\u0142. Preparat LABO-LOWTYR to naturalny suplement diety na niedoczynno\u015b\u0107 tarczycy, kt\u00f3ry wspomaga terapi\u0119 choroby Hashimoto i sk\u0142ada si\u0119 z r\u00f3\u017cnorodnych substancji od\u017cywczych, takich jak jod, selen, cynk, witamina C, a tak\u017ce wyci\u0105g\u00f3w z morszczynu, listownicy, kolcoro\u015bli, surmii, juki czy kozieradki.<\/p><p>\u00a0<\/p><p><strong>Sk\u0142adniki i ich w\u0142a\u015bciwo\u015bci:<\/strong><\/p><p>Preparat zawiera wiele sk\u0142adnik\u00f3w, kt\u00f3re wp\u0142ywaj\u0105 korzystnie na funkcjonowanie tarczycy, takich jak<strong> selen<\/strong>, niezb\u0119dny do prawid\u0142owego dzia\u0142ania gruczo\u0142u tarczowego, <strong>jod<\/strong>, kt\u00f3ry pomaga w prawid\u0142owej produkcji hormon\u00f3w tarczycy i w w\u0142a\u015bciwym funkcjonowaniu tarczycy oraz <strong>witamina C<\/strong>, kt\u00f3ra poprawia funkcjonowanie uk\u0142adu odporno\u015bciowego. <strong>Cynk<\/strong> przyczynia si\u0119 do utrzymania prawid\u0142owego metabolizmu makrosk\u0142adnik\u00f3w od\u017cywczych i pomaga we w\u0142a\u015bciwej syntezie bia\u0142ka. <strong>Wyci\u0105gi z morszczynu<\/strong> i <strong>listownicy<\/strong> pobudzaj\u0105 przemian\u0119 materii, korzystnie wp\u0142ywaj\u0105 na czynno\u015bci tarczycy i przyspieszaj\u0105 pasa\u017c tre\u015bci pokarmowej. Wyci\u0105gi z <strong>kolcoro\u015bli<\/strong>, <strong>surmii<\/strong>, <strong>juki<\/strong> i <strong>kozieradki<\/strong> \u0142agodz\u0105 stany zapalne.<\/p><p>\u00a0<\/p><p><strong>Sk\u0142ad kapsu\u0142ki: <\/strong><\/p><p>Hydroksypropylometyloceluloza, w\u0119glan wapnia.<\/p><p>Produkt wega\u0144ski, bezglutenowy.<\/p><p>\u00a0<\/p><p><strong>Zastosowanie:<\/strong><\/p><p>Uzupe\u0142nienie diety w substancje niezb\u0119dne do prawid\u0142owego funkcjonowania tarczycy.<\/p><p>\u00a0<\/p><p><strong>Spos\u00f3b u\u017cycia: <\/strong><\/p><p>1 kapsu\u0142ka 2 razy dziennie, najlepiej rano i wieczorem.<\/p><p>Zaleca si\u0119 spo\u017cywa\u0107 produkt na czczo lub po lekkim posi\u0142ku. Nie nale\u017cy przekracza\u0107 zalecanej dziennej porcji do spo\u017cycia. Suplementy diety nie mog\u0105 by\u0107 stosowane jako substytut (zamiennik) zr\u00f3\u017cnicowanej diety. Zdrowy styl \u017cycia i zbilansowana dieta s\u0105 wa\u017cne dla utrzymania dobrego stanu zdrowia.<\/p><p>W okresie ci\u0105\u017cy i karmienia piersi\u0105, a tak\u017ce przy d\u0142ugotrwa\u0142ym stosowaniu lek\u00f3w, przed u\u017cyciem produktu nale\u017cy skonsultowa\u0107 si\u0119 z lekarzem.<\/p><p>\u00a0<\/p><p><strong>Przechowywanie:<\/strong><\/p><p>Produkt nale\u017cy przechowywa\u0107 w suchym i ch\u0142odnym miejscu, chroni\u0105c przed wilgoci\u0105. Nale\u017cy przechowywa\u0107 w miejscu niedost\u0119pnym dla dzieci.<\/p><\/li><\/ul><\/li><\/ul><\/li><\/ul><\/li><\/ul><p><img loading=\"lazy\" decoding=\"async\" class=\"aligncenter\" src=\"http:\/\/tandeherbalists.com\/wp-content\/uploads\/2023\/03\/all-1-300x150.jpg\" alt=\"\" width=\"300\" height=\"150\" \/><\/p><p>\u017baden z surowc\u00f3w i dodatk\u00f3w u\u017cytych w produkcji nie zawiera nast\u0119puj\u0105cych alergen\u00f3w (Dyrektywa EU 2000\/13 EC, 2006\/142\/EC, 2007\/68 EC): gluten, skorupiaki, jaja, ryby, soja, mleko, orzechy, orzeszki arachidowe, seler, gorczyca, sezam, tlenek siarki, siarczyny, mi\u0119czaki).<\/p>\t\t\t\t\t\t<\/div>\n\t\t\t\t<\/div>\n\t\t\t\t\t<\/div>\n\t\t<\/div>\n\t\t\t\t\t\t\t<\/div>\n\t\t<\/section>\n\t\t\t\t\t\t\t<\/div>\n\t\t","protected":false},"excerpt":{"rendered":"<p>LABO-LOWTYR &#8211; produkt uzupe\u0142niaj\u0105cy diet\u0119 w zio\u0142a, witaminy i minera\u0142y. Dzi\u0119ki wyj\u0105tkowo starannie opracowanej formule, produkt uzupe\u0142niaj\u0105cy diet\u0119 zawiera sk\u0142adniki niezb\u0119dne do prawid\u0142owego funkcjonowania tarczycy. Zastosowano synergistyczne dobranie 6 zi\u00f3\u0142&#8230;<\/p>\n","protected":false},"featured_media":993661,"comment_status":"closed","ping_status":"closed","template":"","meta":[],"product_cat":[129],"product_tag":[],"class_list":["post-994892","product","type-product","status-publish","has-post-thumbnail","hentry","product_cat-suplementy"],"yoast_head":"<!-- This site is optimized with the Yoast SEO plugin v20.7 - https:\/\/yoast.com\/wordpress\/plugins\/seo\/ -->\n<title>LABO-LOWTYR Suplement diety - Herbalists<\/title>\n<meta name=\"description\" content=\"LABO-LOWTYR naturalny suplement diety wspomagaj\u0105cy prawid\u0142ow\u0105 produkcj\u0119 hormon\u00f3w tarczycy i poprawiaj\u0105cy jej funkcjonowanie.\" \/>\n<meta name=\"robots\" content=\"index, follow, max-snippet:-1, max-image-preview:large, max-video-preview:-1\" \/>\n<link rel=\"canonical\" href=\"https:\/\/tandeherbalists.com\/pl\/produkt\/labo-lowtyr-suplement-diety\/\" \/>\n<meta property=\"og:locale\" content=\"pl_PL\" \/>\n<meta property=\"og:type\" content=\"article\" \/>\n<meta property=\"og:title\" content=\"LABO-LOWTYR Suplement diety - Herbalists\" \/>\n<meta property=\"og:description\" content=\"LABO-LOWTYR naturalny suplement diety wspomagaj\u0105cy prawid\u0142ow\u0105 produkcj\u0119 hormon\u00f3w tarczycy i poprawiaj\u0105cy jej funkcjonowanie.\" \/>\n<meta property=\"og:url\" content=\"https:\/\/tandeherbalists.com\/pl\/produkt\/labo-lowtyr-suplement-diety\/\" \/>\n<meta property=\"og:site_name\" content=\"Herbalists\" \/>\n<meta property=\"article:publisher\" content=\"https:\/\/www.facebook.com\/t.e.Herbalists\/\" \/>\n<meta property=\"article:modified_time\" content=\"2023-06-20T07:43:50+00:00\" \/>\n<meta property=\"og:image\" content=\"https:\/\/tandeherbalists.com\/wp-content\/uploads\/2023\/03\/lowtyr.jpg\" \/>\n\t<meta property=\"og:image:width\" content=\"500\" \/>\n\t<meta property=\"og:image:height\" content=\"500\" \/>\n\t<meta property=\"og:image:type\" content=\"image\/jpeg\" \/>\n<meta name=\"twitter:card\" content=\"summary_large_image\" \/>\n<script type=\"application\/ld+json\" class=\"yoast-schema-graph\">{\"@context\":\"https:\/\/schema.org\",\"@graph\":[{\"@type\":\"WebPage\",\"@id\":\"https:\/\/tandeherbalists.com\/pl\/produkt\/labo-lowtyr-suplement-diety\/\",\"url\":\"https:\/\/tandeherbalists.com\/pl\/produkt\/labo-lowtyr-suplement-diety\/\",\"name\":\"LABO-LOWTYR Suplement diety - Herbalists\",\"isPartOf\":{\"@id\":\"https:\/\/tandeherbalists.com\/pl\/#website\"},\"datePublished\":\"2023-06-20T07:28:22+00:00\",\"dateModified\":\"2023-06-20T07:43:50+00:00\",\"description\":\"LABO-LOWTYR naturalny suplement diety wspomagaj\u0105cy prawid\u0142ow\u0105 produkcj\u0119 hormon\u00f3w tarczycy i poprawiaj\u0105cy jej funkcjonowanie.\",\"breadcrumb\":{\"@id\":\"https:\/\/tandeherbalists.com\/pl\/produkt\/labo-lowtyr-suplement-diety\/#breadcrumb\"},\"inLanguage\":\"pl-PL\",\"potentialAction\":[{\"@type\":\"ReadAction\",\"target\":[\"https:\/\/tandeherbalists.com\/pl\/produkt\/labo-lowtyr-suplement-diety\/\"]}]},{\"@type\":\"BreadcrumbList\",\"@id\":\"https:\/\/tandeherbalists.com\/pl\/produkt\/labo-lowtyr-suplement-diety\/#breadcrumb\",\"itemListElement\":[{\"@type\":\"ListItem\",\"position\":1,\"name\":\"Sklep\",\"item\":\"https:\/\/tandeherbalists.com\/pl\/sklep\/\"},{\"@type\":\"ListItem\",\"position\":2,\"name\":\"LABO-LOWTYR Suplement diety\"}]},{\"@type\":\"WebSite\",\"@id\":\"https:\/\/tandeherbalists.com\/pl\/#website\",\"url\":\"https:\/\/tandeherbalists.com\/pl\/\",\"name\":\"Tandeherbalists\",\"description\":\"\",\"publisher\":{\"@id\":\"https:\/\/tandeherbalists.com\/pl\/#organization\"},\"potentialAction\":[{\"@type\":\"SearchAction\",\"target\":{\"@type\":\"EntryPoint\",\"urlTemplate\":\"https:\/\/tandeherbalists.com\/pl\/?s={search_term_string}\"},\"query-input\":\"required name=search_term_string\"}],\"inLanguage\":\"pl-PL\"},{\"@type\":\"Organization\",\"@id\":\"https:\/\/tandeherbalists.com\/pl\/#organization\",\"name\":\"Tandeherbalists\",\"url\":\"https:\/\/tandeherbalists.com\/pl\/\",\"logo\":{\"@type\":\"ImageObject\",\"inLanguage\":\"pl-PL\",\"@id\":\"https:\/\/tandeherbalists.com\/pl\/#\/schema\/logo\/image\/\",\"url\":\"https:\/\/tandeherbalists.com\/wp-content\/uploads\/2023\/01\/logo-herba.svg\",\"contentUrl\":\"https:\/\/tandeherbalists.com\/wp-content\/uploads\/2023\/01\/logo-herba.svg\",\"width\":400,\"height\":400,\"caption\":\"Tandeherbalists\"},\"image\":{\"@id\":\"https:\/\/tandeherbalists.com\/pl\/#\/schema\/logo\/image\/\"},\"sameAs\":[\"https:\/\/www.facebook.com\/t.e.Herbalists\/\",\"https:\/\/www.instagram.com\/teherbalists\/\"]}]}<\/script>\n<!-- \/ Yoast SEO plugin. -->","yoast_head_json":{"title":"LABO-LOWTYR Suplement diety - Herbalists","description":"LABO-LOWTYR naturalny suplement diety wspomagaj\u0105cy prawid\u0142ow\u0105 produkcj\u0119 hormon\u00f3w tarczycy i poprawiaj\u0105cy jej funkcjonowanie.","robots":{"index":"index","follow":"follow","max-snippet":"max-snippet:-1","max-image-preview":"max-image-preview:large","max-video-preview":"max-video-preview:-1"},"canonical":"https:\/\/tandeherbalists.com\/pl\/produkt\/labo-lowtyr-suplement-diety\/","og_locale":"pl_PL","og_type":"article","og_title":"LABO-LOWTYR Suplement diety - Herbalists","og_description":"LABO-LOWTYR naturalny suplement diety wspomagaj\u0105cy prawid\u0142ow\u0105 produkcj\u0119 hormon\u00f3w tarczycy i poprawiaj\u0105cy jej funkcjonowanie.","og_url":"https:\/\/tandeherbalists.com\/pl\/produkt\/labo-lowtyr-suplement-diety\/","og_site_name":"Herbalists","article_publisher":"https:\/\/www.facebook.com\/t.e.Herbalists\/","article_modified_time":"2023-06-20T07:43:50+00:00","og_image":[{"width":500,"height":500,"url":"https:\/\/tandeherbalists.com\/wp-content\/uploads\/2023\/03\/lowtyr.jpg","type":"image\/jpeg"}],"twitter_card":"summary_large_image","schema":{"@context":"https:\/\/schema.org","@graph":[{"@type":"WebPage","@id":"https:\/\/tandeherbalists.com\/pl\/produkt\/labo-lowtyr-suplement-diety\/","url":"https:\/\/tandeherbalists.com\/pl\/produkt\/labo-lowtyr-suplement-diety\/","name":"LABO-LOWTYR Suplement diety - Herbalists","isPartOf":{"@id":"https:\/\/tandeherbalists.com\/pl\/#website"},"datePublished":"2023-06-20T07:28:22+00:00","dateModified":"2023-06-20T07:43:50+00:00","description":"LABO-LOWTYR naturalny suplement diety wspomagaj\u0105cy prawid\u0142ow\u0105 produkcj\u0119 hormon\u00f3w tarczycy i poprawiaj\u0105cy jej funkcjonowanie.","breadcrumb":{"@id":"https:\/\/tandeherbalists.com\/pl\/produkt\/labo-lowtyr-suplement-diety\/#breadcrumb"},"inLanguage":"pl-PL","potentialAction":[{"@type":"ReadAction","target":["https:\/\/tandeherbalists.com\/pl\/produkt\/labo-lowtyr-suplement-diety\/"]}]},{"@type":"BreadcrumbList","@id":"https:\/\/tandeherbalists.com\/pl\/produkt\/labo-lowtyr-suplement-diety\/#breadcrumb","itemListElement":[{"@type":"ListItem","position":1,"name":"Sklep","item":"https:\/\/tandeherbalists.com\/pl\/sklep\/"},{"@type":"ListItem","position":2,"name":"LABO-LOWTYR Suplement diety"}]},{"@type":"WebSite","@id":"https:\/\/tandeherbalists.com\/pl\/#website","url":"https:\/\/tandeherbalists.com\/pl\/","name":"Tandeherbalists","description":"","publisher":{"@id":"https:\/\/tandeherbalists.com\/pl\/#organization"},"potentialAction":[{"@type":"SearchAction","target":{"@type":"EntryPoint","urlTemplate":"https:\/\/tandeherbalists.com\/pl\/?s={search_term_string}"},"query-input":"required name=search_term_string"}],"inLanguage":"pl-PL"},{"@type":"Organization","@id":"https:\/\/tandeherbalists.com\/pl\/#organization","name":"Tandeherbalists","url":"https:\/\/tandeherbalists.com\/pl\/","logo":{"@type":"ImageObject","inLanguage":"pl-PL","@id":"https:\/\/tandeherbalists.com\/pl\/#\/schema\/logo\/image\/","url":"https:\/\/tandeherbalists.com\/wp-content\/uploads\/2023\/01\/logo-herba.svg","contentUrl":"https:\/\/tandeherbalists.com\/wp-content\/uploads\/2023\/01\/logo-herba.svg","width":400,"height":400,"caption":"Tandeherbalists"},"image":{"@id":"https:\/\/tandeherbalists.com\/pl\/#\/schema\/logo\/image\/"},"sameAs":["https:\/\/www.facebook.com\/t.e.Herbalists\/","https:\/\/www.instagram.com\/teherbalists\/"]}]}},"_links":{"self":[{"href":"https:\/\/tandeherbalists.com\/pl\/wp-json\/wp\/v2\/product\/994892","targetHints":{"allow":["GET"]}}],"collection":[{"href":"https:\/\/tandeherbalists.com\/pl\/wp-json\/wp\/v2\/product"}],"about":[{"href":"https:\/\/tandeherbalists.com\/pl\/wp-json\/wp\/v2\/types\/product"}],"replies":[{"embeddable":true,"href":"https:\/\/tandeherbalists.com\/pl\/wp-json\/wp\/v2\/comments?post=994892"}],"version-history":[{"count":4,"href":"https:\/\/tandeherbalists.com\/pl\/wp-json\/wp\/v2\/product\/994892\/revisions"}],"predecessor-version":[{"id":994898,"href":"https:\/\/tandeherbalists.com\/pl\/wp-json\/wp\/v2\/product\/994892\/revisions\/994898"}],"wp:featuredmedia":[{"embeddable":true,"href":"https:\/\/tandeherbalists.com\/pl\/wp-json\/wp\/v2\/media\/993661"}],"wp:attachment":[{"href":"https:\/\/tandeherbalists.com\/pl\/wp-json\/wp\/v2\/media?parent=994892"}],"wp:term":[{"taxonomy":"product_cat","embeddable":true,"href":"https:\/\/tandeherbalists.com\/pl\/wp-json\/wp\/v2\/product_cat?post=994892"},{"taxonomy":"product_tag","embeddable":true,"href":"https:\/\/tandeherbalists.com\/pl\/wp-json\/wp\/v2\/product_tag?post=994892"}],"curies":[{"name":"wp","href":"https:\/\/api.w.org\/{rel}","templated":true}]}}