{"id":994885,"date":"2023-06-20T09:05:36","date_gmt":"2023-06-20T07:05:36","guid":{"rendered":"http:\/\/tandeherbalists.com\/?post_type=product&#038;p=994885"},"modified":"2023-06-21T14:58:19","modified_gmt":"2023-06-21T12:58:19","slug":"labo-skin-suplement-diety","status":"publish","type":"product","link":"https:\/\/tandeherbalists.com\/pl\/produkt\/labo-skin-suplement-diety\/","title":{"rendered":"LABO-SKIN Suplement diety"},"content":{"rendered":"\t\t<div data-elementor-type=\"product-post\" data-elementor-id=\"994885\" class=\"elementor elementor-994885\">\n\t\t\t\t\t\t\t\t\t<section class=\"elementor-section elementor-top-section elementor-element elementor-element-7e5ebae5 elementor-section-boxed elementor-section-height-default elementor-section-height-default\" data-id=\"7e5ebae5\" data-element_type=\"section\">\n\t\t\t\t\t\t<div class=\"elementor-container elementor-column-gap-default\">\n\t\t\t\t\t<div class=\"elementor-column elementor-col-100 elementor-top-column elementor-element elementor-element-6e192a9d\" data-id=\"6e192a9d\" data-element_type=\"column\">\n\t\t\t<div class=\"elementor-widget-wrap elementor-element-populated\">\n\t\t\t\t\t\t\t\t<div class=\"elementor-element elementor-element-6686c8eb elementor-widget elementor-widget-text-editor\" data-id=\"6686c8eb\" data-element_type=\"widget\" data-widget_type=\"text-editor.default\">\n\t\t\t\t<div class=\"elementor-widget-container\">\n\t\t\t<style>\/*! elementor - v3.13.3 - 22-05-2023 *\/\n.elementor-widget-text-editor.elementor-drop-cap-view-stacked .elementor-drop-cap{background-color:#69727d;color:#fff}.elementor-widget-text-editor.elementor-drop-cap-view-framed .elementor-drop-cap{color:#69727d;border:3px solid;background-color:transparent}.elementor-widget-text-editor:not(.elementor-drop-cap-view-default) .elementor-drop-cap{margin-top:8px}.elementor-widget-text-editor:not(.elementor-drop-cap-view-default) .elementor-drop-cap-letter{width:1em;height:1em}.elementor-widget-text-editor .elementor-drop-cap{float:left;text-align:center;line-height:1;font-size:50px}.elementor-widget-text-editor .elementor-drop-cap-letter{display:inline-block}<\/style>\t\t\t\t<p>Preparat <strong>Labo-Skin<\/strong> to unikalna formu\u0142a uzupe\u0142niaj\u0105ca diet\u0119 w sk\u0142adniki potrzebne do prawid\u0142owego funkcjonowania sk\u00f3ry. Dzi\u0119ki synergistycznemu po\u0142\u0105czeniu 8 minera\u0142\u00f3w (cynku, manganu, \u017celaza, miedzi, chromu, jodu, selenu, molibdenu), 2 aminokwas\u00f3w siarkowych (cysteiny i metioniny) oraz 11 witamin (A, B1, B2, PP, B5, B6, B8, B12, C, H, kwasu foliowego) preparat wzmacnia struktur\u0119 sk\u00f3ry, w\u0142os\u00f3w i paznokci.<\/p><p><img loading=\"lazy\" decoding=\"async\" src=\"http:\/\/tandeherbalists.com\/wp-content\/uploads\/2022\/12\/03-1-scaled.jpg\" alt=\"\" width=\"210\" height=\"280\" \/><\/p><ul><li style=\"list-style-type: none;\"><ul><li style=\"list-style-type: none;\"><ul><li style=\"list-style-type: none;\"><ul><li><strong>Witamina C<\/strong> wspiera prawid\u0142ow\u0105 produkcj\u0119 kolagenu, co zapewnia prawid\u0142owe funkcjonowanie sk\u00f3ry i naczy\u0144 krwiono\u015bnych.<\/li><li><strong>Biotyna<\/strong> wp\u0142ywa na prawid\u0142owy metabolizm mikrosk\u0142adnik\u00f3w od\u017cywczych, co pomaga zachowa\u0107 zdrowe w\u0142osy, sk\u00f3r\u0119 i paznokcie. Dodatkowo jest niezb\u0119dna do utrzymania prawid\u0142owego stanu b\u0142on \u015bluzowych.<\/li><li><strong>Chrom<\/strong> pomaga w utrzymaniu prawid\u0142owego poziomu glukozy we krwi oraz metabolizmie mikrosk\u0142adnik\u00f3w od\u017cywczych.<\/li><li><strong>Cynk<\/strong> jest niezb\u0119dny do zachowania zdrowej sk\u00f3ry, poprawy funkcjonowania uk\u0142adu odporno\u015bciowego i chroni kom\u00f3rki przed stresem oksydacyjnym. Bierze r\u00f3wnie\u017c udzia\u0142 w procesie podzia\u0142u kom\u00f3rek i pomaga zachowa\u0107 zdrowe w\u0142osy, paznokcie i sk\u00f3r\u0119.<\/li><li><strong>Foliany (kwas foliowy)<\/strong>, <strong>witamina B6<\/strong> i <strong>witamina B12<\/strong> przyczyniaj\u0105 si\u0119 do utrzymania prawid\u0142owego metabolizmu homocysteiny i produkcji krwi.<\/li><li><strong>Jod<\/strong>, <strong>mangan<\/strong>, <strong>witamina B1<\/strong> i <strong>kwas pantotenowy<\/strong> wp\u0142ywaj\u0105 na utrzymanie prawid\u0142owego metabolizmu energetycznego. Jod r\u00f3wnie\u017c przyczynia si\u0119 do utrzymania zdrowej sk\u00f3ry. <strong>Mied\u017a<\/strong> i <strong>mangan<\/strong> pomagaj\u0105 w prawid\u0142owym tworzeniu tkanek \u0142\u0105cznych, z kt\u00f3rych sk\u00f3ra jest zbudowana. Mied\u017a jest r\u00f3wnie\u017c potrzebna do utrzymania prawid\u0142owej pigmentacji sk\u00f3ry, funkcjonowania uk\u0142adu odporno\u015bciowego i ochrony przed stresem oksydacyjnym.<\/li><li><strong>Molibden<\/strong> wp\u0142ywa na utrzymanie prawid\u0142owego metabolizmu aminokwas\u00f3w siarkowych, takich jak metionina, cystyna i cysteina.<\/li><li><strong>Witamina A<\/strong>, <strong>niacyna<\/strong> (witamina PP) i <strong>witamina B2<\/strong> wp\u0142ywaj\u0105 na utrzymanie prawid\u0142owego stanu b\u0142on \u015bluzowych oraz zachowanie zdrowej sk\u00f3ry.<\/li><li><strong>Selen<\/strong> pomaga w ochronie kom\u00f3rek przed stresem oksydacyjnym, wp\u0142ywa na funkcjonowanie tarczycy, uk\u0142adu odporno\u015bciowego i zachowanie zdrowych w\u0142os\u00f3w, paznokci i sk\u00f3ry.<\/li><li><strong>Witamina B6<\/strong> jest korzystna dla w\u0142a\u015bciwej syntezy cysteiny, wspiera prawid\u0142owy metabolizm bia\u0142ka i glikogenu oraz kontroluje aktywno\u015b\u0107 hormonaln\u0105.<\/li><li><strong>Witamina E<\/strong> ochrania kom\u00f3rki przed stresem oksydacyjnym.<\/li><li><strong>\u017belazo<\/strong> w formie organicznej jest \u0142atwo przyswajalne i pomaga w prawid\u0142owej produkcji czerwonych krwinek oraz hemoglobiny, co jest istotne dla transportu tlenu w organizmie oraz funkcjonowania uk\u0142adu odporno\u015bciowego.<\/li><li><strong>Ekstrakt z fio\u0142ka tr\u00f3jbarwnego<\/strong> pobudza procesy eliminacji szkodliwych produkt\u00f3w przemiany materii.<\/li><li><strong>Ekstrakt z w\u0105krotki<\/strong> mo\u017ce zwalnia\u0107 procesy degradacji w\u0142\u00f3kien kolagenowych i elastynowych.<\/li><li><strong>Ekstrakt z pokrzywy<\/strong> wp\u0142ywa korzystnie na procesy odnowy i regeneracji tkanek, wp\u0142ywa na produkcj\u0119 krwi i pomaga w usuwaniu szkodliwych zwi\u0105zk\u00f3w chemicznych oraz nadmiaru i niepotrzebnych metabolit\u00f3w.<\/li><li><strong>Aminokwasy siarkowe<\/strong>, takie jak cysteina i metionina, s\u0105 niezb\u0119dne do syntezy bia\u0142ek buduj\u0105cych sk\u00f3r\u0119.<\/li><li><strong>Inozytol<\/strong> stanowi substrat do syntezy mio-inozytolu, jest sk\u0142adnikiem fosfolipid\u00f3w, a mio-inozytol wyst\u0119puje w mi\u0119\u015bniach. Dawniej zaliczany do witamin (B8).<\/li><li>Skoniugowany <strong>kwas linolenowy<\/strong> to \u017ar\u00f3d\u0142o nienasyconego kwasu t\u0142uszczowego, kt\u00f3ry jest niezb\u0119dny dla zdrowia sk\u00f3ry. Dawniej kwas linolowy, linolenowy i arachidonowy nazywano witamin\u0105 F, a zaliczano je do niezb\u0119dnych nienasyconych kwas\u00f3w t\u0142uszczowych.<\/li><\/ul><\/li><\/ul><p>Dzi\u0119ki aktywnym sk\u0142adnikom, takim jak witamina C, krzem, mied\u017a i mangan, produkt Labo-Skin poprawia elastyczno\u015b\u0107 w\u0142\u00f3kien kolagenowych i elastynowych, zwi\u0119kszaj\u0105c ich j\u0119drno\u015b\u0107. Aktywuje wzrost i regeneracj\u0119 nask\u00f3rka, paznokci i w\u0142os\u00f3w, przywraca blask w\u0142osom, zapobiega \u0142amliwo\u015bci i rozdwajaniu ko\u0144c\u00f3wek w\u0142os\u00f3w oraz poprawia stan sk\u00f3ry z wypryskami.<\/p><p>\u00a0<\/p><p><strong>Sk\u0142ad kapsu\u0142ki:<\/strong><\/p><p>Zawiera hydroksypropyloceluloz\u0119 i dwutlenek tytanu jako barwnik.<\/p><p>Produkt jest wega\u0144ski i bezglutenowy.<\/p><p>\u00a0<\/p><p><strong>Spos\u00f3b u\u017cycia:<\/strong><\/p><p>2 kapsu\u0142ki raz dziennie, najlepiej rano lub wieczorem.<\/p><p>Zaleca si\u0119 przyjmowanie produktu Labo-Skin po posi\u0142ku i nie przekraczanie zalecanej dziennej dawki.<\/p><p>Suplementy diety nie mog\u0105 by\u0107 stosowane jako substytut (zamiennik) zr\u00f3\u017cnicowanej diety. Zr\u00f3\u017cnicowana dieta i zdrowy tryb \u017cycia s\u0105 wa\u017cne dla zachowania dobrego stanu zdrowia.<\/p><p>Przed stosowaniem produktu w okresie ci\u0105\u017cy, karmienia piersi\u0105 oraz w przypadku przewlek\u0142ego stosowania lek\u00f3w, nale\u017cy skonsultowa\u0107 si\u0119 z lekarzem.<\/p><p>\u00a0<\/p><p><strong>Przechowywanie:<\/strong><\/p><p>W celu przechowywania produktu, nale\u017cy umie\u015bci\u0107 go w suchym i ch\u0142odnym miejscu, chroni\u0105c przed wilgoci\u0105 oraz w spos\u00f3b niedost\u0119pny dla dzieci.<\/p><p>\u00a0<\/p><p>W produkcji produktu nie u\u017cyto surowc\u00f3w ani dodatk\u00f3w zawieraj\u0105cych alergeny, takie jak gluten, skorupiaki, jaja, ryby, soja, mleko, orzechy, orzeszki arachidowe, seler, gorczyca, sezam, tlenek siarki, siarczyny ani mi\u0119czaki (zgodnie z Dyrektyw\u0105 EU 2000\/13 EC, 2006\/142\/EC, 2007\/68 EC).<\/p><\/li><li style=\"list-style-type: none;\"><p><strong>\u00a0<\/strong><\/p><\/li><\/ul><\/li><\/ul><ul><li style=\"list-style-type: none;\">\u00a0<\/li><\/ul><p><img loading=\"lazy\" decoding=\"async\" class=\"aligncenter\" src=\"http:\/\/tandeherbalists.com\/wp-content\/uploads\/2023\/03\/all-1-300x150.jpg\" alt=\"\" width=\"300\" height=\"150\" \/><\/p><p>Czy wiesz, \u017ce przyjmuj\u0105c suplement diety Labo Skin, nie tylko dbasz o pi\u0119kno swojej sk\u00f3ry, ale r\u00f3wnie\u017c wspierasz zdrowie swoich w\u0142os\u00f3w i paznokci? Sk\u0142adniki takie jak biotyna czy foliany wspomagaj\u0105 procesy od\u017cywcze sk\u00f3ry oraz tworzenie zdrowych, mocnych kosmyk\u00f3w. Dodatkowo, inozytol zawarty w <strong>Labo Skin hamuje procesy \u0142ysienia i wp\u0142ywa pozytywnie na gospodark\u0119 lipidow\u0105 organizmu inozytol. Pozw\u00f3l sobie na zachwycaj\u0105cy wygl\u0105d i kup Labo Skin ju\u017c dzi\u015b<\/strong><\/p><p>\u00a0<\/p>\t\t\t\t\t\t<\/div>\n\t\t\t\t<\/div>\n\t\t\t\t\t<\/div>\n\t\t<\/div>\n\t\t\t\t\t\t\t<\/div>\n\t\t<\/section>\n\t\t\t\t\t\t\t<\/div>\n\t\t","protected":false},"excerpt":{"rendered":"<p>Preparat Labo-Skin to unikalna formu\u0142a uzupe\u0142niaj\u0105ca diet\u0119 w sk\u0142adniki potrzebne do prawid\u0142owego funkcjonowania sk\u00f3ry. Dzi\u0119ki synergistycznemu po\u0142\u0105czeniu 8 minera\u0142\u00f3w (cynku, manganu, \u017celaza, miedzi, chromu, jodu, selenu, molibdenu), 2 aminokwas\u00f3w siarkowych&#8230;<\/p>\n","protected":false},"featured_media":993669,"comment_status":"closed","ping_status":"closed","template":"","meta":[],"product_cat":[129],"product_tag":[],"class_list":["post-994885","product","type-product","status-publish","has-post-thumbnail","hentry","product_cat-suplementy"],"yoast_head":"<!-- This site is optimized with the Yoast SEO plugin v20.7 - https:\/\/yoast.com\/wordpress\/plugins\/seo\/ -->\n<title>LABO-SKIN Suplement diety - Herbalists<\/title>\n<meta name=\"description\" content=\"Preparat Labo-Skin to unikalna formu\u0142a uzupe\u0142niaj\u0105ca diet\u0119 w sk\u0142adniki potrzebne do prawid\u0142owego funkcjonowania sk\u00f3ry.\" \/>\n<meta name=\"robots\" content=\"index, follow, max-snippet:-1, max-image-preview:large, max-video-preview:-1\" \/>\n<link rel=\"canonical\" href=\"https:\/\/tandeherbalists.com\/pl\/produkt\/labo-skin-suplement-diety\/\" \/>\n<meta property=\"og:locale\" content=\"pl_PL\" \/>\n<meta property=\"og:type\" content=\"article\" \/>\n<meta property=\"og:title\" content=\"LABO-SKIN Suplement diety - Herbalists\" \/>\n<meta property=\"og:description\" content=\"Preparat Labo-Skin to unikalna formu\u0142a uzupe\u0142niaj\u0105ca diet\u0119 w sk\u0142adniki potrzebne do prawid\u0142owego funkcjonowania sk\u00f3ry.\" \/>\n<meta property=\"og:url\" content=\"https:\/\/tandeherbalists.com\/pl\/produkt\/labo-skin-suplement-diety\/\" \/>\n<meta property=\"og:site_name\" content=\"Herbalists\" \/>\n<meta property=\"article:publisher\" content=\"https:\/\/www.facebook.com\/t.e.Herbalists\/\" \/>\n<meta property=\"article:modified_time\" content=\"2023-06-21T12:58:19+00:00\" \/>\n<meta property=\"og:image\" content=\"https:\/\/tandeherbalists.com\/wp-content\/uploads\/2022\/12\/skin.jpg\" \/>\n\t<meta property=\"og:image:width\" content=\"500\" \/>\n\t<meta property=\"og:image:height\" content=\"500\" \/>\n\t<meta property=\"og:image:type\" content=\"image\/jpeg\" \/>\n<meta name=\"twitter:card\" content=\"summary_large_image\" \/>\n<meta name=\"twitter:label1\" content=\"Szacowany czas czytania\" \/>\n\t<meta name=\"twitter:data1\" content=\"5 minut\" \/>\n<script type=\"application\/ld+json\" class=\"yoast-schema-graph\">{\"@context\":\"https:\/\/schema.org\",\"@graph\":[{\"@type\":\"WebPage\",\"@id\":\"https:\/\/tandeherbalists.com\/pl\/produkt\/labo-skin-suplement-diety\/\",\"url\":\"https:\/\/tandeherbalists.com\/pl\/produkt\/labo-skin-suplement-diety\/\",\"name\":\"LABO-SKIN Suplement diety - Herbalists\",\"isPartOf\":{\"@id\":\"https:\/\/tandeherbalists.com\/pl\/#website\"},\"datePublished\":\"2023-06-20T07:05:36+00:00\",\"dateModified\":\"2023-06-21T12:58:19+00:00\",\"description\":\"Preparat Labo-Skin to unikalna formu\u0142a uzupe\u0142niaj\u0105ca diet\u0119 w sk\u0142adniki potrzebne do prawid\u0142owego funkcjonowania sk\u00f3ry.\",\"breadcrumb\":{\"@id\":\"https:\/\/tandeherbalists.com\/pl\/produkt\/labo-skin-suplement-diety\/#breadcrumb\"},\"inLanguage\":\"pl-PL\",\"potentialAction\":[{\"@type\":\"ReadAction\",\"target\":[\"https:\/\/tandeherbalists.com\/pl\/produkt\/labo-skin-suplement-diety\/\"]}]},{\"@type\":\"BreadcrumbList\",\"@id\":\"https:\/\/tandeherbalists.com\/pl\/produkt\/labo-skin-suplement-diety\/#breadcrumb\",\"itemListElement\":[{\"@type\":\"ListItem\",\"position\":1,\"name\":\"Sklep\",\"item\":\"https:\/\/tandeherbalists.com\/pl\/sklep\/\"},{\"@type\":\"ListItem\",\"position\":2,\"name\":\"LABO-SKIN Suplement diety\"}]},{\"@type\":\"WebSite\",\"@id\":\"https:\/\/tandeherbalists.com\/pl\/#website\",\"url\":\"https:\/\/tandeherbalists.com\/pl\/\",\"name\":\"Tandeherbalists\",\"description\":\"\",\"publisher\":{\"@id\":\"https:\/\/tandeherbalists.com\/pl\/#organization\"},\"potentialAction\":[{\"@type\":\"SearchAction\",\"target\":{\"@type\":\"EntryPoint\",\"urlTemplate\":\"https:\/\/tandeherbalists.com\/pl\/?s={search_term_string}\"},\"query-input\":\"required name=search_term_string\"}],\"inLanguage\":\"pl-PL\"},{\"@type\":\"Organization\",\"@id\":\"https:\/\/tandeherbalists.com\/pl\/#organization\",\"name\":\"Tandeherbalists\",\"url\":\"https:\/\/tandeherbalists.com\/pl\/\",\"logo\":{\"@type\":\"ImageObject\",\"inLanguage\":\"pl-PL\",\"@id\":\"https:\/\/tandeherbalists.com\/pl\/#\/schema\/logo\/image\/\",\"url\":\"https:\/\/tandeherbalists.com\/wp-content\/uploads\/2023\/01\/logo-herba.svg\",\"contentUrl\":\"https:\/\/tandeherbalists.com\/wp-content\/uploads\/2023\/01\/logo-herba.svg\",\"width\":400,\"height\":400,\"caption\":\"Tandeherbalists\"},\"image\":{\"@id\":\"https:\/\/tandeherbalists.com\/pl\/#\/schema\/logo\/image\/\"},\"sameAs\":[\"https:\/\/www.facebook.com\/t.e.Herbalists\/\",\"https:\/\/www.instagram.com\/teherbalists\/\"]}]}<\/script>\n<!-- \/ Yoast SEO plugin. -->","yoast_head_json":{"title":"LABO-SKIN Suplement diety - Herbalists","description":"Preparat Labo-Skin to unikalna formu\u0142a uzupe\u0142niaj\u0105ca diet\u0119 w sk\u0142adniki potrzebne do prawid\u0142owego funkcjonowania sk\u00f3ry.","robots":{"index":"index","follow":"follow","max-snippet":"max-snippet:-1","max-image-preview":"max-image-preview:large","max-video-preview":"max-video-preview:-1"},"canonical":"https:\/\/tandeherbalists.com\/pl\/produkt\/labo-skin-suplement-diety\/","og_locale":"pl_PL","og_type":"article","og_title":"LABO-SKIN Suplement diety - Herbalists","og_description":"Preparat Labo-Skin to unikalna formu\u0142a uzupe\u0142niaj\u0105ca diet\u0119 w sk\u0142adniki potrzebne do prawid\u0142owego funkcjonowania sk\u00f3ry.","og_url":"https:\/\/tandeherbalists.com\/pl\/produkt\/labo-skin-suplement-diety\/","og_site_name":"Herbalists","article_publisher":"https:\/\/www.facebook.com\/t.e.Herbalists\/","article_modified_time":"2023-06-21T12:58:19+00:00","og_image":[{"width":500,"height":500,"url":"https:\/\/tandeherbalists.com\/wp-content\/uploads\/2022\/12\/skin.jpg","type":"image\/jpeg"}],"twitter_card":"summary_large_image","twitter_misc":{"Szacowany czas czytania":"5 minut"},"schema":{"@context":"https:\/\/schema.org","@graph":[{"@type":"WebPage","@id":"https:\/\/tandeherbalists.com\/pl\/produkt\/labo-skin-suplement-diety\/","url":"https:\/\/tandeherbalists.com\/pl\/produkt\/labo-skin-suplement-diety\/","name":"LABO-SKIN Suplement diety - Herbalists","isPartOf":{"@id":"https:\/\/tandeherbalists.com\/pl\/#website"},"datePublished":"2023-06-20T07:05:36+00:00","dateModified":"2023-06-21T12:58:19+00:00","description":"Preparat Labo-Skin to unikalna formu\u0142a uzupe\u0142niaj\u0105ca diet\u0119 w sk\u0142adniki potrzebne do prawid\u0142owego funkcjonowania sk\u00f3ry.","breadcrumb":{"@id":"https:\/\/tandeherbalists.com\/pl\/produkt\/labo-skin-suplement-diety\/#breadcrumb"},"inLanguage":"pl-PL","potentialAction":[{"@type":"ReadAction","target":["https:\/\/tandeherbalists.com\/pl\/produkt\/labo-skin-suplement-diety\/"]}]},{"@type":"BreadcrumbList","@id":"https:\/\/tandeherbalists.com\/pl\/produkt\/labo-skin-suplement-diety\/#breadcrumb","itemListElement":[{"@type":"ListItem","position":1,"name":"Sklep","item":"https:\/\/tandeherbalists.com\/pl\/sklep\/"},{"@type":"ListItem","position":2,"name":"LABO-SKIN Suplement diety"}]},{"@type":"WebSite","@id":"https:\/\/tandeherbalists.com\/pl\/#website","url":"https:\/\/tandeherbalists.com\/pl\/","name":"Tandeherbalists","description":"","publisher":{"@id":"https:\/\/tandeherbalists.com\/pl\/#organization"},"potentialAction":[{"@type":"SearchAction","target":{"@type":"EntryPoint","urlTemplate":"https:\/\/tandeherbalists.com\/pl\/?s={search_term_string}"},"query-input":"required name=search_term_string"}],"inLanguage":"pl-PL"},{"@type":"Organization","@id":"https:\/\/tandeherbalists.com\/pl\/#organization","name":"Tandeherbalists","url":"https:\/\/tandeherbalists.com\/pl\/","logo":{"@type":"ImageObject","inLanguage":"pl-PL","@id":"https:\/\/tandeherbalists.com\/pl\/#\/schema\/logo\/image\/","url":"https:\/\/tandeherbalists.com\/wp-content\/uploads\/2023\/01\/logo-herba.svg","contentUrl":"https:\/\/tandeherbalists.com\/wp-content\/uploads\/2023\/01\/logo-herba.svg","width":400,"height":400,"caption":"Tandeherbalists"},"image":{"@id":"https:\/\/tandeherbalists.com\/pl\/#\/schema\/logo\/image\/"},"sameAs":["https:\/\/www.facebook.com\/t.e.Herbalists\/","https:\/\/www.instagram.com\/teherbalists\/"]}]}},"_links":{"self":[{"href":"https:\/\/tandeherbalists.com\/pl\/wp-json\/wp\/v2\/product\/994885","targetHints":{"allow":["GET"]}}],"collection":[{"href":"https:\/\/tandeherbalists.com\/pl\/wp-json\/wp\/v2\/product"}],"about":[{"href":"https:\/\/tandeherbalists.com\/pl\/wp-json\/wp\/v2\/types\/product"}],"replies":[{"embeddable":true,"href":"https:\/\/tandeherbalists.com\/pl\/wp-json\/wp\/v2\/comments?post=994885"}],"version-history":[{"count":5,"href":"https:\/\/tandeherbalists.com\/pl\/wp-json\/wp\/v2\/product\/994885\/revisions"}],"predecessor-version":[{"id":994891,"href":"https:\/\/tandeherbalists.com\/pl\/wp-json\/wp\/v2\/product\/994885\/revisions\/994891"}],"wp:featuredmedia":[{"embeddable":true,"href":"https:\/\/tandeherbalists.com\/pl\/wp-json\/wp\/v2\/media\/993669"}],"wp:attachment":[{"href":"https:\/\/tandeherbalists.com\/pl\/wp-json\/wp\/v2\/media?parent=994885"}],"wp:term":[{"taxonomy":"product_cat","embeddable":true,"href":"https:\/\/tandeherbalists.com\/pl\/wp-json\/wp\/v2\/product_cat?post=994885"},{"taxonomy":"product_tag","embeddable":true,"href":"https:\/\/tandeherbalists.com\/pl\/wp-json\/wp\/v2\/product_tag?post=994885"}],"curies":[{"name":"wp","href":"https:\/\/api.w.org\/{rel}","templated":true}]}}