{"id":994875,"date":"2023-06-19T17:33:39","date_gmt":"2023-06-19T15:33:39","guid":{"rendered":"http:\/\/tandeherbalists.com\/?post_type=product&#038;p=994875"},"modified":"2023-06-23T08:56:46","modified_gmt":"2023-06-23T06:56:46","slug":"labo-liver-suplement-diety","status":"publish","type":"product","link":"https:\/\/tandeherbalists.com\/pl\/produkt\/labo-liver-suplement-diety\/","title":{"rendered":"LABO-LIVER Suplement diety"},"content":{"rendered":"\t\t<div data-elementor-type=\"product-post\" data-elementor-id=\"994875\" class=\"elementor elementor-994875\">\n\t\t\t\t\t\t\t\t\t<section class=\"elementor-section elementor-top-section elementor-element elementor-element-7e5ebae5 elementor-section-boxed elementor-section-height-default elementor-section-height-default\" data-id=\"7e5ebae5\" data-element_type=\"section\">\n\t\t\t\t\t\t<div class=\"elementor-container elementor-column-gap-default\">\n\t\t\t\t\t<div class=\"elementor-column elementor-col-100 elementor-top-column elementor-element elementor-element-6e192a9d\" data-id=\"6e192a9d\" data-element_type=\"column\">\n\t\t\t<div class=\"elementor-widget-wrap elementor-element-populated\">\n\t\t\t\t\t\t\t\t<div class=\"elementor-element elementor-element-6686c8eb elementor-widget elementor-widget-text-editor\" data-id=\"6686c8eb\" data-element_type=\"widget\" data-widget_type=\"text-editor.default\">\n\t\t\t\t<div class=\"elementor-widget-container\">\n\t\t\t<style>\/*! elementor - v3.13.3 - 22-05-2023 *\/\n.elementor-widget-text-editor.elementor-drop-cap-view-stacked .elementor-drop-cap{background-color:#69727d;color:#fff}.elementor-widget-text-editor.elementor-drop-cap-view-framed .elementor-drop-cap{color:#69727d;border:3px solid;background-color:transparent}.elementor-widget-text-editor:not(.elementor-drop-cap-view-default) .elementor-drop-cap{margin-top:8px}.elementor-widget-text-editor:not(.elementor-drop-cap-view-default) .elementor-drop-cap-letter{width:1em;height:1em}.elementor-widget-text-editor .elementor-drop-cap{float:left;text-align:center;line-height:1;font-size:50px}.elementor-widget-text-editor .elementor-drop-cap-letter{display:inline-block}<\/style>\t\t\t\t<p><strong>LABO-LIVER<\/strong>\u00a0to suplement diety, kt\u00f3ry zawiera witaminy (B1, B2, B5, B6, B12, C, E, PP (B3), H, kwas foliowy, inozytol &#8211; B8), selen, kwas liponowy i 5 wyci\u0105g\u00f3w ro\u015blinnych (juka, kurkuma, karczoch, ostropest i mniszek). Sk\u0142adniki te maj\u0105 korzystny wp\u0142yw na funkcje w\u0105troby i trzustki, procesy trawienia oraz metabolizm kom\u00f3rkowy. Witamina C pomaga w utrzymaniu prawid\u0142owego metabolizmu energetycznego, chroni kom\u00f3rki przed stresem oksydacyjnym i jest potrzebna do produkcji kolagenu. Biotyna pomaga w prawid\u0142owym metabolizmie sk\u0142adnik\u00f3w od\u017cywczych i energii, a tak\u017ce utrzymaniu prawid\u0142owego stanu b\u0142on \u015bluzowych.<\/p><p><img loading=\"lazy\" decoding=\"async\" class=\"wp-image-991994 aligncenter\" src=\"http:\/\/tandeherbalists.com\/wp-content\/uploads\/2023\/03\/04-1-scaled.jpg\" alt=\"\" width=\"175\" height=\"233\" srcset=\"https:\/\/tandeherbalists.com\/wp-content\/uploads\/2023\/03\/04-1-scaled.jpg 600w, https:\/\/tandeherbalists.com\/wp-content\/uploads\/2023\/03\/04-1-scaled-64x85.jpg 64w\" sizes=\"auto, (max-width: 175px) 100vw, 175px\" \/><\/p><ul><li style=\"list-style-type: none;\"><ul><li><strong>Kwas foliowy<\/strong>, <strong>witamina B6<\/strong> i <strong>witamina B12<\/strong> pomagaj\u0105 w utrzymaniu prawid\u0142owego metabolizmu homocysteiny i produkcji krwi, a <strong>witamina B6<\/strong> przyczynia si\u0119 do utrzymania prawid\u0142owego metabolizmu bia\u0142ka i glikogenu, oraz regulacji aktywno\u015bci hormonalnej. <strong>Witamina B1<\/strong> i <strong>kwas pantotenowy<\/strong> pomagaj\u0105 w utrzymaniu prawid\u0142owego metabolizmu energetycznego, a <strong>witamina B2<\/strong> jest potrzebna do prawid\u0142owego metabolizmu \u017celaza, funkcjonowania uk\u0142adu nerwowego oraz utrzymania prawid\u0142owego stanu b\u0142on \u015bluzowych.<\/li><li><strong>Selen<\/strong> pomaga w ochronie kom\u00f3rek przed stresem oksydacyjnym, funkcjonowaniu tarczycy i uk\u0142adu odporno\u015bciowego, a tak\u017ce utrzymaniu zdrowych w\u0142os\u00f3w, paznokci i sk\u00f3ry. <strong>Witamina E<\/strong> pomaga r\u00f3wnie\u017c w ochronie kom\u00f3rek przed stresem oksydacyjnym. Wyci\u0105gi ro\u015blinne z karczocha, juki, ostropestu, mniszka i kurkumy korzystnie wp\u0142ywaj\u0105 na procesy trawienia i metabolizm kom\u00f3rkowy, wspomagaj\u0105c odtruwanie organizmu, pobudzaj\u0105c wydzielanie \u017c\u00f3\u0142ci i perystaltyk\u0119 jelit. Juka ogranicza powstawanie gaz\u00f3w i amin w jelicie grubym, hamuj\u0105c dekarboksylacj\u0119 aminokwas\u00f3w.<\/li><li><strong>Kwas liponowy<\/strong> (alpha-lipoic acid) jest koenzymem przenosz\u0105cym protony i elektrony, uczestnicz\u0105cym w procesach oksydacyjnej dekarboksylacji alfa-ketokwas\u00f3w i przemianie kwasu pirogronowego do octanu oraz CO2. Jest czynnikiem lipotropowym, a jego suplementacja mo\u017ce przyspieszy\u0107 procesy detoksykacji w sk\u00f3rze i w\u0105trobie, chroni\u0105c je przed szkodliwym wp\u0142ywem mikotoksyn i promieniowania UV. Kwas liponowy jest r\u00f3wnie\u017c przeciwutleniaczem i mo\u017ce odnawia\u0107 naturalne antyoksydanty. Kwas liponowy jest substancj\u0105, kt\u00f3ra chroni w\u0105trob\u0119 i sk\u00f3r\u0119 przed szkodliwym wp\u0142ywem mikotoksyn. Ponadto, posiada w\u0142a\u015bciwo\u015bci przeciwutleniacza, dzi\u0119ki czemu chroni sk\u00f3r\u0119 przed szkodliwym dzia\u0142aniem promieni UV oraz wspiera proces usuwania wolnych rodnik\u00f3w. Kwas ten potrafi r\u00f3wnie\u017c odnawia\u0107 naturalne antyoksydanty, takie jak witamina C, E i ubichinon, kt\u00f3re s\u0105 szczeg\u00f3lnie nara\u017cone na degradacj\u0119 przez promieniowanie UV. Kwas liponowy podnosi poziom glutationu i cysteiny w organizmie, dzia\u0142a przeciwzapalnie poprzez hamowanie uwalniania oksydant\u00f3w przez makrofagi i leukocyty w ognisku zapalnym. Dodatkowo, zwi\u0119ksza wra\u017cliwo\u015b\u0107 kom\u00f3rek na insulin\u0119.<\/li><li><strong>Metionina<\/strong> jest niezb\u0119dnym aminokwasem siarkowym, kt\u00f3ry wp\u0142ywa na syntez\u0119 bia\u0142ek. Jest r\u00f3wnie\u017c \u017ar\u00f3d\u0142em grup metylowych, kt\u00f3re przenoszone s\u0105 przez metylotransferaz\u0119 na r\u00f3\u017cne substraty azotowe. Bierze udzia\u0142 w procesie syntezy kreatyny, choliny, betainy glicynowej i adrenaliny oraz uczestniczy w procesach odtruwania. Metionina wywiera dzia\u0142anie lipotropowe i ochronne dla w\u0105troby.<\/li><li><strong>Koenzym Q10<\/strong> bierze udzia\u0142 w wielu istotnych procesach energetycznych, w tym procesach cukrowych. Jest silnym przeciwutleniaczem, a dodatkowo wp\u0142ywa korzystnie na prac\u0119 mi\u0119\u015bni szkieletowych i mi\u0119\u015bnia sercowego. Podnosi og\u00f3ln\u0105 wydolno\u015b\u0107 fizyczn\u0105 organizmu, obni\u017ca ci\u015bnienie t\u0119tnicze oraz pobudza uk\u0142ad odporno\u015bciowy. Koenzym Q10 uczestniczy w odnawie witaminy E, chroni kom\u00f3rki przed nadmiern\u0105 utrat\u0105 glutationu, szkodliwym wp\u0142ywem promieni UVA, a tak\u017ce zapobiega starzeniu si\u0119 sk\u00f3ry. Wzmaga procesy odnowy kom\u00f3rek i utrzymuje prawid\u0142ow\u0105 elastyczno\u015b\u0107 sk\u00f3ry, a tak\u017ce podnosi odporno\u015b\u0107 organizmu.<\/li><li><strong>Inozytol<\/strong> jest substratem do syntezy mezo-inozytolu, kt\u00f3ry jest sk\u0142adnikiem fosfolipid\u00f3w i wyst\u0119puje w mi\u0119\u015bniach. W ustroju mo\u017ce by\u0107 przekszta\u0142cany w glukoz\u0119. Dawniej zaliczany by\u0142 do witamin (B8). Zastosowanie inozytolu polega na wzbogacaniu diety w sk\u0142adniki, kt\u00f3re wp\u0142ywaj\u0105 korzystnie na funkcjonowanie w\u0105troby i trzustki, a tak\u017ce zapobiegaj\u0105 lub wspomagaj\u0105 leczenie zaburze\u0144 trawienia oraz przemiany materii.<\/li><\/ul><\/li><\/ul><p><strong>Sk\u0142ad kapsu\u0142ki:<\/strong><\/p><p>hydroksypropyloceluloza, dwutlenek tytanu &#8211; barwnik.<\/p><p>Produkt jest wega\u0144ski i bezglutenowy.<\/p><p>\u00a0<\/p><p><strong>Spos\u00f3b u\u017cycia:<\/strong><\/p><p>Zaleca si\u0119 spo\u017cywa\u0107 2 kapsu\u0142ki raz dziennie, najlepiej rano lub wieczorem, po posi\u0142ku. Nie nale\u017cy przekracza\u0107 zalecanej dziennej porcji. Suplementy diety nie mog\u0105 zast\u0119powa\u0107 zr\u00f3\u017cnicowanej diety. Wa\u017cne jest utrzymanie zr\u00f3wnowa\u017conej diety i zdrowego trybu \u017cycia w celu utrzymania dobrego stanu zdrowia.<\/p><p>Produkt przeznaczony jest dla os\u00f3b doros\u0142ych. W przypadku ci\u0105\u017cy i karmienia piersi\u0105 oraz stosowania regularnych lek\u00f3w, przed u\u017cyciem produktu nale\u017cy skonsultowa\u0107 si\u0119 z lekarzem.<\/p><p>\u00a0<\/p><p><strong>Przechowywanie:<\/strong><\/p><p>Produkt nale\u017cy przechowywa\u0107 w suchym i ch\u0142odnym miejscu, chroni\u0105c go przed wilgoci\u0105. Trzymaj poza zasi\u0119giem dzieci.<\/p><ul><li style=\"list-style-type: none;\">\u00a0<\/li><\/ul><p><img loading=\"lazy\" decoding=\"async\" class=\"aligncenter\" src=\"http:\/\/tandeherbalists.com\/wp-content\/uploads\/2023\/03\/all-1-300x150.jpg\" alt=\"\" width=\"300\" height=\"150\" \/><\/p><p>\u017baden z surowc\u00f3w ani dodatk\u00f3w u\u017cytych w produkcji nie zawiera alergen\u00f3w wy<span style=\"color: var(--vamtam-widget-text-lighter); letter-spacing: var(--vamtam-primary-font-letter-spacing-desktop,normal); text-transform: var(--vamtam-primary-font-transform,none);\">mienionych w Dyrektywie UE 2000\/13 EC, 2006\/142\/EC, 2007\/68 EC, w tym: gluten, skorupiaki, jaja, ryby, soja, mleko, orzechy, orzeszki arachidowe, seler, gorczyca, sezam, tlenek siarki, siarczyny ani mi\u0119czaki.<\/span><\/p><p>\u00a0<\/p>\t\t\t\t\t\t<\/div>\n\t\t\t\t<\/div>\n\t\t\t\t\t<\/div>\n\t\t<\/div>\n\t\t\t\t\t\t\t<\/div>\n\t\t<\/section>\n\t\t\t\t\t\t\t<\/div>\n\t\t","protected":false},"excerpt":{"rendered":"<p>LABO-LIVER\u00a0to suplement diety, kt\u00f3ry zawiera witaminy (B1, B2, B5, B6, B12, C, E, PP (B3), H, kwas foliowy, inozytol &#8211; B8), selen, kwas liponowy i 5 wyci\u0105g\u00f3w ro\u015blinnych (juka, kurkuma,&#8230;<\/p>\n","protected":false},"featured_media":993665,"comment_status":"closed","ping_status":"closed","template":"","meta":[],"product_cat":[129],"product_tag":[],"class_list":["post-994875","product","type-product","status-publish","has-post-thumbnail","hentry","product_cat-suplementy"],"yoast_head":"<!-- This site is optimized with the Yoast SEO plugin v20.7 - https:\/\/yoast.com\/wordpress\/plugins\/seo\/ -->\n<title>LABO-LIVER Suplement diety - Herbalists<\/title>\n<meta name=\"description\" content=\"LABO-LIVER suplement diety maj\u0105cy korzystny wp\u0142yw na funkcje w\u0105troby i trzustki, procesy trawienia oraz metabolizm kom\u00f3rkowy.\" \/>\n<meta name=\"robots\" content=\"index, follow, max-snippet:-1, max-image-preview:large, max-video-preview:-1\" \/>\n<link rel=\"canonical\" href=\"https:\/\/tandeherbalists.com\/pl\/produkt\/labo-liver-suplement-diety\/\" \/>\n<meta property=\"og:locale\" content=\"pl_PL\" \/>\n<meta property=\"og:type\" content=\"article\" \/>\n<meta property=\"og:title\" content=\"LABO-LIVER Suplement diety - Herbalists\" \/>\n<meta property=\"og:description\" content=\"LABO-LIVER suplement diety maj\u0105cy korzystny wp\u0142yw na funkcje w\u0105troby i trzustki, procesy trawienia oraz metabolizm kom\u00f3rkowy.\" \/>\n<meta property=\"og:url\" content=\"https:\/\/tandeherbalists.com\/pl\/produkt\/labo-liver-suplement-diety\/\" \/>\n<meta property=\"og:site_name\" content=\"Herbalists\" \/>\n<meta property=\"article:publisher\" content=\"https:\/\/www.facebook.com\/t.e.Herbalists\/\" \/>\n<meta property=\"article:modified_time\" content=\"2023-06-23T06:56:46+00:00\" \/>\n<meta property=\"og:image\" content=\"https:\/\/tandeherbalists.com\/wp-content\/uploads\/2023\/03\/liver.jpg\" \/>\n\t<meta property=\"og:image:width\" content=\"500\" \/>\n\t<meta property=\"og:image:height\" content=\"500\" \/>\n\t<meta property=\"og:image:type\" content=\"image\/jpeg\" \/>\n<meta name=\"twitter:card\" content=\"summary_large_image\" \/>\n<meta name=\"twitter:label1\" content=\"Szacowany czas czytania\" \/>\n\t<meta name=\"twitter:data1\" content=\"5 minut\" \/>\n<script type=\"application\/ld+json\" class=\"yoast-schema-graph\">{\"@context\":\"https:\/\/schema.org\",\"@graph\":[{\"@type\":\"WebPage\",\"@id\":\"https:\/\/tandeherbalists.com\/pl\/produkt\/labo-liver-suplement-diety\/\",\"url\":\"https:\/\/tandeherbalists.com\/pl\/produkt\/labo-liver-suplement-diety\/\",\"name\":\"LABO-LIVER Suplement diety - Herbalists\",\"isPartOf\":{\"@id\":\"https:\/\/tandeherbalists.com\/pl\/#website\"},\"datePublished\":\"2023-06-19T15:33:39+00:00\",\"dateModified\":\"2023-06-23T06:56:46+00:00\",\"description\":\"LABO-LIVER suplement diety maj\u0105cy korzystny wp\u0142yw na funkcje w\u0105troby i trzustki, procesy trawienia oraz metabolizm kom\u00f3rkowy.\",\"breadcrumb\":{\"@id\":\"https:\/\/tandeherbalists.com\/pl\/produkt\/labo-liver-suplement-diety\/#breadcrumb\"},\"inLanguage\":\"pl-PL\",\"potentialAction\":[{\"@type\":\"ReadAction\",\"target\":[\"https:\/\/tandeherbalists.com\/pl\/produkt\/labo-liver-suplement-diety\/\"]}]},{\"@type\":\"BreadcrumbList\",\"@id\":\"https:\/\/tandeherbalists.com\/pl\/produkt\/labo-liver-suplement-diety\/#breadcrumb\",\"itemListElement\":[{\"@type\":\"ListItem\",\"position\":1,\"name\":\"Sklep\",\"item\":\"https:\/\/tandeherbalists.com\/pl\/sklep\/\"},{\"@type\":\"ListItem\",\"position\":2,\"name\":\"LABO-LIVER Suplement diety\"}]},{\"@type\":\"WebSite\",\"@id\":\"https:\/\/tandeherbalists.com\/pl\/#website\",\"url\":\"https:\/\/tandeherbalists.com\/pl\/\",\"name\":\"Tandeherbalists\",\"description\":\"\",\"publisher\":{\"@id\":\"https:\/\/tandeherbalists.com\/pl\/#organization\"},\"potentialAction\":[{\"@type\":\"SearchAction\",\"target\":{\"@type\":\"EntryPoint\",\"urlTemplate\":\"https:\/\/tandeherbalists.com\/pl\/?s={search_term_string}\"},\"query-input\":\"required name=search_term_string\"}],\"inLanguage\":\"pl-PL\"},{\"@type\":\"Organization\",\"@id\":\"https:\/\/tandeherbalists.com\/pl\/#organization\",\"name\":\"Tandeherbalists\",\"url\":\"https:\/\/tandeherbalists.com\/pl\/\",\"logo\":{\"@type\":\"ImageObject\",\"inLanguage\":\"pl-PL\",\"@id\":\"https:\/\/tandeherbalists.com\/pl\/#\/schema\/logo\/image\/\",\"url\":\"https:\/\/tandeherbalists.com\/wp-content\/uploads\/2023\/01\/logo-herba.svg\",\"contentUrl\":\"https:\/\/tandeherbalists.com\/wp-content\/uploads\/2023\/01\/logo-herba.svg\",\"width\":400,\"height\":400,\"caption\":\"Tandeherbalists\"},\"image\":{\"@id\":\"https:\/\/tandeherbalists.com\/pl\/#\/schema\/logo\/image\/\"},\"sameAs\":[\"https:\/\/www.facebook.com\/t.e.Herbalists\/\",\"https:\/\/www.instagram.com\/teherbalists\/\"]}]}<\/script>\n<!-- \/ Yoast SEO plugin. -->","yoast_head_json":{"title":"LABO-LIVER Suplement diety - Herbalists","description":"LABO-LIVER suplement diety maj\u0105cy korzystny wp\u0142yw na funkcje w\u0105troby i trzustki, procesy trawienia oraz metabolizm kom\u00f3rkowy.","robots":{"index":"index","follow":"follow","max-snippet":"max-snippet:-1","max-image-preview":"max-image-preview:large","max-video-preview":"max-video-preview:-1"},"canonical":"https:\/\/tandeherbalists.com\/pl\/produkt\/labo-liver-suplement-diety\/","og_locale":"pl_PL","og_type":"article","og_title":"LABO-LIVER Suplement diety - Herbalists","og_description":"LABO-LIVER suplement diety maj\u0105cy korzystny wp\u0142yw na funkcje w\u0105troby i trzustki, procesy trawienia oraz metabolizm kom\u00f3rkowy.","og_url":"https:\/\/tandeherbalists.com\/pl\/produkt\/labo-liver-suplement-diety\/","og_site_name":"Herbalists","article_publisher":"https:\/\/www.facebook.com\/t.e.Herbalists\/","article_modified_time":"2023-06-23T06:56:46+00:00","og_image":[{"width":500,"height":500,"url":"https:\/\/tandeherbalists.com\/wp-content\/uploads\/2023\/03\/liver.jpg","type":"image\/jpeg"}],"twitter_card":"summary_large_image","twitter_misc":{"Szacowany czas czytania":"5 minut"},"schema":{"@context":"https:\/\/schema.org","@graph":[{"@type":"WebPage","@id":"https:\/\/tandeherbalists.com\/pl\/produkt\/labo-liver-suplement-diety\/","url":"https:\/\/tandeherbalists.com\/pl\/produkt\/labo-liver-suplement-diety\/","name":"LABO-LIVER Suplement diety - Herbalists","isPartOf":{"@id":"https:\/\/tandeherbalists.com\/pl\/#website"},"datePublished":"2023-06-19T15:33:39+00:00","dateModified":"2023-06-23T06:56:46+00:00","description":"LABO-LIVER suplement diety maj\u0105cy korzystny wp\u0142yw na funkcje w\u0105troby i trzustki, procesy trawienia oraz metabolizm kom\u00f3rkowy.","breadcrumb":{"@id":"https:\/\/tandeherbalists.com\/pl\/produkt\/labo-liver-suplement-diety\/#breadcrumb"},"inLanguage":"pl-PL","potentialAction":[{"@type":"ReadAction","target":["https:\/\/tandeherbalists.com\/pl\/produkt\/labo-liver-suplement-diety\/"]}]},{"@type":"BreadcrumbList","@id":"https:\/\/tandeherbalists.com\/pl\/produkt\/labo-liver-suplement-diety\/#breadcrumb","itemListElement":[{"@type":"ListItem","position":1,"name":"Sklep","item":"https:\/\/tandeherbalists.com\/pl\/sklep\/"},{"@type":"ListItem","position":2,"name":"LABO-LIVER Suplement diety"}]},{"@type":"WebSite","@id":"https:\/\/tandeherbalists.com\/pl\/#website","url":"https:\/\/tandeherbalists.com\/pl\/","name":"Tandeherbalists","description":"","publisher":{"@id":"https:\/\/tandeherbalists.com\/pl\/#organization"},"potentialAction":[{"@type":"SearchAction","target":{"@type":"EntryPoint","urlTemplate":"https:\/\/tandeherbalists.com\/pl\/?s={search_term_string}"},"query-input":"required name=search_term_string"}],"inLanguage":"pl-PL"},{"@type":"Organization","@id":"https:\/\/tandeherbalists.com\/pl\/#organization","name":"Tandeherbalists","url":"https:\/\/tandeherbalists.com\/pl\/","logo":{"@type":"ImageObject","inLanguage":"pl-PL","@id":"https:\/\/tandeherbalists.com\/pl\/#\/schema\/logo\/image\/","url":"https:\/\/tandeherbalists.com\/wp-content\/uploads\/2023\/01\/logo-herba.svg","contentUrl":"https:\/\/tandeherbalists.com\/wp-content\/uploads\/2023\/01\/logo-herba.svg","width":400,"height":400,"caption":"Tandeherbalists"},"image":{"@id":"https:\/\/tandeherbalists.com\/pl\/#\/schema\/logo\/image\/"},"sameAs":["https:\/\/www.facebook.com\/t.e.Herbalists\/","https:\/\/www.instagram.com\/teherbalists\/"]}]}},"_links":{"self":[{"href":"https:\/\/tandeherbalists.com\/pl\/wp-json\/wp\/v2\/product\/994875","targetHints":{"allow":["GET"]}}],"collection":[{"href":"https:\/\/tandeherbalists.com\/pl\/wp-json\/wp\/v2\/product"}],"about":[{"href":"https:\/\/tandeherbalists.com\/pl\/wp-json\/wp\/v2\/types\/product"}],"replies":[{"embeddable":true,"href":"https:\/\/tandeherbalists.com\/pl\/wp-json\/wp\/v2\/comments?post=994875"}],"version-history":[{"count":5,"href":"https:\/\/tandeherbalists.com\/pl\/wp-json\/wp\/v2\/product\/994875\/revisions"}],"predecessor-version":[{"id":996084,"href":"https:\/\/tandeherbalists.com\/pl\/wp-json\/wp\/v2\/product\/994875\/revisions\/996084"}],"wp:featuredmedia":[{"embeddable":true,"href":"https:\/\/tandeherbalists.com\/pl\/wp-json\/wp\/v2\/media\/993665"}],"wp:attachment":[{"href":"https:\/\/tandeherbalists.com\/pl\/wp-json\/wp\/v2\/media?parent=994875"}],"wp:term":[{"taxonomy":"product_cat","embeddable":true,"href":"https:\/\/tandeherbalists.com\/pl\/wp-json\/wp\/v2\/product_cat?post=994875"},{"taxonomy":"product_tag","embeddable":true,"href":"https:\/\/tandeherbalists.com\/pl\/wp-json\/wp\/v2\/product_tag?post=994875"}],"curies":[{"name":"wp","href":"https:\/\/api.w.org\/{rel}","templated":true}]}}