{"id":994869,"date":"2023-06-19T17:19:28","date_gmt":"2023-06-19T15:19:28","guid":{"rendered":"http:\/\/tandeherbalists.com\/?post_type=product&#038;p=994869"},"modified":"2023-06-21T15:00:38","modified_gmt":"2023-06-21T13:00:38","slug":"labo-max-dietary-supplement","status":"publish","type":"product","link":"https:\/\/tandeherbalists.com\/pl\/produkt\/labo-max-dietary-supplement\/","title":{"rendered":"LABO-MAX Suplement diety"},"content":{"rendered":"\t\t<div data-elementor-type=\"product-post\" data-elementor-id=\"994869\" class=\"elementor elementor-994869\">\n\t\t\t\t\t\t\t\t\t<section class=\"elementor-section elementor-top-section elementor-element elementor-element-7e5ebae5 elementor-section-boxed elementor-section-height-default elementor-section-height-default\" data-id=\"7e5ebae5\" data-element_type=\"section\">\n\t\t\t\t\t\t<div class=\"elementor-container elementor-column-gap-default\">\n\t\t\t\t\t<div class=\"elementor-column elementor-col-100 elementor-top-column elementor-element elementor-element-6e192a9d\" data-id=\"6e192a9d\" data-element_type=\"column\">\n\t\t\t<div class=\"elementor-widget-wrap elementor-element-populated\">\n\t\t\t\t\t\t\t\t<div class=\"elementor-element elementor-element-6686c8eb elementor-widget elementor-widget-text-editor\" data-id=\"6686c8eb\" data-element_type=\"widget\" data-widget_type=\"text-editor.default\">\n\t\t\t\t<div class=\"elementor-widget-container\">\n\t\t\t<style>\/*! elementor - v3.13.3 - 22-05-2023 *\/\n.elementor-widget-text-editor.elementor-drop-cap-view-stacked .elementor-drop-cap{background-color:#69727d;color:#fff}.elementor-widget-text-editor.elementor-drop-cap-view-framed .elementor-drop-cap{color:#69727d;border:3px solid;background-color:transparent}.elementor-widget-text-editor:not(.elementor-drop-cap-view-default) .elementor-drop-cap{margin-top:8px}.elementor-widget-text-editor:not(.elementor-drop-cap-view-default) .elementor-drop-cap-letter{width:1em;height:1em}.elementor-widget-text-editor .elementor-drop-cap{float:left;text-align:center;line-height:1;font-size:50px}.elementor-widget-text-editor .elementor-drop-cap-letter{display:inline-block}<\/style>\t\t\t\t<p><strong>LABO-MAX<\/strong> Wysoka odporno\u015b\u0107<\/p><p>Preparat opracowany zosta\u0142 z niezwyk\u0142\u0105 staranno\u015bci\u0105, aby uzupe\u0142ni\u0107 diet\u0119 w sk\u0142adniki niezb\u0119dne do prawid\u0142owego funkcjonowania uk\u0142adu odporno\u015bciowego. Dzi\u0119ki synergistycznemu po\u0142\u0105czeniu siedmiu zi\u00f3\u0142 (chinowiec, berberys, oman, arcydzi\u0119giel, mirra, tatarak, lukrecja), cynku oraz witaminy C, zapewniona jest w\u0142a\u015bciwa praca uk\u0142adu odporno\u015bciowego.<\/p><p><strong><img loading=\"lazy\" decoding=\"async\" src=\"http:\/\/tandeherbalists.com\/wp-content\/uploads\/2023\/03\/02-1-scaled.jpg\" alt=\"\" width=\"185\" height=\"247\" \/><\/strong><\/p><ul><li><strong>Witamina C<\/strong> wp\u0142ywa na prawid\u0142ow\u0105 produkcj\u0119 kolagenu, co jest niezb\u0119dne do zapewnienia w\u0142a\u015bciwej pracy naczy\u0144 krwiono\u015bnych oraz uk\u0142adu odporno\u015bciowego.<\/li><li><strong>Cynk<\/strong> jest wa\u017cnym sk\u0142adnikiem pomagaj\u0105cym w utrzymaniu prawid\u0142owego metabolizmu makrosk\u0142adnik\u00f3w od\u017cywczych oraz we w\u0142a\u015bciwej syntezie bia\u0142ek. Cynk r\u00f3wnie\u017c chroni kom\u00f3rki przed stresem oksydacyjnym i wp\u0142ywa na prawid\u0142owe funkcjonowanie uk\u0142adu odporno\u015bciowego.<\/li><\/ul><p><strong>Zastosowanie: <\/strong><\/p><p>wspomaganie organizmu w stanach obni\u017conej aktywno\u015bci uk\u0142adu odporno\u015bciowego. Uzupe\u0142nianie diety w przypadku dolegliwo\u015bci zwi\u0105zanych z przezi\u0119bieniami i uk\u0142adem oddechowym.<\/p><p><strong>Sk\u0142ad:<\/strong><\/p><ul><li>Chinowiec lekarski \u2013 Cinchona officinalis L. \u2013 kora zmikronizowana (drobno zmielona)<\/li><li>Berberys zwyczajny \u2013 Berberis vulgaris L. \u2013 kora zmikronizowana<\/li><li>Lukrecja g\u0142adka \u2013 Glycyrrhiza glabra L. \u2013 korze\u0144 zmikronizowany<\/li><li>Oman wielki \u2013 Inula helenium L. \u2013 korze\u0144 zmikronizowany<\/li><li>Tatarak zwyczajny \u2013 Acorus calamus L. \u2013 k\u0142\u0105cze zmikronizowane<\/li><li>Arcydzi\u0119giel litwor \u2013 Archangelica officinalis Hoffmann \u2013 korze\u0144 zmikronizowany<\/li><li>Mirra \u2013 Myrrhae z balsamowca \u2013 Commiphora myrrha (Nees) Engl. \u2013 gumo\u017cywica zmikronizowana<\/li><li>Kwas L-askorbinowy (witamina C)<\/li><li>Cytrynian cynku<\/li><\/ul><p><strong>Zalecane dzienne spo\u017cycie: <\/strong><\/p><p>1 kapsu\u0142ka 3 razy dziennie. Po za\u017cyciu kapsu\u0142ki zaleca si\u0119 przyj\u0105\u0107 przynajmniej 200 ml ciep\u0142ego napoju. Produkt zawiera 60 kapsu\u0142ek, co wystarcza na 20 dni stosowania.<\/p><p>Zaleca si\u0119 spo\u017cywanie produktu na czczo lub po lekkim posi\u0142ku. Nie nale\u017cy przekracza\u0107 zalecanej dziennej porcji. Suplementy diety nie mog\u0105 zast\u0105pi\u0107 zr\u00f3\u017cnicowanej diety. Aby zachowa\u0107 dobry stan zdrowia, wa\u017cne jest spo\u017cywanie zr\u00f3\u017cnicowanej diety i prowadzenie zdrowego stylu \u017cycia.<\/p><p>W okresie ci\u0105\u017cy i karmienia piersi\u0105 oraz w przypadku przewlek\u0142ego stosowania lek\u00f3w, nale\u017cy skonsultowa\u0107 si\u0119 z lekarzem przed zastosowaniem produktu.<\/p><p><strong>Spos\u00f3b przechowywania: <\/strong><\/p><p>Produkt nale\u017cy przechowywa\u0107 w suchym i ch\u0142odnym miejscu, chroni\u0105c go przed wilgoci\u0105. Nale\u017cy przechowywa\u0107 go w miejscu niedost\u0119pnym dla dzieci.<\/p><p>Wybierz sprawdzony suplement diety, aby wzmocni\u0107 organizm. Nigdy nie jest za p\u00f3\u017ano, aby zacz\u0105\u0107 o niego dba\u0107!<\/p><p>Produkt nie zawiera alergen\u00f3w takich jak gluten, skorupiaki, jaja, ryby, soja, mleko, orzechy, orzeszki arachidowe, seler, gorczyca, sezam, tlenek siarki, siarczyny, mi\u0119czaki, co zosta\u0142o potwierdzone na podstawie Dyrektywy UE 2000\/13\/WE, 2006\/142\/WE oraz 2007\/68\/WE.<\/p><p>Nasz organizm nie jest w stanie samodzielnie wyprodukowa\u0107 niezb\u0119dnych witamin do \u017cycia i zdrowia. Musimy dostarcza\u0107 mu wszystkie substancje od\u017cywcze z po\u017cywieniem lub odpowiednimi suplementami. Niestety, wyb\u00f3r odpowiedniego preparatu nie jest \u0142atwy. Na rynku istnieje wiele r\u00f3\u017cnych suplement\u00f3w o z\u0142o\u017conym sk\u0142adzie, pochodz\u0105cych z naturalnych \u017ar\u00f3de\u0142 ro\u015blinnych i zwierz\u0119cych lub pozyskiwanych syntetycznie. Stan przewlek\u0142ego zm\u0119czenia, senno\u015b\u0107, wypadanie w\u0142os\u00f3w, podatno\u015b\u0107 na infekcje czy kiepski stan sk\u00f3ry \u015bwiadcz\u0105 o potrzebie wzmocnienia organizmu. Je\u015bli zauwa\u017cy\u0142e\u015b takie objawy u siebie, zwr\u00f3\u0107 uwag\u0119 na dost\u0119pny u nas suplement diety Labo-Max.<\/p><p>Dlaczego warto wspiera\u0107 odporno\u015b\u0107 organizmu suplementem diety Labo-Max? Sk\u0142adniki aktywne, takie jak cynk i witamina C, pozytywnie wp\u0142ywaj\u0105 na uk\u0142ad odporno\u015bciowy, zapewniaj\u0105c jego prawid\u0142owe funkcjonowanie i przyspieszaj\u0105c proces wyleczenia w przypadku infekcji. Dodatek ro\u015blinnych sk\u0142adnik\u00f3w uzupe\u0142nia to dzia\u0142anie, dostarczaj\u0105c organizmowi cennych mikro- i makroelement\u00f3w. Zmikronizowana forma zapewnia ich \u0142atwe i szybkie przyswajanie.<\/p><p>Wybierz suplement diety bez alergen\u00f3w. Niekt\u00f3re suplementy mog\u0105 zawiera\u0107 \u015bladowe ilo\u015bci substancji, kt\u00f3re s\u0105 bardzo silnymi alergenami. Spo\u017cycie przez osoby uczulone mo\u017ce stanowi\u0107 zagro\u017cenie dla zdrowia, a nawet \u017cycia. Labo-Max nie zawiera w swoim sk\u0142adzie alergen\u00f3w, takich jak gluten, skorupiaki, jaja, ryby, soja, mleko, orzechy, orzeszki arachidowe, seler, gorczyca, sezam, tlenek siarki, siarczyny i mi\u0119czaki. Dzi\u0119ki temu jest odpowiedni tak\u017ce dla os\u00f3b, kt\u00f3re maj\u0105 negatywn\u0105 reakcj\u0119 na tego typu sk\u0142adniki.<\/p><ul><li style=\"list-style-type: none;\">\u00a0<\/li><\/ul><p><img loading=\"lazy\" decoding=\"async\" class=\"aligncenter\" src=\"http:\/\/tandeherbalists.com\/wp-content\/uploads\/2023\/03\/all-1-300x150.jpg\" alt=\"\" width=\"300\" height=\"150\" \/><\/p><p>Je\u015bli szukasz suplementu diety na wzmocnienie organizmu i chcesz zadba\u0107 o siebie preparatem o bogatym sk\u0142adzie, wypr\u00f3buj Labo-Max.<\/p>\t\t\t\t\t\t<\/div>\n\t\t\t\t<\/div>\n\t\t\t\t\t<\/div>\n\t\t<\/div>\n\t\t\t\t\t\t\t<\/div>\n\t\t<\/section>\n\t\t\t\t\t\t\t<\/div>\n\t\t","protected":false},"excerpt":{"rendered":"<p>LABO-MAX Wysoka odporno\u015b\u0107 Preparat opracowany zosta\u0142 z niezwyk\u0142\u0105 staranno\u015bci\u0105, aby uzupe\u0142ni\u0107 diet\u0119 w sk\u0142adniki niezb\u0119dne do prawid\u0142owego funkcjonowania uk\u0142adu odporno\u015bciowego. Dzi\u0119ki synergistycznemu po\u0142\u0105czeniu siedmiu zi\u00f3\u0142 (chinowiec, berberys, oman, arcydzi\u0119giel, mirra,&#8230;<\/p>\n","protected":false},"featured_media":993659,"comment_status":"closed","ping_status":"closed","template":"","meta":[],"product_cat":[129],"product_tag":[],"class_list":["post-994869","product","type-product","status-publish","has-post-thumbnail","hentry","product_cat-suplementy"],"yoast_head":"<!-- This site is optimized with the Yoast SEO plugin v20.7 - https:\/\/yoast.com\/wordpress\/plugins\/seo\/ -->\n<title>LABO-MAX Suplement diety - Herbalists<\/title>\n<meta name=\"description\" content=\"LABO-MAX naturalny preparat uzupe\u0142niaj\u0105cy diet\u0119 w sk\u0142adniki niezb\u0119dne do prawid\u0142owego funkcjonowania uk\u0142adu odporno\u015bciowego.\" \/>\n<meta name=\"robots\" content=\"index, follow, max-snippet:-1, max-image-preview:large, max-video-preview:-1\" \/>\n<link rel=\"canonical\" href=\"https:\/\/tandeherbalists.com\/pl\/produkt\/labo-max-dietary-supplement\/\" \/>\n<meta property=\"og:locale\" content=\"pl_PL\" \/>\n<meta property=\"og:type\" content=\"article\" \/>\n<meta property=\"og:title\" content=\"LABO-MAX Suplement diety - Herbalists\" \/>\n<meta property=\"og:description\" content=\"LABO-MAX naturalny preparat uzupe\u0142niaj\u0105cy diet\u0119 w sk\u0142adniki niezb\u0119dne do prawid\u0142owego funkcjonowania uk\u0142adu odporno\u015bciowego.\" \/>\n<meta property=\"og:url\" content=\"https:\/\/tandeherbalists.com\/pl\/produkt\/labo-max-dietary-supplement\/\" \/>\n<meta property=\"og:site_name\" content=\"Herbalists\" \/>\n<meta property=\"article:publisher\" content=\"https:\/\/www.facebook.com\/t.e.Herbalists\/\" \/>\n<meta property=\"article:modified_time\" content=\"2023-06-21T13:00:38+00:00\" \/>\n<meta property=\"og:image\" content=\"https:\/\/tandeherbalists.com\/wp-content\/uploads\/2023\/03\/labomax.jpg\" \/>\n\t<meta property=\"og:image:width\" content=\"500\" \/>\n\t<meta property=\"og:image:height\" content=\"500\" \/>\n\t<meta property=\"og:image:type\" content=\"image\/jpeg\" \/>\n<meta name=\"twitter:card\" content=\"summary_large_image\" \/>\n<script type=\"application\/ld+json\" class=\"yoast-schema-graph\">{\"@context\":\"https:\/\/schema.org\",\"@graph\":[{\"@type\":\"WebPage\",\"@id\":\"https:\/\/tandeherbalists.com\/pl\/produkt\/labo-max-dietary-supplement\/\",\"url\":\"https:\/\/tandeherbalists.com\/pl\/produkt\/labo-max-dietary-supplement\/\",\"name\":\"LABO-MAX Suplement diety - Herbalists\",\"isPartOf\":{\"@id\":\"https:\/\/tandeherbalists.com\/pl\/#website\"},\"datePublished\":\"2023-06-19T15:19:28+00:00\",\"dateModified\":\"2023-06-21T13:00:38+00:00\",\"description\":\"LABO-MAX naturalny preparat uzupe\u0142niaj\u0105cy diet\u0119 w sk\u0142adniki niezb\u0119dne do prawid\u0142owego funkcjonowania uk\u0142adu odporno\u015bciowego.\",\"breadcrumb\":{\"@id\":\"https:\/\/tandeherbalists.com\/pl\/produkt\/labo-max-dietary-supplement\/#breadcrumb\"},\"inLanguage\":\"pl-PL\",\"potentialAction\":[{\"@type\":\"ReadAction\",\"target\":[\"https:\/\/tandeherbalists.com\/pl\/produkt\/labo-max-dietary-supplement\/\"]}]},{\"@type\":\"BreadcrumbList\",\"@id\":\"https:\/\/tandeherbalists.com\/pl\/produkt\/labo-max-dietary-supplement\/#breadcrumb\",\"itemListElement\":[{\"@type\":\"ListItem\",\"position\":1,\"name\":\"Sklep\",\"item\":\"https:\/\/tandeherbalists.com\/pl\/sklep\/\"},{\"@type\":\"ListItem\",\"position\":2,\"name\":\"LABO-MAX Suplement diety\"}]},{\"@type\":\"WebSite\",\"@id\":\"https:\/\/tandeherbalists.com\/pl\/#website\",\"url\":\"https:\/\/tandeherbalists.com\/pl\/\",\"name\":\"Tandeherbalists\",\"description\":\"\",\"publisher\":{\"@id\":\"https:\/\/tandeherbalists.com\/pl\/#organization\"},\"potentialAction\":[{\"@type\":\"SearchAction\",\"target\":{\"@type\":\"EntryPoint\",\"urlTemplate\":\"https:\/\/tandeherbalists.com\/pl\/?s={search_term_string}\"},\"query-input\":\"required name=search_term_string\"}],\"inLanguage\":\"pl-PL\"},{\"@type\":\"Organization\",\"@id\":\"https:\/\/tandeherbalists.com\/pl\/#organization\",\"name\":\"Tandeherbalists\",\"url\":\"https:\/\/tandeherbalists.com\/pl\/\",\"logo\":{\"@type\":\"ImageObject\",\"inLanguage\":\"pl-PL\",\"@id\":\"https:\/\/tandeherbalists.com\/pl\/#\/schema\/logo\/image\/\",\"url\":\"https:\/\/tandeherbalists.com\/wp-content\/uploads\/2023\/01\/logo-herba.svg\",\"contentUrl\":\"https:\/\/tandeherbalists.com\/wp-content\/uploads\/2023\/01\/logo-herba.svg\",\"width\":400,\"height\":400,\"caption\":\"Tandeherbalists\"},\"image\":{\"@id\":\"https:\/\/tandeherbalists.com\/pl\/#\/schema\/logo\/image\/\"},\"sameAs\":[\"https:\/\/www.facebook.com\/t.e.Herbalists\/\",\"https:\/\/www.instagram.com\/teherbalists\/\"]}]}<\/script>\n<!-- \/ Yoast SEO plugin. -->","yoast_head_json":{"title":"LABO-MAX Suplement diety - Herbalists","description":"LABO-MAX naturalny preparat uzupe\u0142niaj\u0105cy diet\u0119 w sk\u0142adniki niezb\u0119dne do prawid\u0142owego funkcjonowania uk\u0142adu odporno\u015bciowego.","robots":{"index":"index","follow":"follow","max-snippet":"max-snippet:-1","max-image-preview":"max-image-preview:large","max-video-preview":"max-video-preview:-1"},"canonical":"https:\/\/tandeherbalists.com\/pl\/produkt\/labo-max-dietary-supplement\/","og_locale":"pl_PL","og_type":"article","og_title":"LABO-MAX Suplement diety - Herbalists","og_description":"LABO-MAX naturalny preparat uzupe\u0142niaj\u0105cy diet\u0119 w sk\u0142adniki niezb\u0119dne do prawid\u0142owego funkcjonowania uk\u0142adu odporno\u015bciowego.","og_url":"https:\/\/tandeherbalists.com\/pl\/produkt\/labo-max-dietary-supplement\/","og_site_name":"Herbalists","article_publisher":"https:\/\/www.facebook.com\/t.e.Herbalists\/","article_modified_time":"2023-06-21T13:00:38+00:00","og_image":[{"width":500,"height":500,"url":"https:\/\/tandeherbalists.com\/wp-content\/uploads\/2023\/03\/labomax.jpg","type":"image\/jpeg"}],"twitter_card":"summary_large_image","schema":{"@context":"https:\/\/schema.org","@graph":[{"@type":"WebPage","@id":"https:\/\/tandeherbalists.com\/pl\/produkt\/labo-max-dietary-supplement\/","url":"https:\/\/tandeherbalists.com\/pl\/produkt\/labo-max-dietary-supplement\/","name":"LABO-MAX Suplement diety - Herbalists","isPartOf":{"@id":"https:\/\/tandeherbalists.com\/pl\/#website"},"datePublished":"2023-06-19T15:19:28+00:00","dateModified":"2023-06-21T13:00:38+00:00","description":"LABO-MAX naturalny preparat uzupe\u0142niaj\u0105cy diet\u0119 w sk\u0142adniki niezb\u0119dne do prawid\u0142owego funkcjonowania uk\u0142adu odporno\u015bciowego.","breadcrumb":{"@id":"https:\/\/tandeherbalists.com\/pl\/produkt\/labo-max-dietary-supplement\/#breadcrumb"},"inLanguage":"pl-PL","potentialAction":[{"@type":"ReadAction","target":["https:\/\/tandeherbalists.com\/pl\/produkt\/labo-max-dietary-supplement\/"]}]},{"@type":"BreadcrumbList","@id":"https:\/\/tandeherbalists.com\/pl\/produkt\/labo-max-dietary-supplement\/#breadcrumb","itemListElement":[{"@type":"ListItem","position":1,"name":"Sklep","item":"https:\/\/tandeherbalists.com\/pl\/sklep\/"},{"@type":"ListItem","position":2,"name":"LABO-MAX Suplement diety"}]},{"@type":"WebSite","@id":"https:\/\/tandeherbalists.com\/pl\/#website","url":"https:\/\/tandeherbalists.com\/pl\/","name":"Tandeherbalists","description":"","publisher":{"@id":"https:\/\/tandeherbalists.com\/pl\/#organization"},"potentialAction":[{"@type":"SearchAction","target":{"@type":"EntryPoint","urlTemplate":"https:\/\/tandeherbalists.com\/pl\/?s={search_term_string}"},"query-input":"required name=search_term_string"}],"inLanguage":"pl-PL"},{"@type":"Organization","@id":"https:\/\/tandeherbalists.com\/pl\/#organization","name":"Tandeherbalists","url":"https:\/\/tandeherbalists.com\/pl\/","logo":{"@type":"ImageObject","inLanguage":"pl-PL","@id":"https:\/\/tandeherbalists.com\/pl\/#\/schema\/logo\/image\/","url":"https:\/\/tandeherbalists.com\/wp-content\/uploads\/2023\/01\/logo-herba.svg","contentUrl":"https:\/\/tandeherbalists.com\/wp-content\/uploads\/2023\/01\/logo-herba.svg","width":400,"height":400,"caption":"Tandeherbalists"},"image":{"@id":"https:\/\/tandeherbalists.com\/pl\/#\/schema\/logo\/image\/"},"sameAs":["https:\/\/www.facebook.com\/t.e.Herbalists\/","https:\/\/www.instagram.com\/teherbalists\/"]}]}},"_links":{"self":[{"href":"https:\/\/tandeherbalists.com\/pl\/wp-json\/wp\/v2\/product\/994869","targetHints":{"allow":["GET"]}}],"collection":[{"href":"https:\/\/tandeherbalists.com\/pl\/wp-json\/wp\/v2\/product"}],"about":[{"href":"https:\/\/tandeherbalists.com\/pl\/wp-json\/wp\/v2\/types\/product"}],"replies":[{"embeddable":true,"href":"https:\/\/tandeherbalists.com\/pl\/wp-json\/wp\/v2\/comments?post=994869"}],"version-history":[{"count":4,"href":"https:\/\/tandeherbalists.com\/pl\/wp-json\/wp\/v2\/product\/994869\/revisions"}],"predecessor-version":[{"id":994874,"href":"https:\/\/tandeherbalists.com\/pl\/wp-json\/wp\/v2\/product\/994869\/revisions\/994874"}],"wp:featuredmedia":[{"embeddable":true,"href":"https:\/\/tandeherbalists.com\/pl\/wp-json\/wp\/v2\/media\/993659"}],"wp:attachment":[{"href":"https:\/\/tandeherbalists.com\/pl\/wp-json\/wp\/v2\/media?parent=994869"}],"wp:term":[{"taxonomy":"product_cat","embeddable":true,"href":"https:\/\/tandeherbalists.com\/pl\/wp-json\/wp\/v2\/product_cat?post=994869"},{"taxonomy":"product_tag","embeddable":true,"href":"https:\/\/tandeherbalists.com\/pl\/wp-json\/wp\/v2\/product_tag?post=994869"}],"curies":[{"name":"wp","href":"https:\/\/api.w.org\/{rel}","templated":true}]}}