{"id":994857,"date":"2023-06-19T13:00:34","date_gmt":"2023-06-19T11:00:34","guid":{"rendered":"http:\/\/tandeherbalists.com\/?post_type=product&#038;p=994857"},"modified":"2023-06-21T15:01:40","modified_gmt":"2023-06-21T13:01:40","slug":"labo-hem-suplement-diety","status":"publish","type":"product","link":"https:\/\/tandeherbalists.com\/pl\/produkt\/labo-hem-suplement-diety\/","title":{"rendered":"LABO-HEM Suplement diety"},"content":{"rendered":"\t\t<div data-elementor-type=\"product-post\" data-elementor-id=\"994857\" class=\"elementor elementor-994857\">\n\t\t\t\t\t\t\t\t\t<section class=\"elementor-section elementor-top-section elementor-element elementor-element-7e5ebae5 elementor-section-boxed elementor-section-height-default elementor-section-height-default\" data-id=\"7e5ebae5\" data-element_type=\"section\">\n\t\t\t\t\t\t<div class=\"elementor-container elementor-column-gap-default\">\n\t\t\t\t\t<div class=\"elementor-column elementor-col-100 elementor-top-column elementor-element elementor-element-6e192a9d\" data-id=\"6e192a9d\" data-element_type=\"column\">\n\t\t\t<div class=\"elementor-widget-wrap elementor-element-populated\">\n\t\t\t\t\t\t\t\t<div class=\"elementor-element elementor-element-6686c8eb elementor-widget elementor-widget-text-editor\" data-id=\"6686c8eb\" data-element_type=\"widget\" data-widget_type=\"text-editor.default\">\n\t\t\t\t<div class=\"elementor-widget-container\">\n\t\t\t<style>\/*! elementor - v3.13.3 - 22-05-2023 *\/\n.elementor-widget-text-editor.elementor-drop-cap-view-stacked .elementor-drop-cap{background-color:#69727d;color:#fff}.elementor-widget-text-editor.elementor-drop-cap-view-framed .elementor-drop-cap{color:#69727d;border:3px solid;background-color:transparent}.elementor-widget-text-editor:not(.elementor-drop-cap-view-default) .elementor-drop-cap{margin-top:8px}.elementor-widget-text-editor:not(.elementor-drop-cap-view-default) .elementor-drop-cap-letter{width:1em;height:1em}.elementor-widget-text-editor .elementor-drop-cap{float:left;text-align:center;line-height:1;font-size:50px}.elementor-widget-text-editor .elementor-drop-cap-letter{display:inline-block}<\/style>\t\t\t\t<p><strong>Labo-Hem<\/strong> \u2013 suplement diety<\/p><p>Zdrowa krew. Wysoka odporno\u015b\u0107.<\/p><p>Preparat Labo-Hem to wyj\u0105tkowo starannie opracowana formu\u0142a suplementu diety, kt\u00f3ra uzupe\u0142nia diet\u0119 w efektywne sk\u0142adniki niezb\u0119dne do prawid\u0142owego funkcjonowania szpiku kostnego, krwi i uk\u0142adu odporno\u015bciowego. Dzi\u0119ki synergistycznemu po\u0142\u0105czeniu 5 zi\u00f3\u0142 (pokrzywa, lucerna, buzdyganek, w\u0105krotka, gryka), 8 minera\u0142\u00f3w (Fe, Zn, Mn, Cu, Mo, Cr, I, Se) oraz 12 witamin ((A, D, E, C, z grupy B) preparat pomaga w utrzymaniu wysokiej aktywno\u015bci uk\u0142adu immunologicznego oraz systemu krwiotw\u00f3rczego.<\/p><p><strong><img loading=\"lazy\" decoding=\"async\" class=\"wp-image-991988 aligncenter\" src=\"http:\/\/tandeherbalists.com\/wp-content\/uploads\/2023\/03\/05-1-scaled.jpg\" alt=\"\" width=\"184\" height=\"245\" srcset=\"https:\/\/tandeherbalists.com\/wp-content\/uploads\/2023\/03\/05-1-scaled.jpg 600w, https:\/\/tandeherbalists.com\/wp-content\/uploads\/2023\/03\/05-1-scaled-64x85.jpg 64w\" sizes=\"auto, (max-width: 184px) 100vw, 184px\" \/><\/strong><\/p><p><span style=\"color: var( --e-global-color-vamtam_accent_6 ); letter-spacing: var(--vamtam-primary-font-letter-spacing-desktop,normal); text-transform: var(--vamtam-primary-font-transform,none);\">Opr\u00f3cz czerwonych i bia\u0142ych krwinek, innym wa\u017cnym elementem morfotycznym krwi s\u0105 p\u0142ytki krwi. Ich rol\u0105 jest uczestniczenie w procesach krzepni\u0119cia, poniewa\u017c kiedy dochodzi do przerwania ci\u0105g\u0142o\u015bci naczynia, p\u0142ytki osiadaj\u0105 na nim i tworz\u0105 czop p\u0142ytkowy, b\u0119d\u0105cy pierwszym etapem krzepni\u0119cia. Ponadto, p\u0142ytki krwi stymuluj\u0105 wzrost tkanki mi\u0119\u015bniowej oraz kom\u00f3rek tkanki \u0142\u0105cznej, czyli fibroblast\u00f3w. Ze wzgl\u0119du na ich nieocenion\u0105 rol\u0119 w organizmie, w przypadku niedobor\u00f3w warto si\u0119gn\u0105\u0107 po wysokiej jako\u015bci suplementy na p\u0142ytki krwi, takie jak Labo-Hem. Preparat ten to kompozycja starannie dobranych zi\u00f3\u0142, minera\u0142\u00f3w i witamin, kt\u00f3re wspieraj\u0105 utrzymanie wysokiej aktywno\u015bci uk\u0142adu immunologicznego oraz systemu krwiotw\u00f3rczego. Sprawd\u017a sam!<\/span><\/p><p><strong style=\"color: var( --e-global-color-vamtam_accent_6 ); letter-spacing: var(--vamtam-primary-font-letter-spacing-desktop,normal); text-transform: var(--vamtam-primary-font-transform,none);\">Zadbaj o swoj\u0105 krew \u2013 postaw na suplement Labo-Hem<\/strong><\/p><p><span style=\"color: var( --e-global-color-vamtam_accent_6 ); letter-spacing: var(--vamtam-primary-font-letter-spacing-desktop,normal); text-transform: var(--vamtam-primary-font-transform,none);\">Prezentowany przez nas specyfik wyr\u00f3\u017cnia si\u0119 wszechstronnym oddzia\u0142ywaniem na zdrowie ca\u0142ego organizmu. Znacz\u0105co poprawia przyswajalno\u015b\u0107 \u017celaza, pomaga utrzyma\u0107 prawid\u0142owy poziom glukozy we krwi oraz chroni kom\u00f3rki przed stresem oksydacyjnym. Kiedy warto si\u0119gn\u0105\u0107 po suplement kapsu\u0142kami Labo-Hem? Przede wszystkim po wykonaniu bada\u0144 krwi oraz po konsultacji z lekarzem. Suplement na p\u0142ytki krwi Labo-Hem b\u0119dzie niezast\u0105piony w stanach wi\u0119kszego os\u0142abienia, poniewa\u017c stymuluje proces odnowy kom\u00f3rek oraz wzmacnia organizm. Ponadto, sprzyja budowaniu wysokiej odporno\u015bci i wspiera ca\u0142y uk\u0142ad krwiono\u015bny. Zapraszamy!<\/span><\/p><ul><li style=\"list-style-type: none;\"><ul><li><strong>Witamina C<\/strong> jest niezb\u0119dna dla prawid\u0142owej produkcji kolagenu, co wp\u0142ywa na zdrowie sk\u00f3ry i naczy\u0144 krwiono\u015bnych, a tak\u017ce zwi\u0119ksza przyswajanie \u017celaza i pomaga chroni\u0107 kom\u00f3rki przed stresem oksydacyjnym, poprawiaj\u0105c funkcjonowanie uk\u0142adu odporno\u015bciowego.<\/li><li><strong>Biotyna<\/strong> wp\u0142ywa na prawid\u0142owy metabolizm mikrosk\u0142adnik\u00f3w od\u017cywczych i pomaga zachowa\u0107 zdrowe w\u0142osy, sk\u00f3r\u0119 i paznokcie, a tak\u017ce utrzyma\u0107 w\u0142a\u015bciwy stan b\u0142on \u015bluzowych.<\/li><li><strong>Chrom<\/strong> pomaga utrzyma\u0107 prawid\u0142owy poziom glukozy we krwi oraz metabolizm mikrosk\u0142adnik\u00f3w od\u017cywczych.<\/li><li><strong>Cynk<\/strong> pomaga utrzyma\u0107 r\u00f3wnowag\u0119 kwasowo-zasadow\u0105, przyswajanie witaminy A i kwas\u00f3w t\u0142uszczowych, syntez\u0119 DNA i bia\u0142ka, a tak\u017ce prawid\u0142owe funkcjonowanie uk\u0142adu odporno\u015bciowego, proces podzia\u0142u kom\u00f3rek i ochron\u0119 przed stresem oksydacyjnym. Pomaga r\u00f3wnie\u017c zachowa\u0107 zdrowe w\u0142osy, paznokcie i sk\u00f3r\u0119.<\/li><li><strong>Foliany<\/strong>, <strong>witamina B6<\/strong> i <strong>B12<\/strong> pomagaj\u0105 utrzyma\u0107 prawid\u0142owy metabolizm homocysteiny i produkcj\u0119 krwi.<\/li><li>Jod, mangan, witamina B1 i kwas pantotenowy pomagaj\u0105 w utrzymaniu prawid\u0142owego metabolizmu energetycznego, podczas gdy mied\u017a i mangan wp\u0142ywaj\u0105 na prawid\u0142owe tworzenie tkanek \u0142\u0105cznych. Mied\u017a jest r\u00f3wnie\u017c niezb\u0119dna dla prawid\u0142owego funkcjonowania uk\u0142adu odporno\u015bciowego i ochrony przed stresem oksydacyjnym, a tak\u017ce dla prawid\u0142owego transportu \u017celaza w organizmie.<\/li><li><strong>Molibden<\/strong> wp\u0142ywa na prawid\u0142owy metabolizm aminokwas\u00f3w siarkowych, takich jak metionina, cysteina i cystyna.<\/li><li><strong>Witamina A<\/strong>, <strong>niacyna<\/strong> (witamina PP) i <strong>witamina B2<\/strong> pomagaj\u0105 utrzyma\u0107 prawid\u0142owy stan b\u0142on \u015bluzowych, podczas gdy witamina A wp\u0142ywa r\u00f3wnie\u017c na prawid\u0142owy metabolizm \u017celaza i funkcjonowanie uk\u0142adu odporno\u015bciowego, a tak\u017ce bierze udzia\u0142 w procesie specjalizacji kom\u00f3rek.<\/li><li><strong>Witamina D<\/strong> wp\u0142ywa na prawid\u0142owe funkcjonowanie uk\u0142adu odporno\u015bciowego, wch\u0142anianie i wykorzystanie wapnia i fosforu, a tak\u017ce utrzymanie zdrowych ko\u015bci i mi\u0119\u015bni.<\/li><li><strong>Selen<\/strong> pomaga chroni\u0107 kom\u00f3rki przed stresem oksydacyjnym, wp\u0142ywa na funkcjonowanie tarczycy i uk\u0142adu odporno\u015bciowego.<\/li><li><strong>Witamina B6<\/strong> pomaga w prawid\u0142owej syntezie cysteiny, utrzymuje prawid\u0142owy metabolizm bia\u0142ka i glikogenu oraz reguluje aktywno\u015b\u0107 hormonaln\u0105.<\/li><li><strong>Witamina E<\/strong> pomaga chroni\u0107 kom\u00f3rki przed stresem oksydacyjnym.<\/li><li><strong>Organiczne zwi\u0105zki \u017celaza<\/strong> s\u0105 \u0142atwo przyswajalne i pomagaj\u0105 w produkcji czerwonych krwinek oraz hemoglobiny, co jest niezb\u0119dne do transportu tlenu w organizmie oraz prawid\u0142owego funkcjonowania uk\u0142adu odporno\u015bciowego.<\/li><li><strong>Ekstrakt z ziela pokrzywy<\/strong> zawiera przyswajalny krzem i chlorofil, co sprawia, \u017ce tradycyjnie jest spo\u017cywany jako \u015brodek wspomagaj\u0105cy produkcj\u0119 krwinek i odtruwaj\u0105cy organizm. Buzdyganek, w\u0105krotka i lucerna og\u00f3lnie wzmacniaj\u0105 organizm oraz stymuluj\u0105 procesy odnowy tkanek, a gryka pomaga w utrzymaniu prawid\u0142owej funkcji naczy\u0144 krwiono\u015bnych.<\/li><li><strong>Metionina<\/strong> jest niezb\u0119dna do syntezy bia\u0142ek krwi.<\/li><li><strong>Koenzym Q10<\/strong> bierze udzia\u0142 w wielu istotnych przemianach energetycznych, jest silnym antyoksydantem, zwi\u0119ksza og\u00f3ln\u0105 wydolno\u015b\u0107 fizyczn\u0105 organizmu, uczestniczy w odnowie witaminy E, chroni kom\u00f3rki przed nadmiern\u0105 utrat\u0105 glutationu oraz wzmaga procesy odnowy kom\u00f3rek.<\/li><\/ul><\/li><\/ul><p><img loading=\"lazy\" decoding=\"async\" class=\"aligncenter\" src=\"http:\/\/tandeherbalists.com\/wp-content\/uploads\/2023\/03\/all-1-300x150.jpg\" alt=\"\" width=\"300\" height=\"150\" \/><\/p><p><strong>Najwy\u017cszej jako\u015bci suplementy na p\u0142ytki krwi<\/strong><br \/>Zdrowy organizm wp\u0142ywa na dobre samopoczucie, dlatego warto o niego dba\u0107. W naszym sklepie oferujemy niezawodne suplementy na p\u0142ytki krwi, kt\u00f3re nie kosztuj\u0105 fortuny. Mo\u017cesz zaufa\u0107 producentom, kt\u00f3rzy dbaj\u0105 o Twoje zdrowie i dobre samopoczucie. \u017byczymy udanych zakup\u00f3w w Laboratorium Zielarza!<\/p>\t\t\t\t\t\t<\/div>\n\t\t\t\t<\/div>\n\t\t\t\t\t<\/div>\n\t\t<\/div>\n\t\t\t\t\t\t\t<\/div>\n\t\t<\/section>\n\t\t\t\t\t\t\t<\/div>\n\t\t","protected":false},"excerpt":{"rendered":"<p>Labo-Hem \u2013 suplement diety Zdrowa krew. Wysoka odporno\u015b\u0107. Preparat Labo-Hem to wyj\u0105tkowo starannie opracowana formu\u0142a suplementu diety, kt\u00f3ra uzupe\u0142nia diet\u0119 w efektywne sk\u0142adniki niezb\u0119dne do prawid\u0142owego funkcjonowania szpiku kostnego, krwi&#8230;<\/p>\n","protected":false},"featured_media":993663,"comment_status":"closed","ping_status":"closed","template":"","meta":[],"product_cat":[129],"product_tag":[],"class_list":["post-994857","product","type-product","status-publish","has-post-thumbnail","hentry","product_cat-suplementy"],"yoast_head":"<!-- This site is optimized with the Yoast SEO plugin v20.7 - https:\/\/yoast.com\/wordpress\/plugins\/seo\/ -->\n<title>LABO-HEM Suplement diety - Herbalists<\/title>\n<meta name=\"description\" content=\"LABO-HEM Zdrowa krew. Wysoka odporno\u015b\u0107. Preparat pomaga w utrzymaniu wysokiej aktywno\u015bci uk\u0142adu immunologicznego oraz systemu krwiotw\u00f3rczego.\" \/>\n<meta name=\"robots\" content=\"index, follow, max-snippet:-1, max-image-preview:large, max-video-preview:-1\" \/>\n<link rel=\"canonical\" href=\"https:\/\/tandeherbalists.com\/pl\/produkt\/labo-hem-suplement-diety\/\" \/>\n<meta property=\"og:locale\" content=\"pl_PL\" \/>\n<meta property=\"og:type\" content=\"article\" \/>\n<meta property=\"og:title\" content=\"LABO-HEM Suplement diety - Herbalists\" \/>\n<meta property=\"og:description\" content=\"LABO-HEM Zdrowa krew. Wysoka odporno\u015b\u0107. Preparat pomaga w utrzymaniu wysokiej aktywno\u015bci uk\u0142adu immunologicznego oraz systemu krwiotw\u00f3rczego.\" \/>\n<meta property=\"og:url\" content=\"https:\/\/tandeherbalists.com\/pl\/produkt\/labo-hem-suplement-diety\/\" \/>\n<meta property=\"og:site_name\" content=\"Herbalists\" \/>\n<meta property=\"article:publisher\" content=\"https:\/\/www.facebook.com\/t.e.Herbalists\/\" \/>\n<meta property=\"article:modified_time\" content=\"2023-06-21T13:01:40+00:00\" \/>\n<meta property=\"og:image\" content=\"https:\/\/tandeherbalists.com\/wp-content\/uploads\/2023\/03\/05-3-scaled-1.jpg\" \/>\n\t<meta property=\"og:image:width\" content=\"600\" \/>\n\t<meta property=\"og:image:height\" content=\"800\" \/>\n\t<meta property=\"og:image:type\" content=\"image\/jpeg\" \/>\n<meta name=\"twitter:card\" content=\"summary_large_image\" \/>\n<script type=\"application\/ld+json\" class=\"yoast-schema-graph\">{\"@context\":\"https:\/\/schema.org\",\"@graph\":[{\"@type\":\"WebPage\",\"@id\":\"https:\/\/tandeherbalists.com\/pl\/produkt\/labo-hem-suplement-diety\/\",\"url\":\"https:\/\/tandeherbalists.com\/pl\/produkt\/labo-hem-suplement-diety\/\",\"name\":\"LABO-HEM Suplement diety - Herbalists\",\"isPartOf\":{\"@id\":\"https:\/\/tandeherbalists.com\/pl\/#website\"},\"datePublished\":\"2023-06-19T11:00:34+00:00\",\"dateModified\":\"2023-06-21T13:01:40+00:00\",\"description\":\"LABO-HEM Zdrowa krew. Wysoka odporno\u015b\u0107. Preparat pomaga w utrzymaniu wysokiej aktywno\u015bci uk\u0142adu immunologicznego oraz systemu krwiotw\u00f3rczego.\",\"breadcrumb\":{\"@id\":\"https:\/\/tandeherbalists.com\/pl\/produkt\/labo-hem-suplement-diety\/#breadcrumb\"},\"inLanguage\":\"pl-PL\",\"potentialAction\":[{\"@type\":\"ReadAction\",\"target\":[\"https:\/\/tandeherbalists.com\/pl\/produkt\/labo-hem-suplement-diety\/\"]}]},{\"@type\":\"BreadcrumbList\",\"@id\":\"https:\/\/tandeherbalists.com\/pl\/produkt\/labo-hem-suplement-diety\/#breadcrumb\",\"itemListElement\":[{\"@type\":\"ListItem\",\"position\":1,\"name\":\"Sklep\",\"item\":\"https:\/\/tandeherbalists.com\/pl\/sklep\/\"},{\"@type\":\"ListItem\",\"position\":2,\"name\":\"LABO-HEM Suplement diety\"}]},{\"@type\":\"WebSite\",\"@id\":\"https:\/\/tandeherbalists.com\/pl\/#website\",\"url\":\"https:\/\/tandeherbalists.com\/pl\/\",\"name\":\"Tandeherbalists\",\"description\":\"\",\"publisher\":{\"@id\":\"https:\/\/tandeherbalists.com\/pl\/#organization\"},\"potentialAction\":[{\"@type\":\"SearchAction\",\"target\":{\"@type\":\"EntryPoint\",\"urlTemplate\":\"https:\/\/tandeherbalists.com\/pl\/?s={search_term_string}\"},\"query-input\":\"required name=search_term_string\"}],\"inLanguage\":\"pl-PL\"},{\"@type\":\"Organization\",\"@id\":\"https:\/\/tandeherbalists.com\/pl\/#organization\",\"name\":\"Tandeherbalists\",\"url\":\"https:\/\/tandeherbalists.com\/pl\/\",\"logo\":{\"@type\":\"ImageObject\",\"inLanguage\":\"pl-PL\",\"@id\":\"https:\/\/tandeherbalists.com\/pl\/#\/schema\/logo\/image\/\",\"url\":\"https:\/\/tandeherbalists.com\/wp-content\/uploads\/2023\/01\/logo-herba.svg\",\"contentUrl\":\"https:\/\/tandeherbalists.com\/wp-content\/uploads\/2023\/01\/logo-herba.svg\",\"width\":400,\"height\":400,\"caption\":\"Tandeherbalists\"},\"image\":{\"@id\":\"https:\/\/tandeherbalists.com\/pl\/#\/schema\/logo\/image\/\"},\"sameAs\":[\"https:\/\/www.facebook.com\/t.e.Herbalists\/\",\"https:\/\/www.instagram.com\/teherbalists\/\"]}]}<\/script>\n<!-- \/ Yoast SEO plugin. -->","yoast_head_json":{"title":"LABO-HEM Suplement diety - Herbalists","description":"LABO-HEM Zdrowa krew. Wysoka odporno\u015b\u0107. Preparat pomaga w utrzymaniu wysokiej aktywno\u015bci uk\u0142adu immunologicznego oraz systemu krwiotw\u00f3rczego.","robots":{"index":"index","follow":"follow","max-snippet":"max-snippet:-1","max-image-preview":"max-image-preview:large","max-video-preview":"max-video-preview:-1"},"canonical":"https:\/\/tandeherbalists.com\/pl\/produkt\/labo-hem-suplement-diety\/","og_locale":"pl_PL","og_type":"article","og_title":"LABO-HEM Suplement diety - Herbalists","og_description":"LABO-HEM Zdrowa krew. Wysoka odporno\u015b\u0107. Preparat pomaga w utrzymaniu wysokiej aktywno\u015bci uk\u0142adu immunologicznego oraz systemu krwiotw\u00f3rczego.","og_url":"https:\/\/tandeherbalists.com\/pl\/produkt\/labo-hem-suplement-diety\/","og_site_name":"Herbalists","article_publisher":"https:\/\/www.facebook.com\/t.e.Herbalists\/","article_modified_time":"2023-06-21T13:01:40+00:00","og_image":[{"width":600,"height":800,"url":"https:\/\/tandeherbalists.com\/wp-content\/uploads\/2023\/03\/05-3-scaled-1.jpg","type":"image\/jpeg"}],"twitter_card":"summary_large_image","schema":{"@context":"https:\/\/schema.org","@graph":[{"@type":"WebPage","@id":"https:\/\/tandeherbalists.com\/pl\/produkt\/labo-hem-suplement-diety\/","url":"https:\/\/tandeherbalists.com\/pl\/produkt\/labo-hem-suplement-diety\/","name":"LABO-HEM Suplement diety - Herbalists","isPartOf":{"@id":"https:\/\/tandeherbalists.com\/pl\/#website"},"datePublished":"2023-06-19T11:00:34+00:00","dateModified":"2023-06-21T13:01:40+00:00","description":"LABO-HEM Zdrowa krew. Wysoka odporno\u015b\u0107. Preparat pomaga w utrzymaniu wysokiej aktywno\u015bci uk\u0142adu immunologicznego oraz systemu krwiotw\u00f3rczego.","breadcrumb":{"@id":"https:\/\/tandeherbalists.com\/pl\/produkt\/labo-hem-suplement-diety\/#breadcrumb"},"inLanguage":"pl-PL","potentialAction":[{"@type":"ReadAction","target":["https:\/\/tandeherbalists.com\/pl\/produkt\/labo-hem-suplement-diety\/"]}]},{"@type":"BreadcrumbList","@id":"https:\/\/tandeherbalists.com\/pl\/produkt\/labo-hem-suplement-diety\/#breadcrumb","itemListElement":[{"@type":"ListItem","position":1,"name":"Sklep","item":"https:\/\/tandeherbalists.com\/pl\/sklep\/"},{"@type":"ListItem","position":2,"name":"LABO-HEM Suplement diety"}]},{"@type":"WebSite","@id":"https:\/\/tandeherbalists.com\/pl\/#website","url":"https:\/\/tandeherbalists.com\/pl\/","name":"Tandeherbalists","description":"","publisher":{"@id":"https:\/\/tandeherbalists.com\/pl\/#organization"},"potentialAction":[{"@type":"SearchAction","target":{"@type":"EntryPoint","urlTemplate":"https:\/\/tandeherbalists.com\/pl\/?s={search_term_string}"},"query-input":"required name=search_term_string"}],"inLanguage":"pl-PL"},{"@type":"Organization","@id":"https:\/\/tandeherbalists.com\/pl\/#organization","name":"Tandeherbalists","url":"https:\/\/tandeherbalists.com\/pl\/","logo":{"@type":"ImageObject","inLanguage":"pl-PL","@id":"https:\/\/tandeherbalists.com\/pl\/#\/schema\/logo\/image\/","url":"https:\/\/tandeherbalists.com\/wp-content\/uploads\/2023\/01\/logo-herba.svg","contentUrl":"https:\/\/tandeherbalists.com\/wp-content\/uploads\/2023\/01\/logo-herba.svg","width":400,"height":400,"caption":"Tandeherbalists"},"image":{"@id":"https:\/\/tandeherbalists.com\/pl\/#\/schema\/logo\/image\/"},"sameAs":["https:\/\/www.facebook.com\/t.e.Herbalists\/","https:\/\/www.instagram.com\/teherbalists\/"]}]}},"_links":{"self":[{"href":"https:\/\/tandeherbalists.com\/pl\/wp-json\/wp\/v2\/product\/994857","targetHints":{"allow":["GET"]}}],"collection":[{"href":"https:\/\/tandeherbalists.com\/pl\/wp-json\/wp\/v2\/product"}],"about":[{"href":"https:\/\/tandeherbalists.com\/pl\/wp-json\/wp\/v2\/types\/product"}],"replies":[{"embeddable":true,"href":"https:\/\/tandeherbalists.com\/pl\/wp-json\/wp\/v2\/comments?post=994857"}],"version-history":[{"count":9,"href":"https:\/\/tandeherbalists.com\/pl\/wp-json\/wp\/v2\/product\/994857\/revisions"}],"predecessor-version":[{"id":994900,"href":"https:\/\/tandeherbalists.com\/pl\/wp-json\/wp\/v2\/product\/994857\/revisions\/994900"}],"wp:featuredmedia":[{"embeddable":true,"href":"https:\/\/tandeherbalists.com\/pl\/wp-json\/wp\/v2\/media\/993663"}],"wp:attachment":[{"href":"https:\/\/tandeherbalists.com\/pl\/wp-json\/wp\/v2\/media?parent=994857"}],"wp:term":[{"taxonomy":"product_cat","embeddable":true,"href":"https:\/\/tandeherbalists.com\/pl\/wp-json\/wp\/v2\/product_cat?post=994857"},{"taxonomy":"product_tag","embeddable":true,"href":"https:\/\/tandeherbalists.com\/pl\/wp-json\/wp\/v2\/product_tag?post=994857"}],"curies":[{"name":"wp","href":"https:\/\/api.w.org\/{rel}","templated":true}]}}