{"id":992516,"date":"2023-04-06T09:13:38","date_gmt":"2023-04-06T07:13:38","guid":{"rendered":"http:\/\/tandeherbalists.com\/?post_type=product&#038;p=992516"},"modified":"2023-05-29T11:58:55","modified_gmt":"2023-05-29T09:58:55","slug":"witamina-c-z-ekstraktu-z-pietruszki-300g","status":"publish","type":"product","link":"https:\/\/tandeherbalists.com\/pl\/produkt\/witamina-c-z-ekstraktu-z-pietruszki-300g\/","title":{"rendered":"Witamina C z ekstraktu z pietruszki 300g"},"content":{"rendered":"\t\t<div data-elementor-type=\"product-post\" data-elementor-id=\"992516\" class=\"elementor elementor-992516\">\n\t\t\t\t\t\t\t<div class=\"elementor-element elementor-element-4efbf29 e-con-boxed e-flex e-con\" data-id=\"4efbf29\" data-element_type=\"container\" data-settings=\"{&quot;content_width&quot;:&quot;boxed&quot;}\">\n\t\t\t\t\t<div class=\"e-con-inner\">\n\t\t<div class=\"elementor-element elementor-element-2fe8c84 e-con-full e-flex e-con\" data-id=\"2fe8c84\" data-element_type=\"container\" data-settings=\"{&quot;content_width&quot;:&quot;full&quot;}\">\n\t\t\t\t<div class=\"elementor-element elementor-element-37a2eb0 elementor-widget elementor-widget-heading\" data-id=\"37a2eb0\" data-element_type=\"widget\" data-widget_type=\"heading.default\">\n\t\t\t\t<div class=\"elementor-widget-container\">\n\t\t\t<style>\/*! elementor - v3.13.3 - 22-05-2023 *\/\n.elementor-heading-title{padding:0;margin:0;line-height:1}.elementor-widget-heading .elementor-heading-title[class*=elementor-size-]>a{color:inherit;font-size:inherit;line-height:inherit}.elementor-widget-heading .elementor-heading-title.elementor-size-small{font-size:15px}.elementor-widget-heading .elementor-heading-title.elementor-size-medium{font-size:19px}.elementor-widget-heading .elementor-heading-title.elementor-size-large{font-size:29px}.elementor-widget-heading .elementor-heading-title.elementor-size-xl{font-size:39px}.elementor-widget-heading .elementor-heading-title.elementor-size-xxl{font-size:59px}<\/style><h2 class=\"elementor-heading-title elementor-size-default\">Ekstrakt z pietruszki 300g:<\/h2>\t\t<\/div>\n\t\t\t\t<\/div>\n\t\t\t\t<div class=\"elementor-element elementor-element-740616b elementor-widget elementor-widget-text-editor\" data-id=\"740616b\" data-element_type=\"widget\" data-widget_type=\"text-editor.default\">\n\t\t\t\t<div class=\"elementor-widget-container\">\n\t\t\t<style>\/*! elementor - v3.13.3 - 22-05-2023 *\/\n.elementor-widget-text-editor.elementor-drop-cap-view-stacked .elementor-drop-cap{background-color:#69727d;color:#fff}.elementor-widget-text-editor.elementor-drop-cap-view-framed .elementor-drop-cap{color:#69727d;border:3px solid;background-color:transparent}.elementor-widget-text-editor:not(.elementor-drop-cap-view-default) .elementor-drop-cap{margin-top:8px}.elementor-widget-text-editor:not(.elementor-drop-cap-view-default) .elementor-drop-cap-letter{width:1em;height:1em}.elementor-widget-text-editor .elementor-drop-cap{float:left;text-align:center;line-height:1;font-size:50px}.elementor-widget-text-editor .elementor-drop-cap-letter{display:inline-block}<\/style>\t\t\t\t<p>Preparat zawiera du\u017c\u0105 ilo\u015b\u0107 witaminy C, kt\u00f3ra wspiera uk\u0142ad odporno\u015bciowy i korzystnie wp\u0142ywa na wzrok, kondycj\u0119 sk\u00f3ry, w\u0142os\u00f3w i paznokci. Badania potwierdzaj\u0105, \u017ce witamina C z ekstraktu z pietruszki pozytywnie wp\u0142ywa r\u00f3wnie\u017c na prac\u0119 nerek, usuwa nadmiar wody z organizmu oraz wspiera uk\u0142ad nerwowy. Warto stosowa\u0107 ten produkt, zw\u0142aszcza gdy borykamy si\u0119 z cz\u0119stym os\u0142abieniem organizmu, chcemy zapobiega\u0107 nawrotom chor\u00f3b w okresie jesienno-zimowym lub zale\u017cy nam na dobrym wygl\u0105dzie.<\/p>\t\t\t\t\t\t<\/div>\n\t\t\t\t<\/div>\n\t\t\t\t<\/div>\n\t\t<div class=\"elementor-element elementor-element-b0cf78e e-con-full e-flex e-con\" data-id=\"b0cf78e\" data-element_type=\"container\" data-settings=\"{&quot;content_width&quot;:&quot;full&quot;}\">\n\t\t\t\t<div class=\"elementor-element elementor-element-61de3d5 elementor-widget elementor-widget-image\" data-id=\"61de3d5\" data-element_type=\"widget\" data-widget_type=\"image.default\">\n\t\t\t\t<div class=\"elementor-widget-container\">\n\t\t\t<style>\/*! elementor - v3.13.3 - 22-05-2023 *\/\n.elementor-widget-image{text-align:center}.elementor-widget-image a{display:inline-block}.elementor-widget-image a img[src$=\".svg\"]{width:48px}.elementor-widget-image img{vertical-align:middle;display:inline-block}<\/style>\t\t\t\t\t\t\t\t\t\t\t\t<img loading=\"lazy\" decoding=\"async\" width=\"500\" height=\"500\" src=\"https:\/\/tandeherbalists.com\/wp-content\/uploads\/2023\/04\/wertyuiop.jpg\" class=\"attachment-large size-large wp-image-993380\" alt=\"\" srcset=\"https:\/\/tandeherbalists.com\/wp-content\/uploads\/2023\/04\/wertyuiop.jpg 500w, https:\/\/tandeherbalists.com\/wp-content\/uploads\/2023\/04\/wertyuiop-420x420.jpg 420w, https:\/\/tandeherbalists.com\/wp-content\/uploads\/2023\/04\/wertyuiop-315x315.jpg 315w, https:\/\/tandeherbalists.com\/wp-content\/uploads\/2023\/04\/wertyuiop-64x64.jpg 64w\" sizes=\"auto, (max-width: 500px) 100vw, 500px\" \/>\t\t\t\t\t\t\t\t\t\t\t\t\t\t\t<\/div>\n\t\t\t\t<\/div>\n\t\t\t\t<\/div>\n\t\t<div class=\"elementor-element elementor-element-36da849 e-con-full e-flex e-con\" data-id=\"36da849\" data-element_type=\"container\" data-settings=\"{&quot;content_width&quot;:&quot;full&quot;}\">\n\t\t\t\t<div class=\"elementor-element elementor-element-7cababa elementor-widget elementor-widget-heading\" data-id=\"7cababa\" data-element_type=\"widget\" data-widget_type=\"heading.default\">\n\t\t\t\t<div class=\"elementor-widget-container\">\n\t\t\t<h2 class=\"elementor-heading-title elementor-size-default\">W\u0142a\u015bciwo\u015bci witaminy C:<\/h2>\t\t<\/div>\n\t\t\t\t<\/div>\n\t\t\t\t<div class=\"elementor-element elementor-element-f796327 elementor-widget elementor-widget-text-editor\" data-id=\"f796327\" data-element_type=\"widget\" data-widget_type=\"text-editor.default\">\n\t\t\t\t<div class=\"elementor-widget-container\">\n\t\t\t\t\t\t\t<p>Witamina C w ekstrakcie z pietruszki stanowi 98% standaryzowanej zawarto\u015bci, a 100 g pietruszki zawiera a\u017c 177 mg witaminy C, co stanowi wi\u0119cej ni\u017c w przypadku 100 g cytryny (50 mg witaminy C). Witamina C z ekstraktu z pietruszki dzia\u0142a mobilizuj\u0105co na uk\u0142ad odporno\u015bciowy, wspiera uk\u0142ad nerwowy oraz usuwa nadmiar wody z organizmu, co korzystnie wp\u0142ywa na funkcjonowanie nerek. Ponadto, witamina C ma dobry wp\u0142yw na kondycj\u0119 sk\u00f3ry, w\u0142os\u00f3w i paznokci oraz wzrok.<\/p><p>Produkt zosta\u0142 zarejestrowany jako suplement diety w G\u0142\u00f3wnym Inspektoracie Sanitarnym, a badania potwierdzaj\u0105 jego zgodno\u015b\u0107 z normami dotycz\u0105cymi zawarto\u015bci witaminy C oraz czysto\u015bci mikrobiologicznej i braku metali ci\u0119\u017ckich. Produkt nie zawiera konserwant\u00f3w ani sztucznych dodatk\u00f3w, jest wolny od GMO oraz glutenu.<\/p>\t\t\t\t\t\t<\/div>\n\t\t\t\t<\/div>\n\t\t\t\t<\/div>\n\t\t<div class=\"elementor-element elementor-element-b31b5cb e-con-full e-flex e-con\" data-id=\"b31b5cb\" data-element_type=\"container\" data-settings=\"{&quot;content_width&quot;:&quot;full&quot;}\">\n\t\t\t\t<div class=\"elementor-element elementor-element-e3940fe elementor-widget elementor-widget-heading\" data-id=\"e3940fe\" data-element_type=\"widget\" data-widget_type=\"heading.default\">\n\t\t\t\t<div class=\"elementor-widget-container\">\n\t\t\t<h2 class=\"elementor-heading-title elementor-size-default\">Dzienne spo\u017cycie:<\/h2>\t\t<\/div>\n\t\t\t\t<\/div>\n\t\t\t\t<div class=\"elementor-element elementor-element-9847eec elementor-widget elementor-widget-text-editor\" data-id=\"9847eec\" data-element_type=\"widget\" data-widget_type=\"text-editor.default\">\n\t\t\t\t<div class=\"elementor-widget-container\">\n\t\t\t\t\t\t\t<p>1g produktu, co odpowiada 980 mg witaminy C, czyli 1225% RWS (dzienna referencyjna warto\u015b\u0107 spo\u017cycia dla os\u00f3b doros\u0142ych).<\/p>\t\t\t\t\t\t<\/div>\n\t\t\t\t<\/div>\n\t\t\t\t<div class=\"elementor-element elementor-element-2fef299 elementor-widget elementor-widget-heading\" data-id=\"2fef299\" data-element_type=\"widget\" data-widget_type=\"heading.default\">\n\t\t\t\t<div class=\"elementor-widget-container\">\n\t\t\t<h2 class=\"elementor-heading-title elementor-size-default\">Waga:<\/h2>\t\t<\/div>\n\t\t\t\t<\/div>\n\t\t\t\t<div class=\"elementor-element elementor-element-d9a6f6f elementor-widget elementor-widget-text-editor\" data-id=\"d9a6f6f\" data-element_type=\"widget\" data-widget_type=\"text-editor.default\">\n\t\t\t\t<div class=\"elementor-widget-container\">\n\t\t\t\t\t\t\t<p>300g.<\/p>\t\t\t\t\t\t<\/div>\n\t\t\t\t<\/div>\n\t\t\t\t<div class=\"elementor-element elementor-element-ebba0e8 elementor-widget elementor-widget-text-editor\" data-id=\"ebba0e8\" data-element_type=\"widget\" data-widget_type=\"text-editor.default\">\n\t\t\t\t<div class=\"elementor-widget-container\">\n\t\t\t\t\t\t\t<p><strong>UWAGA:<\/strong> Nale\u017cy pami\u0119ta\u0107, \u017ce suplement diety nie mo\u017ce zast\u0119powa\u0107 zr\u00f3\u017cnicowanej diety i zdrowego stylu \u017cycia, a zalecana dzienne dawka nie powinna by\u0107 przekraczana. Osoby w okresie prenatalnym powinny skonsultowa\u0107 si\u0119 z lekarzem przed zastosowaniem preparatu, a osoby z predyspozycjami do tworzenia kamieni nerkowych lub choruj\u0105ce na kamic\u0119 nerkow\u0105 powinny go unika\u0107. Produkt najlepiej rozpu\u015bci\u0107 w letniej wodzie lub doda\u0107 do soku i spo\u017cy\u0107 bezpo\u015brednio po przygotowaniu.<\/p>\t\t\t\t\t\t<\/div>\n\t\t\t\t<\/div>\n\t\t\t\t<\/div>\n\t\t\t\t\t<\/div>\n\t\t\t\t<\/div>\n\t\t\t\t\t\t\t<\/div>\n\t\t","protected":false},"excerpt":{"rendered":"<p>Ekstrakt z pietruszki 300g: Preparat zawiera du\u017c\u0105 ilo\u015b\u0107 witaminy C, kt\u00f3ra wspiera uk\u0142ad odporno\u015bciowy i korzystnie wp\u0142ywa na wzrok, kondycj\u0119 sk\u00f3ry, w\u0142os\u00f3w i paznokci. Badania potwierdzaj\u0105, \u017ce witamina C z&#8230;<\/p>\n","protected":false},"featured_media":993380,"comment_status":"closed","ping_status":"closed","template":"","meta":[],"product_cat":[170],"product_tag":[],"class_list":["post-992516","product","type-product","status-publish","has-post-thumbnail","hentry","product_cat-witaminy"],"yoast_head":"<!-- This site is optimized with the Yoast SEO plugin v20.7 - https:\/\/yoast.com\/wordpress\/plugins\/seo\/ -->\n<title>Witamina C z ekstraktu z pietruszki 300g - T&amp;E Herbalists<\/title>\n<meta name=\"description\" content=\"Korzystnie wp\u0142ywa na uk\u0142ad odporno\u015bciowy, uk\u0142ad nerwowy, wzrok, kondycj\u0119 sk\u00f3ry, w\u0142os\u00f3w i paznokci, prac\u0119 nerek oraz usuwa nadmiar wody z organizmu.\" \/>\n<meta name=\"robots\" content=\"index, follow, max-snippet:-1, max-image-preview:large, max-video-preview:-1\" \/>\n<link rel=\"canonical\" href=\"https:\/\/tandeherbalists.com\/pl\/produkt\/witamina-c-z-ekstraktu-z-pietruszki-300g\/\" \/>\n<meta property=\"og:locale\" content=\"pl_PL\" \/>\n<meta property=\"og:type\" content=\"article\" \/>\n<meta property=\"og:title\" content=\"Witamina C z ekstraktu z pietruszki 300g - T&amp;E Herbalists\" \/>\n<meta property=\"og:description\" content=\"Korzystnie wp\u0142ywa na uk\u0142ad odporno\u015bciowy, uk\u0142ad nerwowy, wzrok, kondycj\u0119 sk\u00f3ry, w\u0142os\u00f3w i paznokci, prac\u0119 nerek oraz usuwa nadmiar wody z organizmu.\" \/>\n<meta property=\"og:url\" content=\"https:\/\/tandeherbalists.com\/pl\/produkt\/witamina-c-z-ekstraktu-z-pietruszki-300g\/\" \/>\n<meta property=\"og:site_name\" content=\"Herbalists\" \/>\n<meta property=\"article:publisher\" content=\"https:\/\/www.facebook.com\/t.e.Herbalists\/\" \/>\n<meta property=\"article:modified_time\" content=\"2023-05-29T09:58:55+00:00\" \/>\n<meta property=\"og:image\" content=\"https:\/\/tandeherbalists.com\/wp-content\/uploads\/2023\/04\/wertyuiop.jpg\" \/>\n\t<meta property=\"og:image:width\" content=\"500\" \/>\n\t<meta property=\"og:image:height\" content=\"500\" \/>\n\t<meta property=\"og:image:type\" content=\"image\/jpeg\" \/>\n<meta name=\"twitter:card\" content=\"summary_large_image\" \/>\n<script type=\"application\/ld+json\" class=\"yoast-schema-graph\">{\"@context\":\"https:\/\/schema.org\",\"@graph\":[{\"@type\":\"WebPage\",\"@id\":\"https:\/\/tandeherbalists.com\/pl\/produkt\/witamina-c-z-ekstraktu-z-pietruszki-300g\/\",\"url\":\"https:\/\/tandeherbalists.com\/pl\/produkt\/witamina-c-z-ekstraktu-z-pietruszki-300g\/\",\"name\":\"Witamina C z ekstraktu z pietruszki 300g - T&E Herbalists\",\"isPartOf\":{\"@id\":\"https:\/\/tandeherbalists.com\/pl\/#website\"},\"datePublished\":\"2023-04-06T07:13:38+00:00\",\"dateModified\":\"2023-05-29T09:58:55+00:00\",\"description\":\"Korzystnie wp\u0142ywa na uk\u0142ad odporno\u015bciowy, uk\u0142ad nerwowy, wzrok, kondycj\u0119 sk\u00f3ry, w\u0142os\u00f3w i paznokci, prac\u0119 nerek oraz usuwa nadmiar wody z organizmu.\",\"breadcrumb\":{\"@id\":\"https:\/\/tandeherbalists.com\/pl\/produkt\/witamina-c-z-ekstraktu-z-pietruszki-300g\/#breadcrumb\"},\"inLanguage\":\"pl-PL\",\"potentialAction\":[{\"@type\":\"ReadAction\",\"target\":[\"https:\/\/tandeherbalists.com\/pl\/produkt\/witamina-c-z-ekstraktu-z-pietruszki-300g\/\"]}]},{\"@type\":\"BreadcrumbList\",\"@id\":\"https:\/\/tandeherbalists.com\/pl\/produkt\/witamina-c-z-ekstraktu-z-pietruszki-300g\/#breadcrumb\",\"itemListElement\":[{\"@type\":\"ListItem\",\"position\":1,\"name\":\"Sklep\",\"item\":\"https:\/\/tandeherbalists.com\/pl\/sklep\/\"},{\"@type\":\"ListItem\",\"position\":2,\"name\":\"Witamina C z ekstraktu z pietruszki 300g\"}]},{\"@type\":\"WebSite\",\"@id\":\"https:\/\/tandeherbalists.com\/pl\/#website\",\"url\":\"https:\/\/tandeherbalists.com\/pl\/\",\"name\":\"Tandeherbalists\",\"description\":\"\",\"publisher\":{\"@id\":\"https:\/\/tandeherbalists.com\/pl\/#organization\"},\"potentialAction\":[{\"@type\":\"SearchAction\",\"target\":{\"@type\":\"EntryPoint\",\"urlTemplate\":\"https:\/\/tandeherbalists.com\/pl\/?s={search_term_string}\"},\"query-input\":\"required name=search_term_string\"}],\"inLanguage\":\"pl-PL\"},{\"@type\":\"Organization\",\"@id\":\"https:\/\/tandeherbalists.com\/pl\/#organization\",\"name\":\"Tandeherbalists\",\"url\":\"https:\/\/tandeherbalists.com\/pl\/\",\"logo\":{\"@type\":\"ImageObject\",\"inLanguage\":\"pl-PL\",\"@id\":\"https:\/\/tandeherbalists.com\/pl\/#\/schema\/logo\/image\/\",\"url\":\"https:\/\/tandeherbalists.com\/wp-content\/uploads\/2023\/01\/logo-herba.svg\",\"contentUrl\":\"https:\/\/tandeherbalists.com\/wp-content\/uploads\/2023\/01\/logo-herba.svg\",\"width\":400,\"height\":400,\"caption\":\"Tandeherbalists\"},\"image\":{\"@id\":\"https:\/\/tandeherbalists.com\/pl\/#\/schema\/logo\/image\/\"},\"sameAs\":[\"https:\/\/www.facebook.com\/t.e.Herbalists\/\",\"https:\/\/www.instagram.com\/teherbalists\/\"]}]}<\/script>\n<!-- \/ Yoast SEO plugin. -->","yoast_head_json":{"title":"Witamina C z ekstraktu z pietruszki 300g - T&E Herbalists","description":"Korzystnie wp\u0142ywa na uk\u0142ad odporno\u015bciowy, uk\u0142ad nerwowy, wzrok, kondycj\u0119 sk\u00f3ry, w\u0142os\u00f3w i paznokci, prac\u0119 nerek oraz usuwa nadmiar wody z organizmu.","robots":{"index":"index","follow":"follow","max-snippet":"max-snippet:-1","max-image-preview":"max-image-preview:large","max-video-preview":"max-video-preview:-1"},"canonical":"https:\/\/tandeherbalists.com\/pl\/produkt\/witamina-c-z-ekstraktu-z-pietruszki-300g\/","og_locale":"pl_PL","og_type":"article","og_title":"Witamina C z ekstraktu z pietruszki 300g - T&E Herbalists","og_description":"Korzystnie wp\u0142ywa na uk\u0142ad odporno\u015bciowy, uk\u0142ad nerwowy, wzrok, kondycj\u0119 sk\u00f3ry, w\u0142os\u00f3w i paznokci, prac\u0119 nerek oraz usuwa nadmiar wody z organizmu.","og_url":"https:\/\/tandeherbalists.com\/pl\/produkt\/witamina-c-z-ekstraktu-z-pietruszki-300g\/","og_site_name":"Herbalists","article_publisher":"https:\/\/www.facebook.com\/t.e.Herbalists\/","article_modified_time":"2023-05-29T09:58:55+00:00","og_image":[{"width":500,"height":500,"url":"https:\/\/tandeherbalists.com\/wp-content\/uploads\/2023\/04\/wertyuiop.jpg","type":"image\/jpeg"}],"twitter_card":"summary_large_image","schema":{"@context":"https:\/\/schema.org","@graph":[{"@type":"WebPage","@id":"https:\/\/tandeherbalists.com\/pl\/produkt\/witamina-c-z-ekstraktu-z-pietruszki-300g\/","url":"https:\/\/tandeherbalists.com\/pl\/produkt\/witamina-c-z-ekstraktu-z-pietruszki-300g\/","name":"Witamina C z ekstraktu z pietruszki 300g - T&E Herbalists","isPartOf":{"@id":"https:\/\/tandeherbalists.com\/pl\/#website"},"datePublished":"2023-04-06T07:13:38+00:00","dateModified":"2023-05-29T09:58:55+00:00","description":"Korzystnie wp\u0142ywa na uk\u0142ad odporno\u015bciowy, uk\u0142ad nerwowy, wzrok, kondycj\u0119 sk\u00f3ry, w\u0142os\u00f3w i paznokci, prac\u0119 nerek oraz usuwa nadmiar wody z organizmu.","breadcrumb":{"@id":"https:\/\/tandeherbalists.com\/pl\/produkt\/witamina-c-z-ekstraktu-z-pietruszki-300g\/#breadcrumb"},"inLanguage":"pl-PL","potentialAction":[{"@type":"ReadAction","target":["https:\/\/tandeherbalists.com\/pl\/produkt\/witamina-c-z-ekstraktu-z-pietruszki-300g\/"]}]},{"@type":"BreadcrumbList","@id":"https:\/\/tandeherbalists.com\/pl\/produkt\/witamina-c-z-ekstraktu-z-pietruszki-300g\/#breadcrumb","itemListElement":[{"@type":"ListItem","position":1,"name":"Sklep","item":"https:\/\/tandeherbalists.com\/pl\/sklep\/"},{"@type":"ListItem","position":2,"name":"Witamina C z ekstraktu z pietruszki 300g"}]},{"@type":"WebSite","@id":"https:\/\/tandeherbalists.com\/pl\/#website","url":"https:\/\/tandeherbalists.com\/pl\/","name":"Tandeherbalists","description":"","publisher":{"@id":"https:\/\/tandeherbalists.com\/pl\/#organization"},"potentialAction":[{"@type":"SearchAction","target":{"@type":"EntryPoint","urlTemplate":"https:\/\/tandeherbalists.com\/pl\/?s={search_term_string}"},"query-input":"required name=search_term_string"}],"inLanguage":"pl-PL"},{"@type":"Organization","@id":"https:\/\/tandeherbalists.com\/pl\/#organization","name":"Tandeherbalists","url":"https:\/\/tandeherbalists.com\/pl\/","logo":{"@type":"ImageObject","inLanguage":"pl-PL","@id":"https:\/\/tandeherbalists.com\/pl\/#\/schema\/logo\/image\/","url":"https:\/\/tandeherbalists.com\/wp-content\/uploads\/2023\/01\/logo-herba.svg","contentUrl":"https:\/\/tandeherbalists.com\/wp-content\/uploads\/2023\/01\/logo-herba.svg","width":400,"height":400,"caption":"Tandeherbalists"},"image":{"@id":"https:\/\/tandeherbalists.com\/pl\/#\/schema\/logo\/image\/"},"sameAs":["https:\/\/www.facebook.com\/t.e.Herbalists\/","https:\/\/www.instagram.com\/teherbalists\/"]}]}},"_links":{"self":[{"href":"https:\/\/tandeherbalists.com\/pl\/wp-json\/wp\/v2\/product\/992516","targetHints":{"allow":["GET"]}}],"collection":[{"href":"https:\/\/tandeherbalists.com\/pl\/wp-json\/wp\/v2\/product"}],"about":[{"href":"https:\/\/tandeherbalists.com\/pl\/wp-json\/wp\/v2\/types\/product"}],"replies":[{"embeddable":true,"href":"https:\/\/tandeherbalists.com\/pl\/wp-json\/wp\/v2\/comments?post=992516"}],"version-history":[{"count":4,"href":"https:\/\/tandeherbalists.com\/pl\/wp-json\/wp\/v2\/product\/992516\/revisions"}],"predecessor-version":[{"id":994272,"href":"https:\/\/tandeherbalists.com\/pl\/wp-json\/wp\/v2\/product\/992516\/revisions\/994272"}],"wp:featuredmedia":[{"embeddable":true,"href":"https:\/\/tandeherbalists.com\/pl\/wp-json\/wp\/v2\/media\/993380"}],"wp:attachment":[{"href":"https:\/\/tandeherbalists.com\/pl\/wp-json\/wp\/v2\/media?parent=992516"}],"wp:term":[{"taxonomy":"product_cat","embeddable":true,"href":"https:\/\/tandeherbalists.com\/pl\/wp-json\/wp\/v2\/product_cat?post=992516"},{"taxonomy":"product_tag","embeddable":true,"href":"https:\/\/tandeherbalists.com\/pl\/wp-json\/wp\/v2\/product_tag?post=992516"}],"curies":[{"name":"wp","href":"https:\/\/api.w.org\/{rel}","templated":true}]}}