{"id":992514,"date":"2023-04-06T08:54:52","date_gmt":"2023-04-06T06:54:52","guid":{"rendered":"http:\/\/tandeherbalists.com\/?post_type=product&#038;p=992514"},"modified":"2023-05-29T11:36:34","modified_gmt":"2023-05-29T09:36:34","slug":"witamina-c-z-kapusty-450-g","status":"publish","type":"product","link":"https:\/\/tandeherbalists.com\/pl\/produkt\/witamina-c-z-kapusty-450-g\/","title":{"rendered":"Witamina C z kapusty 450g"},"content":{"rendered":"\t\t<div data-elementor-type=\"product-post\" data-elementor-id=\"992514\" class=\"elementor elementor-992514\">\n\t\t\t\t\t\t\t<div class=\"elementor-element elementor-element-0060a13 e-con-boxed e-flex e-con\" data-id=\"0060a13\" data-element_type=\"container\" data-settings=\"{&quot;content_width&quot;:&quot;boxed&quot;}\">\n\t\t\t\t\t<div class=\"e-con-inner\">\n\t\t<div class=\"elementor-element elementor-element-acfd1e5 e-con-full e-flex e-con\" data-id=\"acfd1e5\" data-element_type=\"container\" data-settings=\"{&quot;content_width&quot;:&quot;full&quot;}\">\n\t\t\t\t<div class=\"elementor-element elementor-element-0d4dbbc elementor-widget elementor-widget-heading\" data-id=\"0d4dbbc\" data-element_type=\"widget\" data-widget_type=\"heading.default\">\n\t\t\t\t<div class=\"elementor-widget-container\">\n\t\t\t<style>\/*! elementor - v3.13.3 - 22-05-2023 *\/\n.elementor-heading-title{padding:0;margin:0;line-height:1}.elementor-widget-heading .elementor-heading-title[class*=elementor-size-]>a{color:inherit;font-size:inherit;line-height:inherit}.elementor-widget-heading .elementor-heading-title.elementor-size-small{font-size:15px}.elementor-widget-heading .elementor-heading-title.elementor-size-medium{font-size:19px}.elementor-widget-heading .elementor-heading-title.elementor-size-large{font-size:29px}.elementor-widget-heading .elementor-heading-title.elementor-size-xl{font-size:39px}.elementor-widget-heading .elementor-heading-title.elementor-size-xxl{font-size:59px}<\/style><h2 class=\"elementor-heading-title elementor-size-default\">Witamina C z kapusty:<\/h2>\t\t<\/div>\n\t\t\t\t<\/div>\n\t\t\t\t<div class=\"elementor-element elementor-element-8f9b11d elementor-widget elementor-widget-text-editor\" data-id=\"8f9b11d\" data-element_type=\"widget\" data-widget_type=\"text-editor.default\">\n\t\t\t\t<div class=\"elementor-widget-container\">\n\t\t\t<style>\/*! elementor - v3.13.3 - 22-05-2023 *\/\n.elementor-widget-text-editor.elementor-drop-cap-view-stacked .elementor-drop-cap{background-color:#69727d;color:#fff}.elementor-widget-text-editor.elementor-drop-cap-view-framed .elementor-drop-cap{color:#69727d;border:3px solid;background-color:transparent}.elementor-widget-text-editor:not(.elementor-drop-cap-view-default) .elementor-drop-cap{margin-top:8px}.elementor-widget-text-editor:not(.elementor-drop-cap-view-default) .elementor-drop-cap-letter{width:1em;height:1em}.elementor-widget-text-editor .elementor-drop-cap{float:left;text-align:center;line-height:1;font-size:50px}.elementor-widget-text-editor .elementor-drop-cap-letter{display:inline-block}<\/style>\t\t\t\t<p>Preparat pozyskiwany jest z kapusty oraz innych naturalnych surowc\u00f3w pochodzenia ro\u015blinnego, bez modyfikacji genetycznych. Produkt ma posta\u0107 drobnego bia\u0142ego proszku o wysokiej higroskopijno\u015bci, co oznacza, \u017ce \u0142atwo rozpuszcza si\u0119 w wodzie i jest szybko wch\u0142aniany przez organizm w przewodzie pokarmowym. W przeciwie\u0144stwie do tabletek, kt\u00f3re wch\u0142aniaj\u0105 si\u0119 punktowo, witamina C z kapusty rozpuszcza si\u0119 na ca\u0142ej d\u0142ugo\u015bci przewodu pokarmowego.<\/p><p>Produkt zosta\u0142 wyprodukowany metod\u0105 dwustopniowej BI-Fermentacji i nie zawiera GMO. Witamina C jest niezb\u0119dna dla prawid\u0142owego funkcjonowania organizmu, a niedob\u00f3r mo\u017ce prowadzi\u0107 do wielu zaburze\u0144.<\/p>\t\t\t\t\t\t<\/div>\n\t\t\t\t<\/div>\n\t\t\t\t<\/div>\n\t\t<div class=\"elementor-element elementor-element-5b738be e-con-full e-flex e-con\" data-id=\"5b738be\" data-element_type=\"container\" data-settings=\"{&quot;content_width&quot;:&quot;full&quot;}\">\n\t\t\t\t<div class=\"elementor-element elementor-element-9a31e39 elementor-widget elementor-widget-image\" data-id=\"9a31e39\" data-element_type=\"widget\" data-widget_type=\"image.default\">\n\t\t\t\t<div class=\"elementor-widget-container\">\n\t\t\t<style>\/*! elementor - v3.13.3 - 22-05-2023 *\/\n.elementor-widget-image{text-align:center}.elementor-widget-image a{display:inline-block}.elementor-widget-image a img[src$=\".svg\"]{width:48px}.elementor-widget-image img{vertical-align:middle;display:inline-block}<\/style>\t\t\t\t\t\t\t\t\t\t\t\t<img loading=\"lazy\" decoding=\"async\" width=\"500\" height=\"500\" src=\"https:\/\/tandeherbalists.com\/wp-content\/uploads\/2023\/04\/witc300.jpg\" class=\"attachment-large size-large wp-image-993649\" alt=\"\" srcset=\"https:\/\/tandeherbalists.com\/wp-content\/uploads\/2023\/04\/witc300.jpg 500w, https:\/\/tandeherbalists.com\/wp-content\/uploads\/2023\/04\/witc300-300x300.jpg 300w, https:\/\/tandeherbalists.com\/wp-content\/uploads\/2023\/04\/witc300-150x150.jpg 150w, https:\/\/tandeherbalists.com\/wp-content\/uploads\/2023\/04\/witc300-420x420.jpg 420w, https:\/\/tandeherbalists.com\/wp-content\/uploads\/2023\/04\/witc300-315x315.jpg 315w, https:\/\/tandeherbalists.com\/wp-content\/uploads\/2023\/04\/witc300-64x64.jpg 64w\" sizes=\"auto, (max-width: 500px) 100vw, 500px\" \/>\t\t\t\t\t\t\t\t\t\t\t\t\t\t\t<\/div>\n\t\t\t\t<\/div>\n\t\t\t\t<\/div>\n\t\t<div class=\"elementor-element elementor-element-05b6f0c e-con-full e-flex e-con\" data-id=\"05b6f0c\" data-element_type=\"container\" data-settings=\"{&quot;content_width&quot;:&quot;full&quot;}\">\n\t\t\t\t<div class=\"elementor-element elementor-element-2ee5f0f elementor-widget elementor-widget-heading\" data-id=\"2ee5f0f\" data-element_type=\"widget\" data-widget_type=\"heading.default\">\n\t\t\t\t<div class=\"elementor-widget-container\">\n\t\t\t<h2 class=\"elementor-heading-title elementor-size-default\">W\u0142a\u015bciwo\u015bci witaminy C:<\/h2>\t\t<\/div>\n\t\t\t\t<\/div>\n\t\t\t\t<div class=\"elementor-element elementor-element-4125aca elementor-widget elementor-widget-text-editor\" data-id=\"4125aca\" data-element_type=\"widget\" data-widget_type=\"text-editor.default\">\n\t\t\t\t<div class=\"elementor-widget-container\">\n\t\t\t\t\t\t\t<ul><li>wzmacnianie uk\u0142adu odporno\u015bciowego,<\/li><li>\u0142agodzenie objaw\u00f3w przezi\u0119bienia,<\/li><li>wzmacnianie \u015bcianek naczy\u0144 krwiono\u015bnych,<\/li><li>pomoc w leczeniu astmy,<\/li><li>ochrona przed nowotworami,<\/li><li>zmniejszenie ryzyka chor\u00f3b serca,<\/li><li>wp\u0142yw na wzrok,<\/li><li>regeneracja sk\u00f3ry,<\/li><li>zapobieganie powstawaniu siniak\u00f3w.<\/li><\/ul>\t\t\t\t\t\t<\/div>\n\t\t\t\t<\/div>\n\t\t\t\t<\/div>\n\t\t<div class=\"elementor-element elementor-element-92afd42 e-con-full e-flex e-con\" data-id=\"92afd42\" data-element_type=\"container\" data-settings=\"{&quot;content_width&quot;:&quot;full&quot;}\">\n\t\t\t\t<div class=\"elementor-element elementor-element-f54a5c4 elementor-widget elementor-widget-heading\" data-id=\"f54a5c4\" data-element_type=\"widget\" data-widget_type=\"heading.default\">\n\t\t\t\t<div class=\"elementor-widget-container\">\n\t\t\t<h2 class=\"elementor-heading-title elementor-size-default\">Dzienne spo\u017cycie:<\/h2>\t\t<\/div>\n\t\t\t\t<\/div>\n\t\t\t\t<div class=\"elementor-element elementor-element-7d728d8 elementor-widget elementor-widget-text-editor\" data-id=\"7d728d8\" data-element_type=\"widget\" data-widget_type=\"text-editor.default\">\n\t\t\t\t<div class=\"elementor-widget-container\">\n\t\t\t\t\t\t\t<p>1,5 g (1\/2 miarki do\u0142\u0105czonej do opakowania) raz dziennie.<\/p>\t\t\t\t\t\t<\/div>\n\t\t\t\t<\/div>\n\t\t\t\t<div class=\"elementor-element elementor-element-655cd0b elementor-widget elementor-widget-heading\" data-id=\"655cd0b\" data-element_type=\"widget\" data-widget_type=\"heading.default\">\n\t\t\t\t<div class=\"elementor-widget-container\">\n\t\t\t<h2 class=\"elementor-heading-title elementor-size-default\">Spos\u00f3b u\u017cycia:<\/h2>\t\t<\/div>\n\t\t\t\t<\/div>\n\t\t\t\t<div class=\"elementor-element elementor-element-227f56e elementor-widget elementor-widget-text-editor\" data-id=\"227f56e\" data-element_type=\"widget\" data-widget_type=\"text-editor.default\">\n\t\t\t\t<div class=\"elementor-widget-container\">\n\t\t\t\t\t\t\t<p>Proszek nale\u017cy rozpu\u015bci\u0107 w szklance wody lub soku i dobrze wymiesza\u0107, najlepiej stosowa\u0107 rano lub 30 minut przed posi\u0142kiem. Produkt mo\u017ce zawiera\u0107 \u015bladowe ilo\u015bci sezamu i orzech\u00f3w.<\/p>\t\t\t\t\t\t<\/div>\n\t\t\t\t<\/div>\n\t\t\t\t<div class=\"elementor-element elementor-element-d83d450 elementor-widget elementor-widget-heading\" data-id=\"d83d450\" data-element_type=\"widget\" data-widget_type=\"heading.default\">\n\t\t\t\t<div class=\"elementor-widget-container\">\n\t\t\t<h2 class=\"elementor-heading-title elementor-size-default\">Waga:<\/h2>\t\t<\/div>\n\t\t\t\t<\/div>\n\t\t\t\t<div class=\"elementor-element elementor-element-8468102 elementor-widget elementor-widget-text-editor\" data-id=\"8468102\" data-element_type=\"widget\" data-widget_type=\"text-editor.default\">\n\t\t\t\t<div class=\"elementor-widget-container\">\n\t\t\t\t\t\t\t<p>270g.<\/p>\t\t\t\t\t\t<\/div>\n\t\t\t\t<\/div>\n\t\t\t\t<div class=\"elementor-element elementor-element-2252d56 elementor-widget elementor-widget-text-editor\" data-id=\"2252d56\" data-element_type=\"widget\" data-widget_type=\"text-editor.default\">\n\t\t\t\t<div class=\"elementor-widget-container\">\n\t\t\t\t\t\t\t<p><strong>UWAGA:<\/strong> Produkt jest suplementem diety i nie mo\u017ce by\u0107 stosowany jako substytut zr\u00f3\u017cnicowanej diety. Nie jest przeznaczony dla os\u00f3b choruj\u0105cych na kamic\u0119 nerkow\u0105 lub maj\u0105cych predyspozycje do tworzenia kamieni nerkowych. Nale\u017cy przestrzega\u0107 zalecanej porcji do spo\u017cycia i nie przekracza\u0107 jej.<\/p>\t\t\t\t\t\t<\/div>\n\t\t\t\t<\/div>\n\t\t\t\t<\/div>\n\t\t\t\t\t<\/div>\n\t\t\t\t<\/div>\n\t\t\t\t\t\t\t<\/div>\n\t\t","protected":false},"excerpt":{"rendered":"<p>Witamina C z kapusty: Preparat pozyskiwany jest z kapusty oraz innych naturalnych surowc\u00f3w pochodzenia ro\u015blinnego, bez modyfikacji genetycznych. Produkt ma posta\u0107 drobnego bia\u0142ego proszku o wysokiej higroskopijno\u015bci, co oznacza, \u017ce&#8230;<\/p>\n","protected":false},"featured_media":993649,"comment_status":"closed","ping_status":"closed","template":"","meta":[],"product_cat":[170],"product_tag":[],"class_list":["post-992514","product","type-product","status-publish","has-post-thumbnail","hentry","product_cat-witaminy"],"yoast_head":"<!-- This site is optimized with the Yoast SEO plugin v20.7 - https:\/\/yoast.com\/wordpress\/plugins\/seo\/ -->\n<title>Witamina C z kapusty 450g - T&amp;E Herbalists<\/title>\n<meta name=\"description\" content=\"W przeciwie\u0144stwie do tabletek, kt\u00f3re wch\u0142aniaj\u0105 si\u0119 punktowo, witamina C z kapusty rozpuszcza si\u0119 na ca\u0142ej d\u0142ugo\u015bci przewodu pokarmowego.\" \/>\n<meta name=\"robots\" content=\"index, follow, max-snippet:-1, max-image-preview:large, max-video-preview:-1\" \/>\n<link rel=\"canonical\" href=\"https:\/\/tandeherbalists.com\/pl\/produkt\/witamina-c-z-kapusty-450-g\/\" \/>\n<meta property=\"og:locale\" content=\"pl_PL\" \/>\n<meta property=\"og:type\" content=\"article\" \/>\n<meta property=\"og:title\" content=\"Witamina C z kapusty 450g - T&amp;E Herbalists\" \/>\n<meta property=\"og:description\" content=\"W przeciwie\u0144stwie do tabletek, kt\u00f3re wch\u0142aniaj\u0105 si\u0119 punktowo, witamina C z kapusty rozpuszcza si\u0119 na ca\u0142ej d\u0142ugo\u015bci przewodu pokarmowego.\" \/>\n<meta property=\"og:url\" content=\"https:\/\/tandeherbalists.com\/pl\/produkt\/witamina-c-z-kapusty-450-g\/\" \/>\n<meta property=\"og:site_name\" content=\"Herbalists\" \/>\n<meta property=\"article:publisher\" content=\"https:\/\/www.facebook.com\/t.e.Herbalists\/\" \/>\n<meta property=\"article:modified_time\" content=\"2023-05-29T09:36:34+00:00\" \/>\n<meta property=\"og:image\" content=\"https:\/\/tandeherbalists.com\/wp-content\/uploads\/2023\/04\/witc300.jpg\" \/>\n\t<meta property=\"og:image:width\" content=\"500\" \/>\n\t<meta property=\"og:image:height\" content=\"500\" \/>\n\t<meta property=\"og:image:type\" content=\"image\/jpeg\" \/>\n<meta name=\"twitter:card\" content=\"summary_large_image\" \/>\n<script type=\"application\/ld+json\" class=\"yoast-schema-graph\">{\"@context\":\"https:\/\/schema.org\",\"@graph\":[{\"@type\":\"WebPage\",\"@id\":\"https:\/\/tandeherbalists.com\/pl\/produkt\/witamina-c-z-kapusty-450-g\/\",\"url\":\"https:\/\/tandeherbalists.com\/pl\/produkt\/witamina-c-z-kapusty-450-g\/\",\"name\":\"Witamina C z kapusty 450g - T&E Herbalists\",\"isPartOf\":{\"@id\":\"https:\/\/tandeherbalists.com\/pl\/#website\"},\"datePublished\":\"2023-04-06T06:54:52+00:00\",\"dateModified\":\"2023-05-29T09:36:34+00:00\",\"description\":\"W przeciwie\u0144stwie do tabletek, kt\u00f3re wch\u0142aniaj\u0105 si\u0119 punktowo, witamina C z kapusty rozpuszcza si\u0119 na ca\u0142ej d\u0142ugo\u015bci przewodu pokarmowego.\",\"breadcrumb\":{\"@id\":\"https:\/\/tandeherbalists.com\/pl\/produkt\/witamina-c-z-kapusty-450-g\/#breadcrumb\"},\"inLanguage\":\"pl-PL\",\"potentialAction\":[{\"@type\":\"ReadAction\",\"target\":[\"https:\/\/tandeherbalists.com\/pl\/produkt\/witamina-c-z-kapusty-450-g\/\"]}]},{\"@type\":\"BreadcrumbList\",\"@id\":\"https:\/\/tandeherbalists.com\/pl\/produkt\/witamina-c-z-kapusty-450-g\/#breadcrumb\",\"itemListElement\":[{\"@type\":\"ListItem\",\"position\":1,\"name\":\"Sklep\",\"item\":\"https:\/\/tandeherbalists.com\/pl\/sklep\/\"},{\"@type\":\"ListItem\",\"position\":2,\"name\":\"Witamina C z kapusty 450g\"}]},{\"@type\":\"WebSite\",\"@id\":\"https:\/\/tandeherbalists.com\/pl\/#website\",\"url\":\"https:\/\/tandeherbalists.com\/pl\/\",\"name\":\"Tandeherbalists\",\"description\":\"\",\"publisher\":{\"@id\":\"https:\/\/tandeherbalists.com\/pl\/#organization\"},\"potentialAction\":[{\"@type\":\"SearchAction\",\"target\":{\"@type\":\"EntryPoint\",\"urlTemplate\":\"https:\/\/tandeherbalists.com\/pl\/?s={search_term_string}\"},\"query-input\":\"required name=search_term_string\"}],\"inLanguage\":\"pl-PL\"},{\"@type\":\"Organization\",\"@id\":\"https:\/\/tandeherbalists.com\/pl\/#organization\",\"name\":\"Tandeherbalists\",\"url\":\"https:\/\/tandeherbalists.com\/pl\/\",\"logo\":{\"@type\":\"ImageObject\",\"inLanguage\":\"pl-PL\",\"@id\":\"https:\/\/tandeherbalists.com\/pl\/#\/schema\/logo\/image\/\",\"url\":\"https:\/\/tandeherbalists.com\/wp-content\/uploads\/2023\/01\/logo-herba.svg\",\"contentUrl\":\"https:\/\/tandeherbalists.com\/wp-content\/uploads\/2023\/01\/logo-herba.svg\",\"width\":400,\"height\":400,\"caption\":\"Tandeherbalists\"},\"image\":{\"@id\":\"https:\/\/tandeherbalists.com\/pl\/#\/schema\/logo\/image\/\"},\"sameAs\":[\"https:\/\/www.facebook.com\/t.e.Herbalists\/\",\"https:\/\/www.instagram.com\/teherbalists\/\"]}]}<\/script>\n<!-- \/ Yoast SEO plugin. -->","yoast_head_json":{"title":"Witamina C z kapusty 450g - T&E Herbalists","description":"W przeciwie\u0144stwie do tabletek, kt\u00f3re wch\u0142aniaj\u0105 si\u0119 punktowo, witamina C z kapusty rozpuszcza si\u0119 na ca\u0142ej d\u0142ugo\u015bci przewodu pokarmowego.","robots":{"index":"index","follow":"follow","max-snippet":"max-snippet:-1","max-image-preview":"max-image-preview:large","max-video-preview":"max-video-preview:-1"},"canonical":"https:\/\/tandeherbalists.com\/pl\/produkt\/witamina-c-z-kapusty-450-g\/","og_locale":"pl_PL","og_type":"article","og_title":"Witamina C z kapusty 450g - T&E Herbalists","og_description":"W przeciwie\u0144stwie do tabletek, kt\u00f3re wch\u0142aniaj\u0105 si\u0119 punktowo, witamina C z kapusty rozpuszcza si\u0119 na ca\u0142ej d\u0142ugo\u015bci przewodu pokarmowego.","og_url":"https:\/\/tandeherbalists.com\/pl\/produkt\/witamina-c-z-kapusty-450-g\/","og_site_name":"Herbalists","article_publisher":"https:\/\/www.facebook.com\/t.e.Herbalists\/","article_modified_time":"2023-05-29T09:36:34+00:00","og_image":[{"width":500,"height":500,"url":"https:\/\/tandeherbalists.com\/wp-content\/uploads\/2023\/04\/witc300.jpg","type":"image\/jpeg"}],"twitter_card":"summary_large_image","schema":{"@context":"https:\/\/schema.org","@graph":[{"@type":"WebPage","@id":"https:\/\/tandeherbalists.com\/pl\/produkt\/witamina-c-z-kapusty-450-g\/","url":"https:\/\/tandeherbalists.com\/pl\/produkt\/witamina-c-z-kapusty-450-g\/","name":"Witamina C z kapusty 450g - T&E Herbalists","isPartOf":{"@id":"https:\/\/tandeherbalists.com\/pl\/#website"},"datePublished":"2023-04-06T06:54:52+00:00","dateModified":"2023-05-29T09:36:34+00:00","description":"W przeciwie\u0144stwie do tabletek, kt\u00f3re wch\u0142aniaj\u0105 si\u0119 punktowo, witamina C z kapusty rozpuszcza si\u0119 na ca\u0142ej d\u0142ugo\u015bci przewodu pokarmowego.","breadcrumb":{"@id":"https:\/\/tandeherbalists.com\/pl\/produkt\/witamina-c-z-kapusty-450-g\/#breadcrumb"},"inLanguage":"pl-PL","potentialAction":[{"@type":"ReadAction","target":["https:\/\/tandeherbalists.com\/pl\/produkt\/witamina-c-z-kapusty-450-g\/"]}]},{"@type":"BreadcrumbList","@id":"https:\/\/tandeherbalists.com\/pl\/produkt\/witamina-c-z-kapusty-450-g\/#breadcrumb","itemListElement":[{"@type":"ListItem","position":1,"name":"Sklep","item":"https:\/\/tandeherbalists.com\/pl\/sklep\/"},{"@type":"ListItem","position":2,"name":"Witamina C z kapusty 450g"}]},{"@type":"WebSite","@id":"https:\/\/tandeherbalists.com\/pl\/#website","url":"https:\/\/tandeherbalists.com\/pl\/","name":"Tandeherbalists","description":"","publisher":{"@id":"https:\/\/tandeherbalists.com\/pl\/#organization"},"potentialAction":[{"@type":"SearchAction","target":{"@type":"EntryPoint","urlTemplate":"https:\/\/tandeherbalists.com\/pl\/?s={search_term_string}"},"query-input":"required name=search_term_string"}],"inLanguage":"pl-PL"},{"@type":"Organization","@id":"https:\/\/tandeherbalists.com\/pl\/#organization","name":"Tandeherbalists","url":"https:\/\/tandeherbalists.com\/pl\/","logo":{"@type":"ImageObject","inLanguage":"pl-PL","@id":"https:\/\/tandeherbalists.com\/pl\/#\/schema\/logo\/image\/","url":"https:\/\/tandeherbalists.com\/wp-content\/uploads\/2023\/01\/logo-herba.svg","contentUrl":"https:\/\/tandeherbalists.com\/wp-content\/uploads\/2023\/01\/logo-herba.svg","width":400,"height":400,"caption":"Tandeherbalists"},"image":{"@id":"https:\/\/tandeherbalists.com\/pl\/#\/schema\/logo\/image\/"},"sameAs":["https:\/\/www.facebook.com\/t.e.Herbalists\/","https:\/\/www.instagram.com\/teherbalists\/"]}]}},"_links":{"self":[{"href":"https:\/\/tandeherbalists.com\/pl\/wp-json\/wp\/v2\/product\/992514","targetHints":{"allow":["GET"]}}],"collection":[{"href":"https:\/\/tandeherbalists.com\/pl\/wp-json\/wp\/v2\/product"}],"about":[{"href":"https:\/\/tandeherbalists.com\/pl\/wp-json\/wp\/v2\/types\/product"}],"replies":[{"embeddable":true,"href":"https:\/\/tandeherbalists.com\/pl\/wp-json\/wp\/v2\/comments?post=992514"}],"version-history":[{"count":4,"href":"https:\/\/tandeherbalists.com\/pl\/wp-json\/wp\/v2\/product\/992514\/revisions"}],"predecessor-version":[{"id":994268,"href":"https:\/\/tandeherbalists.com\/pl\/wp-json\/wp\/v2\/product\/992514\/revisions\/994268"}],"wp:featuredmedia":[{"embeddable":true,"href":"https:\/\/tandeherbalists.com\/pl\/wp-json\/wp\/v2\/media\/993649"}],"wp:attachment":[{"href":"https:\/\/tandeherbalists.com\/pl\/wp-json\/wp\/v2\/media?parent=992514"}],"wp:term":[{"taxonomy":"product_cat","embeddable":true,"href":"https:\/\/tandeherbalists.com\/pl\/wp-json\/wp\/v2\/product_cat?post=992514"},{"taxonomy":"product_tag","embeddable":true,"href":"https:\/\/tandeherbalists.com\/pl\/wp-json\/wp\/v2\/product_tag?post=992514"}],"curies":[{"name":"wp","href":"https:\/\/api.w.org\/{rel}","templated":true}]}}