{"id":992505,"date":"2023-04-06T05:03:14","date_gmt":"2023-04-06T03:03:14","guid":{"rendered":"http:\/\/tandeherbalists.com\/?post_type=product&#038;p=992505"},"modified":"2023-05-29T13:40:51","modified_gmt":"2023-05-29T11:40:51","slug":"puder-bursztynowy","status":"publish","type":"product","link":"https:\/\/tandeherbalists.com\/pl\/produkt\/puder-bursztynowy\/","title":{"rendered":"Sun of Baltic Premium &#8211; Puder Bursztynowy &#8211; 25g"},"content":{"rendered":"\t\t<div data-elementor-type=\"product-post\" data-elementor-id=\"992505\" class=\"elementor elementor-992505\">\n\t\t\t\t\t\t\t<div class=\"elementor-element elementor-element-2451531 e-con-boxed e-flex e-con\" data-id=\"2451531\" data-element_type=\"container\" data-settings=\"{&quot;content_width&quot;:&quot;boxed&quot;}\">\n\t\t\t\t\t<div class=\"e-con-inner\">\n\t\t<div class=\"elementor-element elementor-element-065b631 e-con-full e-flex e-con\" data-id=\"065b631\" data-element_type=\"container\" data-settings=\"{&quot;content_width&quot;:&quot;full&quot;}\">\n\t\t\t\t<div class=\"elementor-element elementor-element-eb564ba elementor-widget elementor-widget-heading\" data-id=\"eb564ba\" data-element_type=\"widget\" data-widget_type=\"heading.default\">\n\t\t\t\t<div class=\"elementor-widget-container\">\n\t\t\t<style>\/*! elementor - v3.13.3 - 22-05-2023 *\/\n.elementor-heading-title{padding:0;margin:0;line-height:1}.elementor-widget-heading .elementor-heading-title[class*=elementor-size-]>a{color:inherit;font-size:inherit;line-height:inherit}.elementor-widget-heading .elementor-heading-title.elementor-size-small{font-size:15px}.elementor-widget-heading .elementor-heading-title.elementor-size-medium{font-size:19px}.elementor-widget-heading .elementor-heading-title.elementor-size-large{font-size:29px}.elementor-widget-heading .elementor-heading-title.elementor-size-xl{font-size:39px}.elementor-widget-heading .elementor-heading-title.elementor-size-xxl{font-size:59px}<\/style><h2 class=\"elementor-heading-title elementor-size-default\">Sun of Baltic Premium Puder Bursztynowy:<\/h2>\t\t<\/div>\n\t\t\t\t<\/div>\n\t\t\t\t<div class=\"elementor-element elementor-element-2eb8d25 elementor-widget elementor-widget-text-editor\" data-id=\"2eb8d25\" data-element_type=\"widget\" data-widget_type=\"text-editor.default\">\n\t\t\t\t<div class=\"elementor-widget-container\">\n\t\t\t<style>\/*! elementor - v3.13.3 - 22-05-2023 *\/\n.elementor-widget-text-editor.elementor-drop-cap-view-stacked .elementor-drop-cap{background-color:#69727d;color:#fff}.elementor-widget-text-editor.elementor-drop-cap-view-framed .elementor-drop-cap{color:#69727d;border:3px solid;background-color:transparent}.elementor-widget-text-editor:not(.elementor-drop-cap-view-default) .elementor-drop-cap{margin-top:8px}.elementor-widget-text-editor:not(.elementor-drop-cap-view-default) .elementor-drop-cap-letter{width:1em;height:1em}.elementor-widget-text-editor .elementor-drop-cap{float:left;text-align:center;line-height:1;font-size:50px}.elementor-widget-text-editor .elementor-drop-cap-letter{display:inline-block}<\/style>\t\t\t\t<p>Sun of Baltic Premium <strong>Puder Bursztynowy<\/strong> &#8211; produkowany za pomoc\u0105 unikalnej metody niskotemperaturowego mia\u017cd\u017cenia naturalnego bursztynu. Ta technologia pozwala zachowa\u0107 naturaln\u0105 struktur\u0119 cz\u0105steczek, co zapewnia maksymalne korzy\u015bci piel\u0119gnacyjne i zdrowotne, charakterystyczne dla naturalnego bursztynu.<\/p><p>Puder z naturalnego bursztynu wykazuje silne w\u0142a\u015bciwo\u015bci antybakteryjne, antywirusowe i antygrzybicze. Pomaga w szybkim gojeniu si\u0119 ran oraz obni\u017ca ci\u015bnienie t\u0119tnicze krwi. Dodatkowo wzmaga wydzielanie \u017c\u00f3\u0142ci, uspokaja, aktywizuje organizm do walki z chorobami i stymuluje prawid\u0142owe procesy regeneracji organizmu. Uczestniczy w cyklu przemian biochemicznych prowadz\u0105cych do powstania ATP \u2013 magazynu energii, co jest niezb\u0119dne dla uzyskania wysokiej witalno\u015bci kom\u00f3rek.<\/p>\t\t\t\t\t\t<\/div>\n\t\t\t\t<\/div>\n\t\t\t\t<\/div>\n\t\t<div class=\"elementor-element elementor-element-4faca0f e-con-full e-flex e-con\" data-id=\"4faca0f\" data-element_type=\"container\" data-settings=\"{&quot;content_width&quot;:&quot;full&quot;}\">\n\t\t\t\t<div class=\"elementor-element elementor-element-40dfa1b elementor-widget elementor-widget-spacer\" data-id=\"40dfa1b\" data-element_type=\"widget\" data-widget_type=\"spacer.default\">\n\t\t\t\t<div class=\"elementor-widget-container\">\n\t\t\t<style>\/*! elementor - v3.13.3 - 22-05-2023 *\/\n.elementor-column .elementor-spacer-inner{height:var(--spacer-size)}.e-con{--container-widget-width:100%}.e-con-inner>.elementor-widget-spacer,.e-con>.elementor-widget-spacer{width:var(--container-widget-width,var(--spacer-size));--align-self:var(--container-widget-align-self,initial);--flex-shrink:0}.e-con-inner>.elementor-widget-spacer>.elementor-widget-container,.e-con-inner>.elementor-widget-spacer>.elementor-widget-container>.elementor-spacer,.e-con>.elementor-widget-spacer>.elementor-widget-container,.e-con>.elementor-widget-spacer>.elementor-widget-container>.elementor-spacer{height:100%}.e-con-inner>.elementor-widget-spacer>.elementor-widget-container>.elementor-spacer>.elementor-spacer-inner,.e-con>.elementor-widget-spacer>.elementor-widget-container>.elementor-spacer>.elementor-spacer-inner{height:var(--container-widget-height,var(--spacer-size))}<\/style>\t\t<div class=\"elementor-spacer\">\n\t\t\t<div class=\"elementor-spacer-inner\"><\/div>\n\t\t<\/div>\n\t\t\t\t<\/div>\n\t\t\t\t<\/div>\n\t\t\t\t<div class=\"elementor-element elementor-element-3a46d05 elementor-widget elementor-widget-image\" data-id=\"3a46d05\" data-element_type=\"widget\" data-widget_type=\"image.default\">\n\t\t\t\t<div class=\"elementor-widget-container\">\n\t\t\t<style>\/*! elementor - v3.13.3 - 22-05-2023 *\/\n.elementor-widget-image{text-align:center}.elementor-widget-image a{display:inline-block}.elementor-widget-image a img[src$=\".svg\"]{width:48px}.elementor-widget-image img{vertical-align:middle;display:inline-block}<\/style>\t\t\t\t\t\t\t\t\t\t\t\t<img loading=\"lazy\" decoding=\"async\" width=\"800\" height=\"800\" src=\"https:\/\/tandeherbalists.com\/wp-content\/uploads\/2023\/04\/IMG_20230402_145707_794.jpg\" class=\"attachment-large size-large wp-image-992482\" alt=\"\" srcset=\"https:\/\/tandeherbalists.com\/wp-content\/uploads\/2023\/04\/IMG_20230402_145707_794.jpg 800w, https:\/\/tandeherbalists.com\/wp-content\/uploads\/2023\/04\/IMG_20230402_145707_794-420x420.jpg 420w, https:\/\/tandeherbalists.com\/wp-content\/uploads\/2023\/04\/IMG_20230402_145707_794-315x315.jpg 315w, https:\/\/tandeherbalists.com\/wp-content\/uploads\/2023\/04\/IMG_20230402_145707_794-630x630.jpg 630w, https:\/\/tandeherbalists.com\/wp-content\/uploads\/2023\/04\/IMG_20230402_145707_794-64x64.jpg 64w\" sizes=\"auto, (max-width: 800px) 100vw, 800px\" \/>\t\t\t\t\t\t\t\t\t\t\t\t\t\t\t<\/div>\n\t\t\t\t<\/div>\n\t\t\t\t<\/div>\n\t\t<div class=\"elementor-element elementor-element-7c86133 e-con-full e-flex e-con\" data-id=\"7c86133\" data-element_type=\"container\" data-settings=\"{&quot;content_width&quot;:&quot;full&quot;}\">\n\t\t\t\t<div class=\"elementor-element elementor-element-11dbf4b elementor-widget elementor-widget-heading\" data-id=\"11dbf4b\" data-element_type=\"widget\" data-widget_type=\"heading.default\">\n\t\t\t\t<div class=\"elementor-widget-container\">\n\t\t\t<h2 class=\"elementor-heading-title elementor-size-default\">W\u0142a\u015bciwo\u015bci piel\u0119gnacyjne:<\/h2>\t\t<\/div>\n\t\t\t\t<\/div>\n\t\t\t\t<div class=\"elementor-element elementor-element-b76739a elementor-widget elementor-widget-text-editor\" data-id=\"b76739a\" data-element_type=\"widget\" data-widget_type=\"text-editor.default\">\n\t\t\t\t<div class=\"elementor-widget-container\">\n\t\t\t\t\t\t\t<ul><li>niweluje oznaki zm\u0119czenia,<\/li><li>poprawia koloryt sk\u00f3ry,<\/li><li>wzmacnia j\u0105 i energizuje,<\/li><li>uelastycznia,<\/li><li>nadaje jej \u015bwie\u017cy i wypocz\u0119ty wygl\u0105d,<\/li><li>wspomaga proces regeneracji,<\/li><li>zmniejsza uczucie napi\u0119cia,<\/li><li>nadaje g\u0142adko\u015b\u0107 i mi\u0119kko\u015b\u0107,<\/li><li>wyg\u0142adza,<\/li><li>dzia\u0142a \u0142agodz\u0105co i skutecznie piel\u0119gnuje cer\u0119 tr\u0105dzikow\u0105,<\/li><li>przeciwdzia\u0142a nadmiernej aktywno\u015bci gruczo\u0142\u00f3w \u0142ojowych,<\/li><li>ogranicza wydzielanie sebum,<\/li><li>wch\u0142ania nadmiar sebum,<\/li><li>zapobiega \u015bwieceniu si\u0119 sk\u00f3ry,<\/li><li>utrzymuje sk\u00f3r\u0119 w bardzo dobrej kondycji,<\/li><li>skutecznie piel\u0119gnuje sk\u00f3r\u0119 g\u0142owy i w\u0142osy, wzmacniaj\u0105c je.<\/li><\/ul>\t\t\t\t\t\t<\/div>\n\t\t\t\t<\/div>\n\t\t\t\t<\/div>\n\t\t<div class=\"elementor-element elementor-element-379bcef e-con-full e-flex e-con\" data-id=\"379bcef\" data-element_type=\"container\" data-settings=\"{&quot;content_width&quot;:&quot;full&quot;}\">\n\t\t\t\t<div class=\"elementor-element elementor-element-b516a12 elementor-widget elementor-widget-heading\" data-id=\"b516a12\" data-element_type=\"widget\" data-widget_type=\"heading.default\">\n\t\t\t\t<div class=\"elementor-widget-container\">\n\t\t\t<h2 class=\"elementor-heading-title elementor-size-default\">Spos\u00f3b u\u017cycia:<\/h2>\t\t<\/div>\n\t\t\t\t<\/div>\n\t\t\t\t<div class=\"elementor-element elementor-element-e55ba23 elementor-widget elementor-widget-text-editor\" data-id=\"e55ba23\" data-element_type=\"widget\" data-widget_type=\"text-editor.default\">\n\t\t\t\t<div class=\"elementor-widget-container\">\n\t\t\t\t\t\t\t<p>Aby u\u017cy\u0107 pudru, nale\u017cy na\u0142o\u017cy\u0107 go na czyst\u0105, such\u0105 sk\u00f3r\u0119. Pudrowa\u0107 wybrane partie sk\u00f3ry 2-3 razy dziennie za pomoc\u0105 bawe\u0142nianego wacika, p\u0119dzla kosmetycznego lub umieszczony na d\u0142oni puder wciera\u0107 ruchem okr\u0119\u017cnym w sk\u00f3r\u0119. Na <strong>sk\u00f3r\u0119 st\u00f3p<\/strong> nale\u017cy pudrowa\u0107 bezpo\u015brednio lub nasypa\u0107 niewielk\u0105 ilo\u015b\u0107 pudru do skarpety lub obuwia. Aby piel\u0119gnowa\u0107 <strong>w\u0142osy i sk\u00f3r\u0119 g\u0142owy<\/strong>, nale\u017cy wciera\u0107 puder bezpo\u015brednio w sk\u00f3r\u0119 g\u0142owy, a po 2-3 godzinach sp\u0142uka\u0107 w\u0142osy wod\u0105 lub umy\u0107 szamponem. Stosowa\u0107 2-3 razy w tygodniu.<\/p>\t\t\t\t\t\t<\/div>\n\t\t\t\t<\/div>\n\t\t\t\t<\/div>\n\t\t\t\t\t<\/div>\n\t\t\t\t<\/div>\n\t\t\t\t\t\t\t<\/div>\n\t\t","protected":false},"excerpt":{"rendered":"<p>Sun of Baltic Premium Puder Bursztynowy: Sun of Baltic Premium Puder Bursztynowy &#8211; produkowany za pomoc\u0105 unikalnej metody niskotemperaturowego mia\u017cd\u017cenia naturalnego bursztynu. Ta technologia pozwala zachowa\u0107 naturaln\u0105 struktur\u0119 cz\u0105steczek, co&#8230;<\/p>\n","protected":false},"featured_media":992482,"comment_status":"closed","ping_status":"closed","template":"","meta":[],"product_cat":[175],"product_tag":[],"class_list":["post-992505","product","type-product","status-publish","has-post-thumbnail","hentry","product_cat-kosmetyki-naturalne"],"yoast_head":"<!-- This site is optimized with the Yoast SEO plugin v20.7 - https:\/\/yoast.com\/wordpress\/plugins\/seo\/ -->\n<title>Sun of Baltic Premium - Puder Bursztynowy - 25g - T&amp;E Herbalists<\/title>\n<meta name=\"description\" content=\"Puder pomaga w szybkim gojeniu si\u0119 ran oraz obni\u017ca ci\u015bnienie t\u0119tnicze krwi, wzmaga wydzielanie \u017c\u00f3\u0142ci, uspokaja, aktywizuje organizm do walki z chorobami.\" \/>\n<meta name=\"robots\" content=\"index, follow, max-snippet:-1, max-image-preview:large, max-video-preview:-1\" \/>\n<link rel=\"canonical\" href=\"https:\/\/tandeherbalists.com\/pl\/produkt\/puder-bursztynowy\/\" \/>\n<meta property=\"og:locale\" content=\"pl_PL\" \/>\n<meta property=\"og:type\" content=\"article\" \/>\n<meta property=\"og:title\" content=\"Sun of Baltic Premium - Puder Bursztynowy - 25g - T&amp;E Herbalists\" \/>\n<meta property=\"og:description\" content=\"Puder pomaga w szybkim gojeniu si\u0119 ran oraz obni\u017ca ci\u015bnienie t\u0119tnicze krwi, wzmaga wydzielanie \u017c\u00f3\u0142ci, uspokaja, aktywizuje organizm do walki z chorobami.\" \/>\n<meta property=\"og:url\" content=\"https:\/\/tandeherbalists.com\/pl\/produkt\/puder-bursztynowy\/\" \/>\n<meta property=\"og:site_name\" content=\"Herbalists\" \/>\n<meta property=\"article:publisher\" content=\"https:\/\/www.facebook.com\/t.e.Herbalists\/\" \/>\n<meta property=\"article:modified_time\" content=\"2023-05-29T11:40:51+00:00\" \/>\n<meta property=\"og:image\" content=\"https:\/\/tandeherbalists.com\/wp-content\/uploads\/2023\/04\/IMG_20230402_145707_794.jpg\" \/>\n\t<meta property=\"og:image:width\" content=\"800\" \/>\n\t<meta property=\"og:image:height\" content=\"800\" \/>\n\t<meta property=\"og:image:type\" content=\"image\/jpeg\" \/>\n<meta name=\"twitter:card\" content=\"summary_large_image\" \/>\n<script type=\"application\/ld+json\" class=\"yoast-schema-graph\">{\"@context\":\"https:\/\/schema.org\",\"@graph\":[{\"@type\":\"WebPage\",\"@id\":\"https:\/\/tandeherbalists.com\/pl\/produkt\/puder-bursztynowy\/\",\"url\":\"https:\/\/tandeherbalists.com\/pl\/produkt\/puder-bursztynowy\/\",\"name\":\"Sun of Baltic Premium - Puder Bursztynowy - 25g - T&E Herbalists\",\"isPartOf\":{\"@id\":\"https:\/\/tandeherbalists.com\/pl\/#website\"},\"datePublished\":\"2023-04-06T03:03:14+00:00\",\"dateModified\":\"2023-05-29T11:40:51+00:00\",\"description\":\"Puder pomaga w szybkim gojeniu si\u0119 ran oraz obni\u017ca ci\u015bnienie t\u0119tnicze krwi, wzmaga wydzielanie \u017c\u00f3\u0142ci, uspokaja, aktywizuje organizm do walki z chorobami.\",\"breadcrumb\":{\"@id\":\"https:\/\/tandeherbalists.com\/pl\/produkt\/puder-bursztynowy\/#breadcrumb\"},\"inLanguage\":\"pl-PL\",\"potentialAction\":[{\"@type\":\"ReadAction\",\"target\":[\"https:\/\/tandeherbalists.com\/pl\/produkt\/puder-bursztynowy\/\"]}]},{\"@type\":\"BreadcrumbList\",\"@id\":\"https:\/\/tandeherbalists.com\/pl\/produkt\/puder-bursztynowy\/#breadcrumb\",\"itemListElement\":[{\"@type\":\"ListItem\",\"position\":1,\"name\":\"Sklep\",\"item\":\"https:\/\/tandeherbalists.com\/pl\/sklep\/\"},{\"@type\":\"ListItem\",\"position\":2,\"name\":\"Sun of Baltic Premium &#8211; Puder Bursztynowy &#8211; 25g\"}]},{\"@type\":\"WebSite\",\"@id\":\"https:\/\/tandeherbalists.com\/pl\/#website\",\"url\":\"https:\/\/tandeherbalists.com\/pl\/\",\"name\":\"Tandeherbalists\",\"description\":\"\",\"publisher\":{\"@id\":\"https:\/\/tandeherbalists.com\/pl\/#organization\"},\"potentialAction\":[{\"@type\":\"SearchAction\",\"target\":{\"@type\":\"EntryPoint\",\"urlTemplate\":\"https:\/\/tandeherbalists.com\/pl\/?s={search_term_string}\"},\"query-input\":\"required name=search_term_string\"}],\"inLanguage\":\"pl-PL\"},{\"@type\":\"Organization\",\"@id\":\"https:\/\/tandeherbalists.com\/pl\/#organization\",\"name\":\"Tandeherbalists\",\"url\":\"https:\/\/tandeherbalists.com\/pl\/\",\"logo\":{\"@type\":\"ImageObject\",\"inLanguage\":\"pl-PL\",\"@id\":\"https:\/\/tandeherbalists.com\/pl\/#\/schema\/logo\/image\/\",\"url\":\"https:\/\/tandeherbalists.com\/wp-content\/uploads\/2023\/01\/logo-herba.svg\",\"contentUrl\":\"https:\/\/tandeherbalists.com\/wp-content\/uploads\/2023\/01\/logo-herba.svg\",\"width\":400,\"height\":400,\"caption\":\"Tandeherbalists\"},\"image\":{\"@id\":\"https:\/\/tandeherbalists.com\/pl\/#\/schema\/logo\/image\/\"},\"sameAs\":[\"https:\/\/www.facebook.com\/t.e.Herbalists\/\",\"https:\/\/www.instagram.com\/teherbalists\/\"]}]}<\/script>\n<!-- \/ Yoast SEO plugin. -->","yoast_head_json":{"title":"Sun of Baltic Premium - Puder Bursztynowy - 25g - T&E Herbalists","description":"Puder pomaga w szybkim gojeniu si\u0119 ran oraz obni\u017ca ci\u015bnienie t\u0119tnicze krwi, wzmaga wydzielanie \u017c\u00f3\u0142ci, uspokaja, aktywizuje organizm do walki z chorobami.","robots":{"index":"index","follow":"follow","max-snippet":"max-snippet:-1","max-image-preview":"max-image-preview:large","max-video-preview":"max-video-preview:-1"},"canonical":"https:\/\/tandeherbalists.com\/pl\/produkt\/puder-bursztynowy\/","og_locale":"pl_PL","og_type":"article","og_title":"Sun of Baltic Premium - Puder Bursztynowy - 25g - T&E Herbalists","og_description":"Puder pomaga w szybkim gojeniu si\u0119 ran oraz obni\u017ca ci\u015bnienie t\u0119tnicze krwi, wzmaga wydzielanie \u017c\u00f3\u0142ci, uspokaja, aktywizuje organizm do walki z chorobami.","og_url":"https:\/\/tandeherbalists.com\/pl\/produkt\/puder-bursztynowy\/","og_site_name":"Herbalists","article_publisher":"https:\/\/www.facebook.com\/t.e.Herbalists\/","article_modified_time":"2023-05-29T11:40:51+00:00","og_image":[{"width":800,"height":800,"url":"https:\/\/tandeherbalists.com\/wp-content\/uploads\/2023\/04\/IMG_20230402_145707_794.jpg","type":"image\/jpeg"}],"twitter_card":"summary_large_image","schema":{"@context":"https:\/\/schema.org","@graph":[{"@type":"WebPage","@id":"https:\/\/tandeherbalists.com\/pl\/produkt\/puder-bursztynowy\/","url":"https:\/\/tandeherbalists.com\/pl\/produkt\/puder-bursztynowy\/","name":"Sun of Baltic Premium - Puder Bursztynowy - 25g - T&E Herbalists","isPartOf":{"@id":"https:\/\/tandeherbalists.com\/pl\/#website"},"datePublished":"2023-04-06T03:03:14+00:00","dateModified":"2023-05-29T11:40:51+00:00","description":"Puder pomaga w szybkim gojeniu si\u0119 ran oraz obni\u017ca ci\u015bnienie t\u0119tnicze krwi, wzmaga wydzielanie \u017c\u00f3\u0142ci, uspokaja, aktywizuje organizm do walki z chorobami.","breadcrumb":{"@id":"https:\/\/tandeherbalists.com\/pl\/produkt\/puder-bursztynowy\/#breadcrumb"},"inLanguage":"pl-PL","potentialAction":[{"@type":"ReadAction","target":["https:\/\/tandeherbalists.com\/pl\/produkt\/puder-bursztynowy\/"]}]},{"@type":"BreadcrumbList","@id":"https:\/\/tandeherbalists.com\/pl\/produkt\/puder-bursztynowy\/#breadcrumb","itemListElement":[{"@type":"ListItem","position":1,"name":"Sklep","item":"https:\/\/tandeherbalists.com\/pl\/sklep\/"},{"@type":"ListItem","position":2,"name":"Sun of Baltic Premium &#8211; Puder Bursztynowy &#8211; 25g"}]},{"@type":"WebSite","@id":"https:\/\/tandeherbalists.com\/pl\/#website","url":"https:\/\/tandeherbalists.com\/pl\/","name":"Tandeherbalists","description":"","publisher":{"@id":"https:\/\/tandeherbalists.com\/pl\/#organization"},"potentialAction":[{"@type":"SearchAction","target":{"@type":"EntryPoint","urlTemplate":"https:\/\/tandeherbalists.com\/pl\/?s={search_term_string}"},"query-input":"required name=search_term_string"}],"inLanguage":"pl-PL"},{"@type":"Organization","@id":"https:\/\/tandeherbalists.com\/pl\/#organization","name":"Tandeherbalists","url":"https:\/\/tandeherbalists.com\/pl\/","logo":{"@type":"ImageObject","inLanguage":"pl-PL","@id":"https:\/\/tandeherbalists.com\/pl\/#\/schema\/logo\/image\/","url":"https:\/\/tandeherbalists.com\/wp-content\/uploads\/2023\/01\/logo-herba.svg","contentUrl":"https:\/\/tandeherbalists.com\/wp-content\/uploads\/2023\/01\/logo-herba.svg","width":400,"height":400,"caption":"Tandeherbalists"},"image":{"@id":"https:\/\/tandeherbalists.com\/pl\/#\/schema\/logo\/image\/"},"sameAs":["https:\/\/www.facebook.com\/t.e.Herbalists\/","https:\/\/www.instagram.com\/teherbalists\/"]}]}},"_links":{"self":[{"href":"https:\/\/tandeherbalists.com\/pl\/wp-json\/wp\/v2\/product\/992505","targetHints":{"allow":["GET"]}}],"collection":[{"href":"https:\/\/tandeherbalists.com\/pl\/wp-json\/wp\/v2\/product"}],"about":[{"href":"https:\/\/tandeherbalists.com\/pl\/wp-json\/wp\/v2\/types\/product"}],"replies":[{"embeddable":true,"href":"https:\/\/tandeherbalists.com\/pl\/wp-json\/wp\/v2\/comments?post=992505"}],"version-history":[{"count":4,"href":"https:\/\/tandeherbalists.com\/pl\/wp-json\/wp\/v2\/product\/992505\/revisions"}],"predecessor-version":[{"id":994303,"href":"https:\/\/tandeherbalists.com\/pl\/wp-json\/wp\/v2\/product\/992505\/revisions\/994303"}],"wp:featuredmedia":[{"embeddable":true,"href":"https:\/\/tandeherbalists.com\/pl\/wp-json\/wp\/v2\/media\/992482"}],"wp:attachment":[{"href":"https:\/\/tandeherbalists.com\/pl\/wp-json\/wp\/v2\/media?parent=992505"}],"wp:term":[{"taxonomy":"product_cat","embeddable":true,"href":"https:\/\/tandeherbalists.com\/pl\/wp-json\/wp\/v2\/product_cat?post=992505"},{"taxonomy":"product_tag","embeddable":true,"href":"https:\/\/tandeherbalists.com\/pl\/wp-json\/wp\/v2\/product_tag?post=992505"}],"curies":[{"name":"wp","href":"https:\/\/api.w.org\/{rel}","templated":true}]}}