{"id":992471,"date":"2023-04-06T04:45:43","date_gmt":"2023-04-06T02:45:43","guid":{"rendered":"http:\/\/tandeherbalists.com\/?post_type=product&#038;p=992471"},"modified":"2023-06-28T09:01:28","modified_gmt":"2023-06-28T07:01:28","slug":"herbal-candy-prasowane-pastylki-ziolowe","status":"publish","type":"product","link":"https:\/\/tandeherbalists.com\/pl\/produkt\/herbal-candy-prasowane-pastylki-ziolowe\/","title":{"rendered":"Herbal candy &#8211; prasowane pastylki zio\u0142owe"},"content":{"rendered":"\t\t<div data-elementor-type=\"product-post\" data-elementor-id=\"992471\" class=\"elementor elementor-992471\">\n\t\t\t\t\t\t\t<div class=\"elementor-element elementor-element-7c77e8f e-con-boxed e-flex e-con\" data-id=\"7c77e8f\" data-element_type=\"container\" data-settings=\"{&quot;content_width&quot;:&quot;boxed&quot;}\">\n\t\t\t\t\t<div class=\"e-con-inner\">\n\t\t<div class=\"elementor-element elementor-element-c8af348 e-con-full e-flex e-con\" data-id=\"c8af348\" data-element_type=\"container\" data-settings=\"{&quot;content_width&quot;:&quot;full&quot;}\">\n\t\t\t\t<div class=\"elementor-element elementor-element-d11cc01 elementor-widget elementor-widget-heading\" data-id=\"d11cc01\" data-element_type=\"widget\" data-widget_type=\"heading.default\">\n\t\t\t\t<div class=\"elementor-widget-container\">\n\t\t\t<style>\/*! elementor - v3.13.3 - 22-05-2023 *\/\n.elementor-heading-title{padding:0;margin:0;line-height:1}.elementor-widget-heading .elementor-heading-title[class*=elementor-size-]>a{color:inherit;font-size:inherit;line-height:inherit}.elementor-widget-heading .elementor-heading-title.elementor-size-small{font-size:15px}.elementor-widget-heading .elementor-heading-title.elementor-size-medium{font-size:19px}.elementor-widget-heading .elementor-heading-title.elementor-size-large{font-size:29px}.elementor-widget-heading .elementor-heading-title.elementor-size-xl{font-size:39px}.elementor-widget-heading .elementor-heading-title.elementor-size-xxl{font-size:59px}<\/style><h2 class=\"elementor-heading-title elementor-size-default\">Herbal Candy:<\/h2>\t\t<\/div>\n\t\t\t\t<\/div>\n\t\t\t\t<div class=\"elementor-element elementor-element-e4461bc elementor-widget elementor-widget-text-editor\" data-id=\"e4461bc\" data-element_type=\"widget\" data-widget_type=\"text-editor.default\">\n\t\t\t\t<div class=\"elementor-widget-container\">\n\t\t\t<style>\/*! elementor - v3.13.3 - 22-05-2023 *\/\n.elementor-widget-text-editor.elementor-drop-cap-view-stacked .elementor-drop-cap{background-color:#69727d;color:#fff}.elementor-widget-text-editor.elementor-drop-cap-view-framed .elementor-drop-cap{color:#69727d;border:3px solid;background-color:transparent}.elementor-widget-text-editor:not(.elementor-drop-cap-view-default) .elementor-drop-cap{margin-top:8px}.elementor-widget-text-editor:not(.elementor-drop-cap-view-default) .elementor-drop-cap-letter{width:1em;height:1em}.elementor-widget-text-editor .elementor-drop-cap{float:left;text-align:center;line-height:1;font-size:50px}.elementor-widget-text-editor .elementor-drop-cap-letter{display:inline-block}<\/style>\t\t\t\t<p><strong>Herbal Candy<\/strong> &#8211; Prasowane pastylki z imbirem o smaku mentolowo-go\u017adzikowym w opakowaniu 50g.<\/p><p>W sk\u0142ad produktu wchodz\u0105 niepowlekane, prasowane pastylki o wyj\u0105tkowym smaku mentolowo-go\u017adzikowym z imbirem. Warto\u015b\u0107 energetyczna 100g wynosi 1030 kJ\/247 kcal, zawieraj\u0105 one 0g t\u0142uszczu, w tym 0g nasyconych kwas\u00f3w t\u0142uszczowych, 95g w\u0119glowodan\u00f3w, 0g cukr\u00f3w, 2,6g b\u0142onnika oraz 0,6g bia\u0142ka. Zawieraj\u0105 r\u00f3wnie\u017c 0,05g soli.<\/p><p>Nale\u017cy pami\u0119ta\u0107, \u017ce spo\u017cycie w nadmiernych ilo\u015bciach mo\u017ce mie\u0107 efekt przeczyszczaj\u0105cy. Przy zmiennej temperaturze mo\u017ce pojawi\u0107 si\u0119 naturalny osad z mi\u0119ty. W przypadku minusowej temperatury i du\u017cej wilgoci powietrza, na pastylkach mog\u0105 pojawi\u0107 si\u0119 kryszta\u0142ki mentolu. W takiej sytuacji nale\u017cy wstrz\u0105sn\u0105\u0107 opakowaniem przed spo\u017cyciem.<\/p><p>Produkt jest higroskopijny, dlatego nale\u017cy przechowywa\u0107 go w suchym miejscu. Zr\u00f3wnowa\u017cony spos\u00f3b \u017cywienia i zdrowy tryb \u017cycia s\u0105 wa\u017cne dla prawid\u0142owego funkcjonowania organizmu.<\/p>\t\t\t\t\t\t<\/div>\n\t\t\t\t<\/div>\n\t\t\t\t<\/div>\n\t\t<div class=\"elementor-element elementor-element-fef9b91 e-con-full e-flex e-con\" data-id=\"fef9b91\" data-element_type=\"container\" data-settings=\"{&quot;content_width&quot;:&quot;full&quot;}\">\n\t\t\t\t<div class=\"elementor-element elementor-element-3dc025c elementor-widget elementor-widget-image\" data-id=\"3dc025c\" data-element_type=\"widget\" data-widget_type=\"image.default\">\n\t\t\t\t<div class=\"elementor-widget-container\">\n\t\t\t<style>\/*! elementor - v3.13.3 - 22-05-2023 *\/\n.elementor-widget-image{text-align:center}.elementor-widget-image a{display:inline-block}.elementor-widget-image a img[src$=\".svg\"]{width:48px}.elementor-widget-image img{vertical-align:middle;display:inline-block}<\/style>\t\t\t\t\t\t\t\t\t\t\t\t<img loading=\"lazy\" decoding=\"async\" width=\"1024\" height=\"1024\" src=\"https:\/\/tandeherbalists.com\/wp-content\/uploads\/2023\/04\/IMG_20230402_145835_974-1-kopia-1024x1024.webp\" class=\"attachment-large size-large wp-image-994309\" alt=\"\" srcset=\"https:\/\/tandeherbalists.com\/wp-content\/uploads\/2023\/04\/IMG_20230402_145835_974-1-kopia-1024x1024.webp 1024w, https:\/\/tandeherbalists.com\/wp-content\/uploads\/2023\/04\/IMG_20230402_145835_974-1-kopia-300x300.webp 300w, https:\/\/tandeherbalists.com\/wp-content\/uploads\/2023\/04\/IMG_20230402_145835_974-1-kopia-150x150.webp 150w, https:\/\/tandeherbalists.com\/wp-content\/uploads\/2023\/04\/IMG_20230402_145835_974-1-kopia-768x768.webp 768w, https:\/\/tandeherbalists.com\/wp-content\/uploads\/2023\/04\/IMG_20230402_145835_974-1-kopia-840x840.webp 840w, https:\/\/tandeherbalists.com\/wp-content\/uploads\/2023\/04\/IMG_20230402_145835_974-1-kopia-420x420.webp 420w, https:\/\/tandeherbalists.com\/wp-content\/uploads\/2023\/04\/IMG_20230402_145835_974-1-kopia-630x630.webp 630w, https:\/\/tandeherbalists.com\/wp-content\/uploads\/2023\/04\/IMG_20230402_145835_974-1-kopia-315x315.webp 315w, https:\/\/tandeherbalists.com\/wp-content\/uploads\/2023\/04\/IMG_20230402_145835_974-1-kopia-64x64.webp 64w, https:\/\/tandeherbalists.com\/wp-content\/uploads\/2023\/04\/IMG_20230402_145835_974-1-kopia.webp 1200w\" sizes=\"auto, (max-width: 1024px) 100vw, 1024px\" \/>\t\t\t\t\t\t\t\t\t\t\t\t\t\t\t<\/div>\n\t\t\t\t<\/div>\n\t\t\t\t<\/div>\n\t\t<div class=\"elementor-element elementor-element-abf7fc2 e-con-full e-flex e-con\" data-id=\"abf7fc2\" data-element_type=\"container\" data-settings=\"{&quot;content_width&quot;:&quot;full&quot;}\">\n\t\t\t\t<div class=\"elementor-element elementor-element-4382598 elementor-widget elementor-widget-heading\" data-id=\"4382598\" data-element_type=\"widget\" data-widget_type=\"heading.default\">\n\t\t\t\t<div class=\"elementor-widget-container\">\n\t\t\t<h2 class=\"elementor-heading-title elementor-size-default\">Sk\u0142ad produktu:<\/h2>\t\t<\/div>\n\t\t\t\t<\/div>\n\t\t\t\t<div class=\"elementor-element elementor-element-aecca94 elementor-widget elementor-widget-text-editor\" data-id=\"aecca94\" data-element_type=\"widget\" data-widget_type=\"text-editor.default\">\n\t\t\t\t<div class=\"elementor-widget-container\">\n\t\t\t\t\t\t\t<ul><li>sorbitole<\/li><li>ksylitol<\/li><li>sole magnezowe kwasu cytrynowego<\/li><li>mielone go\u017adziki<\/li><li>mentol<\/li><li>mielona moringa<\/li><li>mielony imbir<\/li><li>krzemionka<\/li><li>glikozydy stewiolowe ze stewii<\/li><\/ul>\t\t\t\t\t\t<\/div>\n\t\t\t\t<\/div>\n\t\t\t\t<\/div>\n\t\t<div class=\"elementor-element elementor-element-a05dcdb e-con-full e-flex e-con\" data-id=\"a05dcdb\" data-element_type=\"container\" data-settings=\"{&quot;content_width&quot;:&quot;full&quot;}\">\n\t\t\t\t<div class=\"elementor-element elementor-element-c0e7143 elementor-widget elementor-widget-heading\" data-id=\"c0e7143\" data-element_type=\"widget\" data-widget_type=\"heading.default\">\n\t\t\t\t<div class=\"elementor-widget-container\">\n\t\t\t<h2 class=\"elementor-heading-title elementor-size-default\">Waga:<\/h2>\t\t<\/div>\n\t\t\t\t<\/div>\n\t\t\t\t<div class=\"elementor-element elementor-element-5778b65 elementor-widget elementor-widget-text-editor\" data-id=\"5778b65\" data-element_type=\"widget\" data-widget_type=\"text-editor.default\">\n\t\t\t\t<div class=\"elementor-widget-container\">\n\t\t\t\t\t\t\t<p>50g.<\/p>\t\t\t\t\t\t<\/div>\n\t\t\t\t<\/div>\n\t\t\t\t<\/div>\n\t\t\t\t\t<\/div>\n\t\t\t\t<\/div>\n\t\t\t\t\t\t\t<\/div>\n\t\t","protected":false},"excerpt":{"rendered":"<p>Herbal Candy: Herbal Candy &#8211; Prasowane pastylki z imbirem o smaku mentolowo-go\u017adzikowym w opakowaniu 50g. W sk\u0142ad produktu wchodz\u0105 niepowlekane, prasowane pastylki o wyj\u0105tkowym smaku mentolowo-go\u017adzikowym z imbirem. Warto\u015b\u0107 energetyczna&#8230;<\/p>\n","protected":false},"featured_media":993651,"comment_status":"closed","ping_status":"closed","template":"","meta":[],"product_cat":[170],"product_tag":[],"class_list":["post-992471","product","type-product","status-publish","has-post-thumbnail","hentry","product_cat-witaminy"],"yoast_head":"<!-- This site is optimized with the Yoast SEO plugin v20.7 - https:\/\/yoast.com\/wordpress\/plugins\/seo\/ -->\n<title>Prasowane pastylki zio\u0142owe - Herbal candy | T&amp;E Herbalists<\/title>\n<meta name=\"description\" content=\"Niepowlekane, prasowane pastylki z imbirem o smaku mentolowo-go\u017adzikowym. Warto\u015b\u0107 energetyczna 100g wynosi 1030 kJ\/247 kcal.\" \/>\n<meta name=\"robots\" content=\"index, follow, max-snippet:-1, max-image-preview:large, max-video-preview:-1\" \/>\n<link rel=\"canonical\" href=\"https:\/\/tandeherbalists.com\/pl\/produkt\/herbal-candy-prasowane-pastylki-ziolowe\/\" \/>\n<meta property=\"og:locale\" content=\"pl_PL\" \/>\n<meta property=\"og:type\" content=\"article\" \/>\n<meta property=\"og:title\" content=\"Prasowane pastylki zio\u0142owe - Herbal candy | T&amp;E Herbalists\" \/>\n<meta property=\"og:description\" content=\"Niepowlekane, prasowane pastylki z imbirem o smaku mentolowo-go\u017adzikowym. Warto\u015b\u0107 energetyczna 100g wynosi 1030 kJ\/247 kcal.\" \/>\n<meta property=\"og:url\" content=\"https:\/\/tandeherbalists.com\/pl\/produkt\/herbal-candy-prasowane-pastylki-ziolowe\/\" \/>\n<meta property=\"og:site_name\" content=\"Herbalists\" \/>\n<meta property=\"article:publisher\" content=\"https:\/\/www.facebook.com\/t.e.Herbalists\/\" \/>\n<meta property=\"article:modified_time\" content=\"2023-06-28T07:01:28+00:00\" \/>\n<meta property=\"og:image\" content=\"https:\/\/tandeherbalists.com\/wp-content\/uploads\/2023\/04\/HC.jpg\" \/>\n\t<meta property=\"og:image:width\" content=\"500\" \/>\n\t<meta property=\"og:image:height\" content=\"500\" \/>\n\t<meta property=\"og:image:type\" content=\"image\/jpeg\" \/>\n<meta name=\"twitter:card\" content=\"summary_large_image\" \/>\n<meta name=\"twitter:label1\" content=\"Szacowany czas czytania\" \/>\n\t<meta name=\"twitter:data1\" content=\"2 minuty\" \/>\n<script type=\"application\/ld+json\" class=\"yoast-schema-graph\">{\"@context\":\"https:\/\/schema.org\",\"@graph\":[{\"@type\":\"WebPage\",\"@id\":\"https:\/\/tandeherbalists.com\/pl\/produkt\/herbal-candy-prasowane-pastylki-ziolowe\/\",\"url\":\"https:\/\/tandeherbalists.com\/pl\/produkt\/herbal-candy-prasowane-pastylki-ziolowe\/\",\"name\":\"Prasowane pastylki zio\u0142owe - Herbal candy | T&E Herbalists\",\"isPartOf\":{\"@id\":\"https:\/\/tandeherbalists.com\/pl\/#website\"},\"datePublished\":\"2023-04-06T02:45:43+00:00\",\"dateModified\":\"2023-06-28T07:01:28+00:00\",\"description\":\"Niepowlekane, prasowane pastylki z imbirem o smaku mentolowo-go\u017adzikowym. Warto\u015b\u0107 energetyczna 100g wynosi 1030 kJ\/247 kcal.\",\"breadcrumb\":{\"@id\":\"https:\/\/tandeherbalists.com\/pl\/produkt\/herbal-candy-prasowane-pastylki-ziolowe\/#breadcrumb\"},\"inLanguage\":\"pl-PL\",\"potentialAction\":[{\"@type\":\"ReadAction\",\"target\":[\"https:\/\/tandeherbalists.com\/pl\/produkt\/herbal-candy-prasowane-pastylki-ziolowe\/\"]}]},{\"@type\":\"BreadcrumbList\",\"@id\":\"https:\/\/tandeherbalists.com\/pl\/produkt\/herbal-candy-prasowane-pastylki-ziolowe\/#breadcrumb\",\"itemListElement\":[{\"@type\":\"ListItem\",\"position\":1,\"name\":\"Sklep\",\"item\":\"https:\/\/tandeherbalists.com\/pl\/sklep\/\"},{\"@type\":\"ListItem\",\"position\":2,\"name\":\"Herbal candy &#8211; prasowane pastylki zio\u0142owe\"}]},{\"@type\":\"WebSite\",\"@id\":\"https:\/\/tandeherbalists.com\/pl\/#website\",\"url\":\"https:\/\/tandeherbalists.com\/pl\/\",\"name\":\"Tandeherbalists\",\"description\":\"\",\"publisher\":{\"@id\":\"https:\/\/tandeherbalists.com\/pl\/#organization\"},\"potentialAction\":[{\"@type\":\"SearchAction\",\"target\":{\"@type\":\"EntryPoint\",\"urlTemplate\":\"https:\/\/tandeherbalists.com\/pl\/?s={search_term_string}\"},\"query-input\":\"required name=search_term_string\"}],\"inLanguage\":\"pl-PL\"},{\"@type\":\"Organization\",\"@id\":\"https:\/\/tandeherbalists.com\/pl\/#organization\",\"name\":\"Tandeherbalists\",\"url\":\"https:\/\/tandeherbalists.com\/pl\/\",\"logo\":{\"@type\":\"ImageObject\",\"inLanguage\":\"pl-PL\",\"@id\":\"https:\/\/tandeherbalists.com\/pl\/#\/schema\/logo\/image\/\",\"url\":\"https:\/\/tandeherbalists.com\/wp-content\/uploads\/2023\/01\/logo-herba.svg\",\"contentUrl\":\"https:\/\/tandeherbalists.com\/wp-content\/uploads\/2023\/01\/logo-herba.svg\",\"width\":400,\"height\":400,\"caption\":\"Tandeherbalists\"},\"image\":{\"@id\":\"https:\/\/tandeherbalists.com\/pl\/#\/schema\/logo\/image\/\"},\"sameAs\":[\"https:\/\/www.facebook.com\/t.e.Herbalists\/\",\"https:\/\/www.instagram.com\/teherbalists\/\"]}]}<\/script>\n<!-- \/ Yoast SEO plugin. -->","yoast_head_json":{"title":"Prasowane pastylki zio\u0142owe - Herbal candy | T&E Herbalists","description":"Niepowlekane, prasowane pastylki z imbirem o smaku mentolowo-go\u017adzikowym. Warto\u015b\u0107 energetyczna 100g wynosi 1030 kJ\/247 kcal.","robots":{"index":"index","follow":"follow","max-snippet":"max-snippet:-1","max-image-preview":"max-image-preview:large","max-video-preview":"max-video-preview:-1"},"canonical":"https:\/\/tandeherbalists.com\/pl\/produkt\/herbal-candy-prasowane-pastylki-ziolowe\/","og_locale":"pl_PL","og_type":"article","og_title":"Prasowane pastylki zio\u0142owe - Herbal candy | T&E Herbalists","og_description":"Niepowlekane, prasowane pastylki z imbirem o smaku mentolowo-go\u017adzikowym. Warto\u015b\u0107 energetyczna 100g wynosi 1030 kJ\/247 kcal.","og_url":"https:\/\/tandeherbalists.com\/pl\/produkt\/herbal-candy-prasowane-pastylki-ziolowe\/","og_site_name":"Herbalists","article_publisher":"https:\/\/www.facebook.com\/t.e.Herbalists\/","article_modified_time":"2023-06-28T07:01:28+00:00","og_image":[{"width":500,"height":500,"url":"https:\/\/tandeherbalists.com\/wp-content\/uploads\/2023\/04\/HC.jpg","type":"image\/jpeg"}],"twitter_card":"summary_large_image","twitter_misc":{"Szacowany czas czytania":"2 minuty"},"schema":{"@context":"https:\/\/schema.org","@graph":[{"@type":"WebPage","@id":"https:\/\/tandeherbalists.com\/pl\/produkt\/herbal-candy-prasowane-pastylki-ziolowe\/","url":"https:\/\/tandeherbalists.com\/pl\/produkt\/herbal-candy-prasowane-pastylki-ziolowe\/","name":"Prasowane pastylki zio\u0142owe - Herbal candy | T&E Herbalists","isPartOf":{"@id":"https:\/\/tandeherbalists.com\/pl\/#website"},"datePublished":"2023-04-06T02:45:43+00:00","dateModified":"2023-06-28T07:01:28+00:00","description":"Niepowlekane, prasowane pastylki z imbirem o smaku mentolowo-go\u017adzikowym. Warto\u015b\u0107 energetyczna 100g wynosi 1030 kJ\/247 kcal.","breadcrumb":{"@id":"https:\/\/tandeherbalists.com\/pl\/produkt\/herbal-candy-prasowane-pastylki-ziolowe\/#breadcrumb"},"inLanguage":"pl-PL","potentialAction":[{"@type":"ReadAction","target":["https:\/\/tandeherbalists.com\/pl\/produkt\/herbal-candy-prasowane-pastylki-ziolowe\/"]}]},{"@type":"BreadcrumbList","@id":"https:\/\/tandeherbalists.com\/pl\/produkt\/herbal-candy-prasowane-pastylki-ziolowe\/#breadcrumb","itemListElement":[{"@type":"ListItem","position":1,"name":"Sklep","item":"https:\/\/tandeherbalists.com\/pl\/sklep\/"},{"@type":"ListItem","position":2,"name":"Herbal candy &#8211; prasowane pastylki zio\u0142owe"}]},{"@type":"WebSite","@id":"https:\/\/tandeherbalists.com\/pl\/#website","url":"https:\/\/tandeherbalists.com\/pl\/","name":"Tandeherbalists","description":"","publisher":{"@id":"https:\/\/tandeherbalists.com\/pl\/#organization"},"potentialAction":[{"@type":"SearchAction","target":{"@type":"EntryPoint","urlTemplate":"https:\/\/tandeherbalists.com\/pl\/?s={search_term_string}"},"query-input":"required name=search_term_string"}],"inLanguage":"pl-PL"},{"@type":"Organization","@id":"https:\/\/tandeherbalists.com\/pl\/#organization","name":"Tandeherbalists","url":"https:\/\/tandeherbalists.com\/pl\/","logo":{"@type":"ImageObject","inLanguage":"pl-PL","@id":"https:\/\/tandeherbalists.com\/pl\/#\/schema\/logo\/image\/","url":"https:\/\/tandeherbalists.com\/wp-content\/uploads\/2023\/01\/logo-herba.svg","contentUrl":"https:\/\/tandeherbalists.com\/wp-content\/uploads\/2023\/01\/logo-herba.svg","width":400,"height":400,"caption":"Tandeherbalists"},"image":{"@id":"https:\/\/tandeherbalists.com\/pl\/#\/schema\/logo\/image\/"},"sameAs":["https:\/\/www.facebook.com\/t.e.Herbalists\/","https:\/\/www.instagram.com\/teherbalists\/"]}]}},"_links":{"self":[{"href":"https:\/\/tandeherbalists.com\/pl\/wp-json\/wp\/v2\/product\/992471","targetHints":{"allow":["GET"]}}],"collection":[{"href":"https:\/\/tandeherbalists.com\/pl\/wp-json\/wp\/v2\/product"}],"about":[{"href":"https:\/\/tandeherbalists.com\/pl\/wp-json\/wp\/v2\/types\/product"}],"replies":[{"embeddable":true,"href":"https:\/\/tandeherbalists.com\/pl\/wp-json\/wp\/v2\/comments?post=992471"}],"version-history":[{"count":6,"href":"https:\/\/tandeherbalists.com\/pl\/wp-json\/wp\/v2\/product\/992471\/revisions"}],"predecessor-version":[{"id":995500,"href":"https:\/\/tandeherbalists.com\/pl\/wp-json\/wp\/v2\/product\/992471\/revisions\/995500"}],"wp:featuredmedia":[{"embeddable":true,"href":"https:\/\/tandeherbalists.com\/pl\/wp-json\/wp\/v2\/media\/993651"}],"wp:attachment":[{"href":"https:\/\/tandeherbalists.com\/pl\/wp-json\/wp\/v2\/media?parent=992471"}],"wp:term":[{"taxonomy":"product_cat","embeddable":true,"href":"https:\/\/tandeherbalists.com\/pl\/wp-json\/wp\/v2\/product_cat?post=992471"},{"taxonomy":"product_tag","embeddable":true,"href":"https:\/\/tandeherbalists.com\/pl\/wp-json\/wp\/v2\/product_tag?post=992471"}],"curies":[{"name":"wp","href":"https:\/\/api.w.org\/{rel}","templated":true}]}}