{"id":992020,"date":"2023-03-21T11:29:44","date_gmt":"2023-03-21T10:29:44","guid":{"rendered":"http:\/\/tandeherbalists.com\/?post_type=product&#038;p=992020"},"modified":"2023-05-29T13:31:45","modified_gmt":"2023-05-29T11:31:45","slug":"labo-brain","status":"publish","type":"product","link":"https:\/\/tandeherbalists.com\/pl\/produkt\/labo-brain\/","title":{"rendered":"LABO-BRAIN"},"content":{"rendered":"<p><strong>LABO-BRAIN<\/strong> Pami\u0119\u0107 doskona\u0142a<\/p>\n<p>Zio\u0142a &#8211; Witaminy &#8211; Minera\u0142y<\/p>\n<p>Preparat jest starannie opracowan\u0105 formu\u0142\u0105 uzupe\u0142niaj\u0105c\u0105 diet\u0119 w sk\u0142adniki potrzebne do zwi\u0119kszenia proces\u00f3w poznawczych m\u00f3zgu. Dzi\u0119ki niemu mo\u017cna zwi\u0119kszy\u0107 aktywno\u015b\u0107 umys\u0142ow\u0105, podnie\u015b\u0107 inteligencj\u0119, poprawi\u0107 zdolno\u015b\u0107 kojarzenia informacji, umiej\u0119tno\u015b\u0107 szybkiego wnioskowania i analitycznego refleksyjnego my\u015blenia. Preparat pomaga r\u00f3wnie\u017c w poprawie postrzegania, zapami\u0119tywaniu i ocenianiu sytuacji, a regularne stosowanie zwi\u0119ksza zdolno\u015b\u0107 do rozwi\u0105zywania problem\u00f3w i u\u0142atwia proces uczenia si\u0119. Formu\u0142a zosta\u0142a skomponowana z synergistycznego po\u0142\u0105czenia 7 zi\u00f3\u0142 (guarana, zielona kawa, zielona herbata, w\u0105krotka, kolcosi\u0142, cytryniec, r\u00f3\u017ceniec), jodu oraz 7 witamin (D, C i z grupy B), co pomaga w prawid\u0142owym funkcjonowaniu uk\u0142adu nerwowego, utrzymaniu prawid\u0142owego metabolizmu energetycznego, zmniejszeniu uczucia zm\u0119czenia i znu\u017cenia oraz utrzymaniu prawid\u0142owych funkcji psychologicznych.<\/p>\n<p>&nbsp;<\/p>\n<p><strong><img loading=\"lazy\" decoding=\"async\" class=\"size-medium wp-image-992023 aligncenter\" style=\"font-weight: 400;\" src=\"http:\/\/tandeherbalists.com\/wp-content\/uploads\/2023\/03\/06-1-225x300.jpg\" alt=\"\" width=\"225\" height=\"300\" \/><\/strong><\/p>\n<p><strong>\u00a0<\/strong><\/p>\n<ul>\n<li><strong>Wyci\u0105g z ziela w\u0105krotki azjatyckiej<\/strong> pomaga w utrzymaniu prawid\u0142owego kr\u0105\u017cenia \u017cylnego, w tym kr\u0105\u017cenia obwodowego, a tak\u017ce uczestniczy w zdrowiu psychicznym i funkcjach poznawczych takich jak kojarzenie i koncentracja, co poprawia samopoczucie psychiczne.<\/li>\n<li><strong>Zielona kawa<\/strong>, <strong>guarana<\/strong> i <strong>zielona herbata<\/strong> s\u0105 bogate w polifenole i ksantyny, kt\u00f3re daj\u0105 uczucie przyp\u0142ywu energii, zapobiegaj\u0105 znu\u017ceniu i pobudzaj\u0105 do efektywnej pracy umys\u0142owej i fizycznej.<\/li>\n<li><strong>\u00a0<\/strong><\/li>\n<li><strong>Wyci\u0105gi z Eleutherococcus<\/strong> (kolcosi\u0142), <strong>cytry\u0144ca<\/strong> oraz <strong>r\u00f3\u017ce\u0144ca<\/strong> zwi\u0119<br \/>\nkszaj\u0105 zdolno\u015bci adaptacyjne organizmu, zmniejszaj\u0105 objawy zm\u0119czenia i wyczerpania psychicznego i fizycznego, pobudzaj\u0105 uk\u0142ad odporno\u015bciowy i wykazuj\u0105 dzia\u0142anie antyoksydacyjne.<\/li>\n<\/ul>\n<p>&nbsp;<\/p>\n<p><strong>Stosowanie:<\/strong><\/p>\n<p>Zaleca si\u0119 spo\u017cywa\u0107 2 kapsu\u0142ki dziennie, najlepiej jednorazowo, rano lub w po\u0142udnie, po posi\u0142ku. Nie nale\u017cy przekracza\u0107 zalecanej dziennej porcji do spo\u017cycia. Suplementy diety nie mog\u0105 by\u0107 stosowane jako substytut zr\u00f3\u017cnicowanej diety. Zr\u00f3\u017cnicowana dieta i zdrowy tryb \u017cycia s\u0105 wa\u017cne dla zachowania dobrego stanu zdrowia.<\/p>\n<p>W okresie ci\u0105\u017cy i karmienia piersi\u0105 oraz w przewlek\u0142ym stosowaniu lek\u00f3w stosowanie produktu nale\u017cy skonsultowa\u0107 z lekarzem.<\/p>\n<p>&nbsp;<\/p>\n<p><strong>Sk\u0142adniki: <\/strong><\/p>\n<ul>\n<li>wyci\u0105g suchy z korzeni i k\u0142\u0105czy Eleutherococcus senticosus Ruprecht &amp; Maximowicz 4:1,<\/li>\n<li>wyci\u0105g suchy z owoc\u00f3w cytry\u0144ca chi\u0144skiego &#8211; Schisandra chinensis Turcz. (Baill.) 4:1,<\/li>\n<li>wyci\u0105g suchy z r\u00f3\u017ce\u0144ca g\u00f3rskiego &#8211; Rhodiola rosea L 4:1,<\/li>\n<li>wyci\u0105g suchy z ziela w\u0105krotki azjatyckiej &#8211; Centella asiatica (L.) Urban 4:1,<\/li>\n<li>wyci\u0105g suchy z li\u015bci zielonej herbaty &#8211; Camellia sinensis (L.) Kuntze 4:1,<\/li>\n<li>wyci\u0105g suchy z nasion guarany &#8211; Paullinia cupana Kunth 4:1,<\/li>\n<li>wyci\u0105g suchy z ziaren zielonej kawy &#8211; Coffea arabica L. 4:1,<\/li>\n<li>kwas L-askorbinowy (witamina C), myo-inozytol,<\/li>\n<li>amid kwasu nikotynowego (witamina PP),<\/li>\n<li>ryboflawina (witamina B2),<\/li>\n<li>chlorowodorek pirydoksyny (witamina B6),<\/li>\n<li>chlorowodorek tiaminy (witamina B1),<\/li>\n<li>cyjanokobalamina (witamina B12),<\/li>\n<li>cholekalcyferol (witamina D),<\/li>\n<li>jodek potasu.<\/li>\n<\/ul>\n<p>Nie ma w nim \u017cadnych alergen\u00f3w (zgodnie z Dyrektyw\u0105 UE 2000\/13 EC, 2006\/142\/EC, 2007\/68 EC): gluten, skorupiaki, jaja, ryby, soja, mleko, orzechy, orzeszki arachidowe, seler, gorczyca, sezam, tlenek siarki, siarczyny, mi\u0119czaki).<\/p>\n<p><strong>Przechowywanie: <\/strong><\/p>\n<p>Nale\u017cy przechowywa\u0107 w suchym i ch\u0142odnym miejscu, chroni\u0105c produkt przed wilgoci\u0105. Produkt nale\u017cy przechowywa\u0107 w miejscu niedost\u0119pnym dla dzieci.<\/p>\n<p>&nbsp;<\/p>\n<p><img loading=\"lazy\" decoding=\"async\" class=\"size-medium wp-image-991984 aligncenter\" src=\"http:\/\/tandeherbalists.com\/wp-content\/uploads\/2023\/03\/all-1-300x150.jpg\" alt=\"\" width=\"300\" height=\"150\" \/><\/p>\n<p>&nbsp;<\/p>\n","protected":false},"excerpt":{"rendered":"<p>LABO-BRAIN Pami\u0119\u0107 doskona\u0142a Zio\u0142a &#8211; Witaminy &#8211; Minera\u0142y Preparat jest starannie opracowan\u0105 formu\u0142\u0105 uzupe\u0142niaj\u0105c\u0105 diet\u0119 w sk\u0142adniki potrzebne do zwi\u0119kszenia proces\u00f3w poznawczych m\u00f3zgu. Dzi\u0119ki niemu mo\u017cna zwi\u0119kszy\u0107 aktywno\u015b\u0107 umys\u0142ow\u0105, podnie\u015b\u0107&#8230;<\/p>\n","protected":false},"featured_media":993656,"comment_status":"closed","ping_status":"closed","template":"","meta":[],"product_cat":[129],"product_tag":[],"class_list":["post-992020","product","type-product","status-publish","has-post-thumbnail","hentry","product_cat-suplementy"],"yoast_head":"<!-- This site is optimized with the Yoast SEO plugin v20.7 - https:\/\/yoast.com\/wordpress\/plugins\/seo\/ -->\n<title>LABO-BRAIN - Herbalists<\/title>\n<meta name=\"description\" content=\"LABO-BRAIN uzupe\u0142nia diet\u0119 w sk\u0142adniki potrzebne do zwi\u0119kszenia proces\u00f3w poznawczych m\u00f3zgu, aktywno\u015bci umys\u0142owej, inteligencji, kojarzenia.\" \/>\n<meta name=\"robots\" content=\"index, follow, max-snippet:-1, max-image-preview:large, max-video-preview:-1\" \/>\n<link rel=\"canonical\" href=\"https:\/\/tandeherbalists.com\/pl\/produkt\/labo-brain\/\" \/>\n<meta property=\"og:locale\" content=\"pl_PL\" \/>\n<meta property=\"og:type\" content=\"article\" \/>\n<meta property=\"og:title\" content=\"LABO-BRAIN - Herbalists\" \/>\n<meta property=\"og:description\" content=\"LABO-BRAIN uzupe\u0142nia diet\u0119 w sk\u0142adniki potrzebne do zwi\u0119kszenia proces\u00f3w poznawczych m\u00f3zgu, aktywno\u015bci umys\u0142owej, inteligencji, kojarzenia.\" \/>\n<meta property=\"og:url\" content=\"https:\/\/tandeherbalists.com\/pl\/produkt\/labo-brain\/\" \/>\n<meta property=\"og:site_name\" content=\"Herbalists\" \/>\n<meta property=\"article:publisher\" content=\"https:\/\/www.facebook.com\/t.e.Herbalists\/\" \/>\n<meta property=\"article:modified_time\" content=\"2023-05-29T11:31:45+00:00\" \/>\n<meta property=\"og:image\" content=\"https:\/\/tandeherbalists.com\/wp-content\/uploads\/2023\/03\/LB.jpg\" \/>\n\t<meta property=\"og:image:width\" content=\"500\" \/>\n\t<meta property=\"og:image:height\" content=\"500\" \/>\n\t<meta property=\"og:image:type\" content=\"image\/jpeg\" \/>\n<meta name=\"twitter:card\" content=\"summary_large_image\" \/>\n<meta name=\"twitter:label1\" content=\"Szacowany czas czytania\" \/>\n\t<meta name=\"twitter:data1\" content=\"3 minuty\" \/>\n<script type=\"application\/ld+json\" class=\"yoast-schema-graph\">{\"@context\":\"https:\/\/schema.org\",\"@graph\":[{\"@type\":\"WebPage\",\"@id\":\"https:\/\/tandeherbalists.com\/pl\/produkt\/labo-brain\/\",\"url\":\"https:\/\/tandeherbalists.com\/pl\/produkt\/labo-brain\/\",\"name\":\"LABO-BRAIN - Herbalists\",\"isPartOf\":{\"@id\":\"https:\/\/tandeherbalists.com\/pl\/#website\"},\"datePublished\":\"2023-03-21T10:29:44+00:00\",\"dateModified\":\"2023-05-29T11:31:45+00:00\",\"description\":\"LABO-BRAIN uzupe\u0142nia diet\u0119 w sk\u0142adniki potrzebne do zwi\u0119kszenia proces\u00f3w poznawczych m\u00f3zgu, aktywno\u015bci umys\u0142owej, inteligencji, kojarzenia.\",\"breadcrumb\":{\"@id\":\"https:\/\/tandeherbalists.com\/pl\/produkt\/labo-brain\/#breadcrumb\"},\"inLanguage\":\"pl-PL\",\"potentialAction\":[{\"@type\":\"ReadAction\",\"target\":[\"https:\/\/tandeherbalists.com\/pl\/produkt\/labo-brain\/\"]}]},{\"@type\":\"BreadcrumbList\",\"@id\":\"https:\/\/tandeherbalists.com\/pl\/produkt\/labo-brain\/#breadcrumb\",\"itemListElement\":[{\"@type\":\"ListItem\",\"position\":1,\"name\":\"Sklep\",\"item\":\"https:\/\/tandeherbalists.com\/pl\/sklep\/\"},{\"@type\":\"ListItem\",\"position\":2,\"name\":\"LABO-BRAIN\"}]},{\"@type\":\"WebSite\",\"@id\":\"https:\/\/tandeherbalists.com\/pl\/#website\",\"url\":\"https:\/\/tandeherbalists.com\/pl\/\",\"name\":\"Tandeherbalists\",\"description\":\"\",\"publisher\":{\"@id\":\"https:\/\/tandeherbalists.com\/pl\/#organization\"},\"potentialAction\":[{\"@type\":\"SearchAction\",\"target\":{\"@type\":\"EntryPoint\",\"urlTemplate\":\"https:\/\/tandeherbalists.com\/pl\/?s={search_term_string}\"},\"query-input\":\"required name=search_term_string\"}],\"inLanguage\":\"pl-PL\"},{\"@type\":\"Organization\",\"@id\":\"https:\/\/tandeherbalists.com\/pl\/#organization\",\"name\":\"Tandeherbalists\",\"url\":\"https:\/\/tandeherbalists.com\/pl\/\",\"logo\":{\"@type\":\"ImageObject\",\"inLanguage\":\"pl-PL\",\"@id\":\"https:\/\/tandeherbalists.com\/pl\/#\/schema\/logo\/image\/\",\"url\":\"https:\/\/tandeherbalists.com\/wp-content\/uploads\/2023\/01\/logo-herba.svg\",\"contentUrl\":\"https:\/\/tandeherbalists.com\/wp-content\/uploads\/2023\/01\/logo-herba.svg\",\"width\":400,\"height\":400,\"caption\":\"Tandeherbalists\"},\"image\":{\"@id\":\"https:\/\/tandeherbalists.com\/pl\/#\/schema\/logo\/image\/\"},\"sameAs\":[\"https:\/\/www.facebook.com\/t.e.Herbalists\/\",\"https:\/\/www.instagram.com\/teherbalists\/\"]}]}<\/script>\n<!-- \/ Yoast SEO plugin. -->","yoast_head_json":{"title":"LABO-BRAIN - Herbalists","description":"LABO-BRAIN uzupe\u0142nia diet\u0119 w sk\u0142adniki potrzebne do zwi\u0119kszenia proces\u00f3w poznawczych m\u00f3zgu, aktywno\u015bci umys\u0142owej, inteligencji, kojarzenia.","robots":{"index":"index","follow":"follow","max-snippet":"max-snippet:-1","max-image-preview":"max-image-preview:large","max-video-preview":"max-video-preview:-1"},"canonical":"https:\/\/tandeherbalists.com\/pl\/produkt\/labo-brain\/","og_locale":"pl_PL","og_type":"article","og_title":"LABO-BRAIN - Herbalists","og_description":"LABO-BRAIN uzupe\u0142nia diet\u0119 w sk\u0142adniki potrzebne do zwi\u0119kszenia proces\u00f3w poznawczych m\u00f3zgu, aktywno\u015bci umys\u0142owej, inteligencji, kojarzenia.","og_url":"https:\/\/tandeherbalists.com\/pl\/produkt\/labo-brain\/","og_site_name":"Herbalists","article_publisher":"https:\/\/www.facebook.com\/t.e.Herbalists\/","article_modified_time":"2023-05-29T11:31:45+00:00","og_image":[{"width":500,"height":500,"url":"https:\/\/tandeherbalists.com\/wp-content\/uploads\/2023\/03\/LB.jpg","type":"image\/jpeg"}],"twitter_card":"summary_large_image","twitter_misc":{"Szacowany czas czytania":"3 minuty"},"schema":{"@context":"https:\/\/schema.org","@graph":[{"@type":"WebPage","@id":"https:\/\/tandeherbalists.com\/pl\/produkt\/labo-brain\/","url":"https:\/\/tandeherbalists.com\/pl\/produkt\/labo-brain\/","name":"LABO-BRAIN - Herbalists","isPartOf":{"@id":"https:\/\/tandeherbalists.com\/pl\/#website"},"datePublished":"2023-03-21T10:29:44+00:00","dateModified":"2023-05-29T11:31:45+00:00","description":"LABO-BRAIN uzupe\u0142nia diet\u0119 w sk\u0142adniki potrzebne do zwi\u0119kszenia proces\u00f3w poznawczych m\u00f3zgu, aktywno\u015bci umys\u0142owej, inteligencji, kojarzenia.","breadcrumb":{"@id":"https:\/\/tandeherbalists.com\/pl\/produkt\/labo-brain\/#breadcrumb"},"inLanguage":"pl-PL","potentialAction":[{"@type":"ReadAction","target":["https:\/\/tandeherbalists.com\/pl\/produkt\/labo-brain\/"]}]},{"@type":"BreadcrumbList","@id":"https:\/\/tandeherbalists.com\/pl\/produkt\/labo-brain\/#breadcrumb","itemListElement":[{"@type":"ListItem","position":1,"name":"Sklep","item":"https:\/\/tandeherbalists.com\/pl\/sklep\/"},{"@type":"ListItem","position":2,"name":"LABO-BRAIN"}]},{"@type":"WebSite","@id":"https:\/\/tandeherbalists.com\/pl\/#website","url":"https:\/\/tandeherbalists.com\/pl\/","name":"Tandeherbalists","description":"","publisher":{"@id":"https:\/\/tandeherbalists.com\/pl\/#organization"},"potentialAction":[{"@type":"SearchAction","target":{"@type":"EntryPoint","urlTemplate":"https:\/\/tandeherbalists.com\/pl\/?s={search_term_string}"},"query-input":"required name=search_term_string"}],"inLanguage":"pl-PL"},{"@type":"Organization","@id":"https:\/\/tandeherbalists.com\/pl\/#organization","name":"Tandeherbalists","url":"https:\/\/tandeherbalists.com\/pl\/","logo":{"@type":"ImageObject","inLanguage":"pl-PL","@id":"https:\/\/tandeherbalists.com\/pl\/#\/schema\/logo\/image\/","url":"https:\/\/tandeherbalists.com\/wp-content\/uploads\/2023\/01\/logo-herba.svg","contentUrl":"https:\/\/tandeherbalists.com\/wp-content\/uploads\/2023\/01\/logo-herba.svg","width":400,"height":400,"caption":"Tandeherbalists"},"image":{"@id":"https:\/\/tandeherbalists.com\/pl\/#\/schema\/logo\/image\/"},"sameAs":["https:\/\/www.facebook.com\/t.e.Herbalists\/","https:\/\/www.instagram.com\/teherbalists\/"]}]}},"_links":{"self":[{"href":"https:\/\/tandeherbalists.com\/pl\/wp-json\/wp\/v2\/product\/992020","targetHints":{"allow":["GET"]}}],"collection":[{"href":"https:\/\/tandeherbalists.com\/pl\/wp-json\/wp\/v2\/product"}],"about":[{"href":"https:\/\/tandeherbalists.com\/pl\/wp-json\/wp\/v2\/types\/product"}],"replies":[{"embeddable":true,"href":"https:\/\/tandeherbalists.com\/pl\/wp-json\/wp\/v2\/comments?post=992020"}],"version-history":[{"count":4,"href":"https:\/\/tandeherbalists.com\/pl\/wp-json\/wp\/v2\/product\/992020\/revisions"}],"predecessor-version":[{"id":994859,"href":"https:\/\/tandeherbalists.com\/pl\/wp-json\/wp\/v2\/product\/992020\/revisions\/994859"}],"wp:featuredmedia":[{"embeddable":true,"href":"https:\/\/tandeherbalists.com\/pl\/wp-json\/wp\/v2\/media\/993656"}],"wp:attachment":[{"href":"https:\/\/tandeherbalists.com\/pl\/wp-json\/wp\/v2\/media?parent=992020"}],"wp:term":[{"taxonomy":"product_cat","embeddable":true,"href":"https:\/\/tandeherbalists.com\/pl\/wp-json\/wp\/v2\/product_cat?post=992020"},{"taxonomy":"product_tag","embeddable":true,"href":"https:\/\/tandeherbalists.com\/pl\/wp-json\/wp\/v2\/product_tag?post=992020"}],"curies":[{"name":"wp","href":"https:\/\/api.w.org\/{rel}","templated":true}]}}