{"id":3,"date":"2021-12-09T15:27:13","date_gmt":"2021-12-09T14:27:13","guid":{"rendered":"https:\/\/fiore.vamtam.com\/?page_id=3"},"modified":"2023-06-21T08:58:52","modified_gmt":"2023-06-21T06:58:52","slug":"polityka-prywatnosci","status":"publish","type":"page","link":"https:\/\/tandeherbalists.com\/pl\/polityka-prywatnosci\/","title":{"rendered":"Polityka prywatno\u015bci"},"content":{"rendered":"\t\t<div data-elementor-type=\"wp-page\" data-elementor-id=\"3\" class=\"elementor elementor-3\">\n\t\t\t\t\t\t\t\t\t<section class=\"elementor-section elementor-top-section elementor-element elementor-element-a213dbc elementor-section-boxed elementor-section-height-default elementor-section-height-default\" data-id=\"a213dbc\" data-element_type=\"section\">\n\t\t\t\t\t\t<div class=\"elementor-container elementor-column-gap-no\">\n\t\t\t\t\t<div class=\"elementor-column elementor-col-100 elementor-top-column elementor-element elementor-element-7d997b6\" data-id=\"7d997b6\" data-element_type=\"column\">\n\t\t\t<div class=\"elementor-widget-wrap elementor-element-populated\">\n\t\t\t\t\t\t\t\t<div class=\"elementor-element elementor-element-80633d8 elementor-invisible elementor-widget elementor-widget-heading\" data-id=\"80633d8\" data-element_type=\"widget\" data-settings=\"{&quot;_animation&quot;:&quot;fadeInUp&quot;,&quot;_animation_tablet&quot;:&quot;none&quot;}\" data-widget_type=\"heading.default\">\n\t\t\t\t<div class=\"elementor-widget-container\">\n\t\t\t<style>\/*! elementor - v3.13.3 - 22-05-2023 *\/\n.elementor-heading-title{padding:0;margin:0;line-height:1}.elementor-widget-heading .elementor-heading-title[class*=elementor-size-]>a{color:inherit;font-size:inherit;line-height:inherit}.elementor-widget-heading .elementor-heading-title.elementor-size-small{font-size:15px}.elementor-widget-heading .elementor-heading-title.elementor-size-medium{font-size:19px}.elementor-widget-heading .elementor-heading-title.elementor-size-large{font-size:29px}.elementor-widget-heading .elementor-heading-title.elementor-size-xl{font-size:39px}.elementor-widget-heading .elementor-heading-title.elementor-size-xxl{font-size:59px}<\/style><h1 class=\"elementor-heading-title elementor-size-default\">Polityka Prywatno\u015bci<\/h1>\t\t<\/div>\n\t\t\t\t<\/div>\n\t\t\t\t\t<\/div>\n\t\t<\/div>\n\t\t\t\t\t\t\t<\/div>\n\t\t<\/section>\n\t\t\t\t<section class=\"elementor-section elementor-top-section elementor-element elementor-element-387c5ed8 elementor-section-boxed elementor-section-height-default elementor-section-height-default\" data-id=\"387c5ed8\" data-element_type=\"section\">\n\t\t\t\t\t\t<div class=\"elementor-container elementor-column-gap-no\">\n\t\t\t\t\t<div class=\"elementor-column elementor-col-100 elementor-top-column elementor-element elementor-element-3b880a5f\" data-id=\"3b880a5f\" data-element_type=\"column\">\n\t\t\t<div class=\"elementor-widget-wrap elementor-element-populated\">\n\t\t\t\t\t\t\t\t<div class=\"elementor-element elementor-element-aa7b4be elementor-widget elementor-widget-text-editor\" data-id=\"aa7b4be\" data-element_type=\"widget\" data-widget_type=\"text-editor.default\">\n\t\t\t\t<div class=\"elementor-widget-container\">\n\t\t\t<style>\/*! elementor - v3.13.3 - 22-05-2023 *\/\n.elementor-widget-text-editor.elementor-drop-cap-view-stacked .elementor-drop-cap{background-color:#69727d;color:#fff}.elementor-widget-text-editor.elementor-drop-cap-view-framed .elementor-drop-cap{color:#69727d;border:3px solid;background-color:transparent}.elementor-widget-text-editor:not(.elementor-drop-cap-view-default) .elementor-drop-cap{margin-top:8px}.elementor-widget-text-editor:not(.elementor-drop-cap-view-default) .elementor-drop-cap-letter{width:1em;height:1em}.elementor-widget-text-editor .elementor-drop-cap{float:left;text-align:center;line-height:1;font-size:50px}.elementor-widget-text-editor .elementor-drop-cap-letter{display:inline-block}<\/style>\t\t\t\t<p><span style=\"font-weight: 400;\">W\u0142a\u015bcicielem strony internetowej\u00a0<\/span><a href=\"http:\/\/tandeherbalists.com\/\"><span style=\"font-weight: 400;\">tandeherbalists.com<\/span><\/a><span style=\"font-weight: 400;\">\u00a0jest firma T&amp;E Herbalists Ltd , kt\u00f3ra jest administratorem Twoich danych osobowych.<\/span><\/p><p><span style=\"font-weight: 400;\">Niniejsza Polityka prywatno\u015bci okre\u015bla, w jaki spos\u00f3b przetwarzamy informacje gromadzone na stronie\u00a0<\/span><a href=\"http:\/\/tandeherbalists.com\/\"><span style=\"font-weight: 400;\">tandeherbalists.com<\/span><\/a><span style=\"font-weight: 400;\">, a tak\u017ce wyja\u015bnia powody, dla kt\u00f3rych musimy gromadzi\u0107 okre\u015blone dane o u\u017cytkowniku. Dlatego przed rozpocz\u0119ciem korzystania ze strony\u00a0<\/span><a href=\"http:\/\/tandeherbalists.com\/\"><span style=\"font-weight: 400;\">tandeherbalists.com<\/span><\/a><span style=\"font-weight: 400;\">\u00a0zapoznaj si\u0119 z niniejsz\u0105 Polityk\u0105 Prywatno\u015bci.<\/span><\/p><p><span style=\"font-weight: 400;\">Dbamy o Twoje dane osobowe i zobowi\u0105zujemy si\u0119 do zapewnienia ich poufno\u015bci i ochrony.<\/span><\/p>\t\t\t\t\t\t<\/div>\n\t\t\t\t<\/div>\n\t\t\t\t<div class=\"elementor-element elementor-element-35fc75e elementor-widget elementor-widget-heading\" data-id=\"35fc75e\" data-element_type=\"widget\" data-widget_type=\"heading.default\">\n\t\t\t\t<div class=\"elementor-widget-container\">\n\t\t\t<h2 class=\"elementor-heading-title elementor-size-default\">Gromadzone przez nas dane osobowe:<\/h2>\t\t<\/div>\n\t\t\t\t<\/div>\n\t\t\t\t<div class=\"elementor-element elementor-element-3f3c920 elementor-widget elementor-widget-text-editor\" data-id=\"3f3c920\" data-element_type=\"widget\" data-widget_type=\"text-editor.default\">\n\t\t\t\t<div class=\"elementor-widget-container\">\n\t\t\t\t\t\t\t<p><span style=\"font-weight: 400;\">Kiedy wchodzisz na stron\u0119\u00a0<\/span><a href=\"http:\/\/tandeherbalists.com\/\"><span style=\"font-weight: 400;\">tandeherbalists.com<\/span><\/a><span style=\"font-weight: 400;\">, automatycznie zbieramy pewne informacje o Twoim urz\u0105dzeniu, w tym informacje o Twojej przegl\u0105darce internetowej, adresie IP, strefie czasowej oraz niekt\u00f3rych plikach cookie zainstalowanych na Twoim urz\u0105dzeniu. Ponadto podczas przegl\u0105dania strony zbieramy informacje o poszczeg\u00f3lnych stronach internetowych lub produktach, kt\u00f3re przegl\u0105dasz, jakie strony lub frazy wprowadzone w wyszukiwarce skierowa\u0142y Ci\u0119 na nasz\u0105 Stron\u0119 oraz o tym, w jaki spos\u00f3b z niej korzystasz. Te informacje zbierane automatycznie okre\u015blamy mianem &#8220;Informacji o urz\u0105dzeniu&#8221;. Ponadto, mo\u017cemy gromadzi\u0107 dane osobowe, kt\u00f3re nam przeka\u017cesz (w tym, mi\u0119dzy innymi, imi\u0119, nazwisko, adres, informacje o p\u0142atno\u015bciach itp.) na etapie rejestracji, aby umo\u017cliwi\u0107 realizacj\u0119 umowy.<\/span><\/p>\t\t\t\t\t\t<\/div>\n\t\t\t\t<\/div>\n\t\t\t\t<div class=\"elementor-element elementor-element-50b41b0 elementor-widget elementor-widget-heading\" data-id=\"50b41b0\" data-element_type=\"widget\" data-widget_type=\"heading.default\">\n\t\t\t\t<div class=\"elementor-widget-container\">\n\t\t\t<h2 class=\"elementor-heading-title elementor-size-default\">Dlaczego przetwarzamy Twoje dane?<\/h2>\t\t<\/div>\n\t\t\t\t<\/div>\n\t\t\t\t<div class=\"elementor-element elementor-element-b70d4af elementor-widget elementor-widget-text-editor\" data-id=\"b70d4af\" data-element_type=\"widget\" data-widget_type=\"text-editor.default\">\n\t\t\t\t<div class=\"elementor-widget-container\">\n\t\t\t\t\t\t\t<p><span style=\"font-weight: 400;\">Naszym nadrz\u0119dnym priorytetem jest zapewnienie bezpiecze\u0144stwa danych klient\u00f3w \/ u\u017cytkownik\u00f3w, dlatego te\u017c mo\u017cemy przetwarza\u0107 jedynie ograniczone dane, tylko w takim zakresie, w jakim jest to absolutnie konieczne do utrzymania funkcjonowania Strony. Informacje zbierane automatycznie s\u0105 wykorzystywane wy\u0142\u0105cznie do identyfikacji potencjalnych przypadk\u00f3w nadu\u017cy\u0107 oraz do sporz\u0105dzania danych statystycznych dotycz\u0105cych korzystania z naszej Strony internetowej. Wspomniane dane statystyczne nie s\u0105 gromadzone w spos\u00f3b umo\u017cliwiaj\u0105cy identyfikacj\u0119 konkretnego u\u017cytkownika systemu.<\/span><\/p><p><span style=\"font-weight: 400;\">Mo\u017cesz odwiedzi\u0107 nasz\u0105 Stron\u0119 internetow\u0105 bez konieczno\u015bci ujawniania nam swojej to\u017csamo\u015bci lub przekazywania jakichkolwiek informacji, na podstawie kt\u00f3rych kto\u015b m\u00f3g\u0142by rozpozna\u0107 Ci\u0119 jako konkretn\u0105, mo\u017cliw\u0105 do zidentyfikowania osob\u0119. Je\u015bli jednak zechcesz skorzysta\u0107 z niekt\u00f3rych funkcji Strony, lub chcesz otrzymywa\u0107 nasz newsletter, lub poda\u0107 inne informacje poprzez wype\u0142nienie formularza, mo\u017cesz przekaza\u0107 nam swoje dane osobowe, takie jak adres e-mail, imi\u0119, nazwisko, miasto w kt\u00f3rym mieszkasz, firma, organizacja, numer telefonu. Mo\u017cesz zrezygnowa\u0107 z podawania nam swoich danych osobowych, jednak w\u00f3wczas mo\u017cesz nie by\u0107 w stanie korzysta\u0107 z niekt\u00f3rych funkcji Strony. Na przyk\u0142ad, nie b\u0119dziemy w stanie wysy\u0142a\u0107 Ci naszego Newslettera lub nawi\u0105za\u0107 z Tob\u0105 kontaktu bezpo\u015brednio na Stronie. U\u017cytkownicy, kt\u00f3rzy nie s\u0105 pewni, kt\u00f3re informacje s\u0105 obowi\u0105zkowe, mog\u0105 skontaktowa\u0107 si\u0119 z nami pisz\u0105c na adres\u00a0<\/span><strong><a href=\"mailto:tandeherbalists.office@gmail.com\">tandeherbalists.office@gmail.com<\/a><\/strong><span style=\"font-weight: 400;\">.<\/span><\/p>\t\t\t\t\t\t<\/div>\n\t\t\t\t<\/div>\n\t\t\t\t<div class=\"elementor-element elementor-element-52fcf7a elementor-widget elementor-widget-heading\" data-id=\"52fcf7a\" data-element_type=\"widget\" data-widget_type=\"heading.default\">\n\t\t\t\t<div class=\"elementor-widget-container\">\n\t\t\t<h2 class=\"elementor-heading-title elementor-size-default\">Twoje prawa:\n<\/h2>\t\t<\/div>\n\t\t\t\t<\/div>\n\t\t\t\t<div class=\"elementor-element elementor-element-718534d elementor-widget elementor-widget-text-editor\" data-id=\"718534d\" data-element_type=\"widget\" data-widget_type=\"text-editor.default\">\n\t\t\t\t<div class=\"elementor-widget-container\">\n\t\t\t\t\t\t\t<p><span style=\"font-weight: 400;\">Je\u015bli jeste\u015b obywatelem Unii Europejskiej, przys\u0142uguj\u0105 Ci nast\u0119puj\u0105ce prawa zwi\u0105zane z Twoimi danymi osobowymi:<\/span><\/p><ul><li style=\"font-weight: 400;\" aria-level=\"1\"><span style=\"font-weight: 400;\">Prawo do uzyskania informacji.<\/span><\/li><li style=\"font-weight: 400;\" aria-level=\"1\"><span style=\"font-weight: 400;\">Prawo dost\u0119pu do informacji.<\/span><\/li><li style=\"font-weight: 400;\" aria-level=\"1\"><span style=\"font-weight: 400;\">Prawo do korekty danych.<\/span><\/li><li style=\"font-weight: 400;\" aria-level=\"1\"><span style=\"font-weight: 400;\">Prawo do usuni\u0119cia danych.<\/span><\/li><li style=\"font-weight: 400;\" aria-level=\"1\"><span style=\"font-weight: 400;\">Prawo do ograniczenia przetwarzania danych.<\/span><\/li><li style=\"font-weight: 400;\" aria-level=\"1\"><span style=\"font-weight: 400;\">Prawo do zastrze\u017cenia sposobu przetwarzania danych.<\/span><\/li><li style=\"font-weight: 400;\" aria-level=\"1\"><span style=\"font-weight: 400;\">Prawo sprzeciwu.<\/span><\/li><li style=\"font-weight: 400;\" aria-level=\"1\"><span style=\"font-weight: 400;\">Prawa odnosz\u0105ce si\u0119 do automatyzacji podejmowania decyzji i profilowania.<\/span><\/li><\/ul><p><span style=\"font-weight: 400;\">Je\u015bli chcesz skorzysta\u0107 z tego prawa, skontaktuj si\u0119 z nami za po\u015brednictwem poni\u017cszych danych kontaktowych.<\/span><\/p><p><span style=\"font-weight: 400;\">Ponadto, je\u015bli jeste\u015b obywatelem Unii Europejskiej, zaznaczamy, \u017ce dane u\u017cytkownika mog\u0105 by\u0107 przetwarzane w celu realizacji ewentualnych um\u00f3w z nim zawartych (np. w przypadku z\u0142o\u017cenia zam\u00f3wienia za po\u015brednictwem Strony) lub w celu realizacji naszych uzasadnionych dzia\u0142a\u0144 biznesowych wymienionych powy\u017cej. Ponadto nale\u017cy mie\u0107 na uwadze, \u017ce informacje o u\u017cytkowniku mog\u0105 by\u0107 przekazywane poza granice Unii Europejskiej, w tym do Kanady i Stan\u00f3w Zjednoczonych.<\/span><\/p>\t\t\t\t\t\t<\/div>\n\t\t\t\t<\/div>\n\t\t\t\t<div class=\"elementor-element elementor-element-c41e402 elementor-widget elementor-widget-heading\" data-id=\"c41e402\" data-element_type=\"widget\" data-widget_type=\"heading.default\">\n\t\t\t\t<div class=\"elementor-widget-container\">\n\t\t\t<h2 class=\"elementor-heading-title elementor-size-default\">Linki do innych stron\n<\/h2>\t\t<\/div>\n\t\t\t\t<\/div>\n\t\t\t\t<div class=\"elementor-element elementor-element-7a034dc elementor-widget elementor-widget-text-editor\" data-id=\"7a034dc\" data-element_type=\"widget\" data-widget_type=\"text-editor.default\">\n\t\t\t\t<div class=\"elementor-widget-container\">\n\t\t\t\t\t\t\t<p><span style=\"font-weight: 400;\">Na naszej Stronie internetowej mog\u0105 znajdowa\u0107 si\u0119 linki do innych witryn, kt\u00f3re nie stanowi\u0105 naszej w\u0142asno\u015bci ani nie s\u0105 przez nas nadzorowane. Informujemy, \u017ce nie ponosimy odpowiedzialno\u015bci za inne strony internetowe ani za ich praktyki zwi\u0105zane z ochron\u0105 prywatno\u015bci. Z tego powodu zach\u0119camy do \u015bwiadomego opuszczenia naszej strony i zapoznania si\u0119 z polityk\u0105 prywatno\u015bci ka\u017cdej strony internetowej, kt\u00f3ra mo\u017ce gromadzi\u0107 dane osobowe.<\/span><\/p>\t\t\t\t\t\t<\/div>\n\t\t\t\t<\/div>\n\t\t\t\t<div class=\"elementor-element elementor-element-05233a7 elementor-widget elementor-widget-heading\" data-id=\"05233a7\" data-element_type=\"widget\" data-widget_type=\"heading.default\">\n\t\t\t\t<div class=\"elementor-widget-container\">\n\t\t\t<h2 class=\"elementor-heading-title elementor-size-default\">Ochrona danych:<\/h2>\t\t<\/div>\n\t\t\t\t<\/div>\n\t\t\t\t<div class=\"elementor-element elementor-element-a257866 elementor-widget elementor-widget-text-editor\" data-id=\"a257866\" data-element_type=\"widget\" data-widget_type=\"text-editor.default\">\n\t\t\t\t<div class=\"elementor-widget-container\">\n\t\t\t\t\t\t\t<p><span style=\"font-weight: 400;\">Zapewniamy bezpiecze\u0144stwo informacji udost\u0119pnianych przez u\u017cytkownika na serwerach komputerowych w \u015brodowisku kontrolowanym, bezpiecznym, zabezpieczonym przed nieuprawnionym dost\u0119pem, wykorzystaniem lub ujawnieniem. W ramach kontroli i nadzoru stosujemy odpowiednie zabezpieczenia administracyjne, techniczne i fizyczne w celu ochrony przed nieuprawnionym dost\u0119pem, wykorzystaniem, modyfikacj\u0105 i ujawnieniem danych osobowych. Nie mo\u017cemy jednak zagwarantowa\u0107 bezpiecze\u0144stwa transmisji danych przez sie\u0107 internetow\u0105 lub bezprzewodow\u0105.<\/span><\/p>\t\t\t\t\t\t<\/div>\n\t\t\t\t<\/div>\n\t\t\t\t<div class=\"elementor-element elementor-element-417f26f elementor-widget elementor-widget-heading\" data-id=\"417f26f\" data-element_type=\"widget\" data-widget_type=\"heading.default\">\n\t\t\t\t<div class=\"elementor-widget-container\">\n\t\t\t<h2 class=\"elementor-heading-title elementor-size-default\">Ujawnienie informacji wynikaj\u0105cych z przepis\u00f3w prawa:<\/h2>\t\t<\/div>\n\t\t\t\t<\/div>\n\t\t\t\t<div class=\"elementor-element elementor-element-dd6170a elementor-widget elementor-widget-text-editor\" data-id=\"dd6170a\" data-element_type=\"widget\" data-widget_type=\"text-editor.default\">\n\t\t\t\t<div class=\"elementor-widget-container\">\n\t\t\t\t\t\t\t<p><span style=\"font-weight: 400;\">Wszelkie informacje, kt\u00f3re gromadzimy, wykorzystujemy lub otrzymujemy, zostan\u0105 ujawnione, je\u015bli jest to wymagane lub zgodne z prawem, np. w celu wywi\u0105zania si\u0119 z wezwania do s\u0105du lub podobnego post\u0119powania prawnego oraz w\u00f3wczas, gdy w dobrej wierze uznamy, \u017ce ujawnienie jest koniecznie w celu ochrony naszych praw, Twojego bezpiecze\u0144stwa lub bezpiecze\u0144stwa innych os\u00f3b, wykrycia oszustwa lub w odpowiedzi na wezwanie organ\u00f3w rz\u0105dowych.<\/span><\/p>\t\t\t\t\t\t<\/div>\n\t\t\t\t<\/div>\n\t\t\t\t<div class=\"elementor-element elementor-element-b30080b elementor-widget elementor-widget-heading\" data-id=\"b30080b\" data-element_type=\"widget\" data-widget_type=\"heading.default\">\n\t\t\t\t<div class=\"elementor-widget-container\">\n\t\t\t<h2 class=\"elementor-heading-title elementor-size-default\">Informacje kontaktowe:\n<\/h2>\t\t<\/div>\n\t\t\t\t<\/div>\n\t\t\t\t<div class=\"elementor-element elementor-element-7bf9933 elementor-widget elementor-widget-text-editor\" data-id=\"7bf9933\" data-element_type=\"widget\" data-widget_type=\"text-editor.default\">\n\t\t\t\t<div class=\"elementor-widget-container\">\n\t\t\t\t\t\t\t<p><span style=\"font-weight: 400;\">Je\u017celi chcesz si\u0119 z nami skontaktowa\u0107, aby uzyska\u0107 wi\u0119cej informacji na temat niniejszej Polityki Prywatno\u015bci lub w jakiejkolwiek sprawie maj\u0105cej zwi\u0105zek z Twoimi prawami i danymi osobowymi, mo\u017cesz wys\u0142a\u0107 wiadomo\u015b\u0107 e-mail na adres&nbsp;<\/span><strong><a href=\"mailto:tandeherbalists.office@gmail.com\">tandeherbalists.office@gmail.com<\/a><\/strong><span style=\"font-weight: 400;\">.<\/span><\/p>\t\t\t\t\t\t<\/div>\n\t\t\t\t<\/div>\n\t\t\t\t<div class=\"elementor-element elementor-element-77b463d5 elementor-widget elementor-widget-text-editor\" data-id=\"77b463d5\" data-element_type=\"widget\" data-widget_type=\"text-editor.default\">\n\t\t\t\t<div class=\"elementor-widget-container\">\n\t\t\t\t\t\t\t<h2>\u00a0<\/h2>\t\t\t\t\t\t<\/div>\n\t\t\t\t<\/div>\n\t\t\t\t\t<\/div>\n\t\t<\/div>\n\t\t\t\t\t\t\t<\/div>\n\t\t<\/section>\n\t\t\t\t\t\t\t<\/div>\n\t\t","protected":false},"excerpt":{"rendered":"<p>Polityka Prywatno\u015bci W\u0142a\u015bcicielem strony internetowej&nbsp;tandeherbalists.com&nbsp;jest firma T&amp;E Herbalists Ltd , kt\u00f3ra jest administratorem Twoich danych osobowych. Niniejsza Polityka prywatno\u015bci okre\u015bla, w jaki spos\u00f3b przetwarzamy informacje gromadzone na stronie&nbsp;tandeherbalists.com, a tak\u017ce&#8230;<\/p>\n","protected":false},"author":1,"featured_media":0,"parent":0,"menu_order":0,"comment_status":"closed","ping_status":"closed","template":"","meta":{"footnotes":""},"class_list":["post-3","page","type-page","status-publish","hentry"],"yoast_head":"<!-- This site is optimized with the Yoast SEO plugin v20.7 - https:\/\/yoast.com\/wordpress\/plugins\/seo\/ -->\n<title>Polityka prywatno\u015bci | tandeherbalists.com<\/title>\n<meta name=\"description\" content=\"Polityka prywatno\u015bci T&amp;E Herbalists\" \/>\n<meta name=\"robots\" content=\"index, follow, max-snippet:-1, max-image-preview:large, max-video-preview:-1\" \/>\n<link rel=\"canonical\" href=\"https:\/\/tandeherbalists.com\/pl\/polityka-prywatnosci\/\" \/>\n<meta property=\"og:locale\" content=\"pl_PL\" \/>\n<meta property=\"og:type\" content=\"article\" \/>\n<meta property=\"og:title\" content=\"Polityka prywatno\u015bci | tandeherbalists.com\" \/>\n<meta property=\"og:description\" content=\"Polityka prywatno\u015bci T&amp;E Herbalists\" \/>\n<meta property=\"og:url\" content=\"https:\/\/tandeherbalists.com\/pl\/polityka-prywatnosci\/\" \/>\n<meta property=\"og:site_name\" content=\"Herbalists\" \/>\n<meta property=\"article:publisher\" content=\"https:\/\/www.facebook.com\/t.e.Herbalists\/\" \/>\n<meta property=\"article:modified_time\" content=\"2023-06-21T06:58:52+00:00\" \/>\n<meta name=\"twitter:card\" content=\"summary_large_image\" \/>\n<meta name=\"twitter:label1\" content=\"Szacowany czas czytania\" \/>\n\t<meta name=\"twitter:data1\" content=\"5 minut\" \/>\n<script type=\"application\/ld+json\" class=\"yoast-schema-graph\">{\"@context\":\"https:\/\/schema.org\",\"@graph\":[{\"@type\":\"WebPage\",\"@id\":\"https:\/\/tandeherbalists.com\/pl\/polityka-prywatnosci\/\",\"url\":\"https:\/\/tandeherbalists.com\/pl\/polityka-prywatnosci\/\",\"name\":\"Polityka prywatno\u015bci | tandeherbalists.com\",\"isPartOf\":{\"@id\":\"https:\/\/tandeherbalists.com\/pl\/#website\"},\"datePublished\":\"2021-12-09T14:27:13+00:00\",\"dateModified\":\"2023-06-21T06:58:52+00:00\",\"description\":\"Polityka prywatno\u015bci T&E Herbalists\",\"inLanguage\":\"pl-PL\",\"potentialAction\":[{\"@type\":\"ReadAction\",\"target\":[\"https:\/\/tandeherbalists.com\/pl\/polityka-prywatnosci\/\"]}]},{\"@type\":\"WebSite\",\"@id\":\"https:\/\/tandeherbalists.com\/pl\/#website\",\"url\":\"https:\/\/tandeherbalists.com\/pl\/\",\"name\":\"Tandeherbalists\",\"description\":\"\",\"publisher\":{\"@id\":\"https:\/\/tandeherbalists.com\/pl\/#organization\"},\"potentialAction\":[{\"@type\":\"SearchAction\",\"target\":{\"@type\":\"EntryPoint\",\"urlTemplate\":\"https:\/\/tandeherbalists.com\/pl\/?s={search_term_string}\"},\"query-input\":\"required name=search_term_string\"}],\"inLanguage\":\"pl-PL\"},{\"@type\":\"Organization\",\"@id\":\"https:\/\/tandeherbalists.com\/pl\/#organization\",\"name\":\"Tandeherbalists\",\"url\":\"https:\/\/tandeherbalists.com\/pl\/\",\"logo\":{\"@type\":\"ImageObject\",\"inLanguage\":\"pl-PL\",\"@id\":\"https:\/\/tandeherbalists.com\/pl\/#\/schema\/logo\/image\/\",\"url\":\"https:\/\/tandeherbalists.com\/wp-content\/uploads\/2023\/01\/logo-herba.svg\",\"contentUrl\":\"https:\/\/tandeherbalists.com\/wp-content\/uploads\/2023\/01\/logo-herba.svg\",\"width\":400,\"height\":400,\"caption\":\"Tandeherbalists\"},\"image\":{\"@id\":\"https:\/\/tandeherbalists.com\/pl\/#\/schema\/logo\/image\/\"},\"sameAs\":[\"https:\/\/www.facebook.com\/t.e.Herbalists\/\",\"https:\/\/www.instagram.com\/teherbalists\/\"]}]}<\/script>\n<!-- \/ Yoast SEO plugin. -->","yoast_head_json":{"title":"Polityka prywatno\u015bci | tandeherbalists.com","description":"Polityka prywatno\u015bci T&E Herbalists","robots":{"index":"index","follow":"follow","max-snippet":"max-snippet:-1","max-image-preview":"max-image-preview:large","max-video-preview":"max-video-preview:-1"},"canonical":"https:\/\/tandeherbalists.com\/pl\/polityka-prywatnosci\/","og_locale":"pl_PL","og_type":"article","og_title":"Polityka prywatno\u015bci | tandeherbalists.com","og_description":"Polityka prywatno\u015bci T&E Herbalists","og_url":"https:\/\/tandeherbalists.com\/pl\/polityka-prywatnosci\/","og_site_name":"Herbalists","article_publisher":"https:\/\/www.facebook.com\/t.e.Herbalists\/","article_modified_time":"2023-06-21T06:58:52+00:00","twitter_card":"summary_large_image","twitter_misc":{"Szacowany czas czytania":"5 minut"},"schema":{"@context":"https:\/\/schema.org","@graph":[{"@type":"WebPage","@id":"https:\/\/tandeherbalists.com\/pl\/polityka-prywatnosci\/","url":"https:\/\/tandeherbalists.com\/pl\/polityka-prywatnosci\/","name":"Polityka prywatno\u015bci | tandeherbalists.com","isPartOf":{"@id":"https:\/\/tandeherbalists.com\/pl\/#website"},"datePublished":"2021-12-09T14:27:13+00:00","dateModified":"2023-06-21T06:58:52+00:00","description":"Polityka prywatno\u015bci T&E Herbalists","inLanguage":"pl-PL","potentialAction":[{"@type":"ReadAction","target":["https:\/\/tandeherbalists.com\/pl\/polityka-prywatnosci\/"]}]},{"@type":"WebSite","@id":"https:\/\/tandeherbalists.com\/pl\/#website","url":"https:\/\/tandeherbalists.com\/pl\/","name":"Tandeherbalists","description":"","publisher":{"@id":"https:\/\/tandeherbalists.com\/pl\/#organization"},"potentialAction":[{"@type":"SearchAction","target":{"@type":"EntryPoint","urlTemplate":"https:\/\/tandeherbalists.com\/pl\/?s={search_term_string}"},"query-input":"required name=search_term_string"}],"inLanguage":"pl-PL"},{"@type":"Organization","@id":"https:\/\/tandeherbalists.com\/pl\/#organization","name":"Tandeherbalists","url":"https:\/\/tandeherbalists.com\/pl\/","logo":{"@type":"ImageObject","inLanguage":"pl-PL","@id":"https:\/\/tandeherbalists.com\/pl\/#\/schema\/logo\/image\/","url":"https:\/\/tandeherbalists.com\/wp-content\/uploads\/2023\/01\/logo-herba.svg","contentUrl":"https:\/\/tandeherbalists.com\/wp-content\/uploads\/2023\/01\/logo-herba.svg","width":400,"height":400,"caption":"Tandeherbalists"},"image":{"@id":"https:\/\/tandeherbalists.com\/pl\/#\/schema\/logo\/image\/"},"sameAs":["https:\/\/www.facebook.com\/t.e.Herbalists\/","https:\/\/www.instagram.com\/teherbalists\/"]}]}},"_links":{"self":[{"href":"https:\/\/tandeherbalists.com\/pl\/wp-json\/wp\/v2\/pages\/3","targetHints":{"allow":["GET"]}}],"collection":[{"href":"https:\/\/tandeherbalists.com\/pl\/wp-json\/wp\/v2\/pages"}],"about":[{"href":"https:\/\/tandeherbalists.com\/pl\/wp-json\/wp\/v2\/types\/page"}],"author":[{"embeddable":true,"href":"https:\/\/tandeherbalists.com\/pl\/wp-json\/wp\/v2\/users\/1"}],"replies":[{"embeddable":true,"href":"https:\/\/tandeherbalists.com\/pl\/wp-json\/wp\/v2\/comments?post=3"}],"version-history":[{"count":9,"href":"https:\/\/tandeherbalists.com\/pl\/wp-json\/wp\/v2\/pages\/3\/revisions"}],"predecessor-version":[{"id":995019,"href":"https:\/\/tandeherbalists.com\/pl\/wp-json\/wp\/v2\/pages\/3\/revisions\/995019"}],"wp:attachment":[{"href":"https:\/\/tandeherbalists.com\/pl\/wp-json\/wp\/v2\/media?parent=3"}],"curies":[{"name":"wp","href":"https:\/\/api.w.org\/{rel}","templated":true}]}}